{"id":10969,"date":"2024-04-25T06:00:37","date_gmt":"2024-04-25T10:00:37","guid":{"rendered":"https:\/\/www.jessar.ca\/?post_type=product&#038;p=10969"},"modified":"2025-04-16T10:53:24","modified_gmt":"2025-04-16T14:53:24","slug":"600ml-double-wall-vacuum-travel-mug-grey-7-99157","status":"publish","type":"product","link":"https:\/\/www.jessar.ca\/fr\/produit\/600ml-double-wall-vacuum-travel-mug-grey-7-99157\/","title":{"rendered":"600ML TASSE DE VOYAGE ISOTHERME \u00c0 DOUBLE PAROI - GRIS <br><br> #7-99157"},"content":{"rendered":"","protected":false},"excerpt":{"rendered":"<p>Code de produit: 7-99157<\/p>\n<p>\u2022 Avec une g\u00e9n\u00e9reuse capacit\u00e9 de 600 ml, cette chope de voyage offre amplement d'espace pour vos boissons pr\u00e9f\u00e9r\u00e9es, les maintenant chaudes ou froides plus longtemps.<br \/>\n\u2022 Faite d'acier inoxydable, cette chope est \u00e0 la fois durable et esth\u00e9tiquement attrayante avec son rev\u00eatement de couleur<br \/>\n\u2022 Dot\u00e9e d'une grande poign\u00e9e (PP), d'un couvercle \u00e0 visser (PP), et d'une paille (PP), cette chope de voyage offre simplicit\u00e9 d'utilisation et praticit\u00e9 pour les gens en d\u00e9placement.<\/p>\n<table width=\"580\">\n<tbody>\n<tr>\n<td class=\"xl67\" height=\"20\">Carton int\u00e9rieur<\/td>\n<td class=\"xl78\">6<\/td>\n<\/tr>\n<tr>\n<td class=\"xl67\" height=\"20\">Carton ma\u00eetre<\/td>\n<td class=\"xl78\">24<\/td>\n<\/tr>\n<tr>\n<td class=\"xl67\" height=\"20\">Dimensions<\/td>\n<td class=\"xl78\">\u00d8: 8.8 to 6.5 cm x H: 19.8 cm<\/td>\n<\/tr>\n<tr>\n<td class=\"xl67\" height=\"20\">CUP<\/td>\n<td class=\"xl78\">621139991573<\/td>\n<\/tr>\n<\/tbody>\n<\/table>\n<p> &hellip; <a href=\"https:\/\/www.jessar.ca\/fr\/produit\/600ml-double-wall-vacuum-travel-mug-grey-7-99157\/\" class=\"more-link\"><span class=\"more-button\">Buy Now<span class=\"screen-reader-text\">600ML TASSE DE VOYAGE ISOTHERME \u00c0 DOUBLE PAROI - GRIS <\/p>\n<p> #7-99157<\/span><\/span><\/a><\/p>","protected":false},"featured_media":12518,"template":"","meta":[],"_links":{"self":[{"href":"https:\/\/www.jessar.ca\/fr\/wp-json\/wp\/v2\/product\/10969"}],"collection":[{"href":"https:\/\/www.jessar.ca\/fr\/wp-json\/wp\/v2\/product"}],"about":[{"href":"https:\/\/www.jessar.ca\/fr\/wp-json\/wp\/v2\/types\/product"}],"wp:featuredmedia":[{"embeddable":true,"href":"https:\/\/www.jessar.ca\/fr\/wp-json\/wp\/v2\/media\/12518"}],"wp:attachment":[{"href":"https:\/\/www.jessar.ca\/fr\/wp-json\/wp\/v2\/media?parent=10969"}],"curies":[{"name":"wp","href":"https:\/\/api.w.org\/{rel}","templated":true}]}}