{"id":11024,"date":"2023-07-25T14:00:40","date_gmt":"2023-07-25T18:00:40","guid":{"rendered":"https:\/\/www.jessar.ca\/?post_type=product&#038;p=11024"},"modified":"2024-10-23T16:58:11","modified_gmt":"2024-10-23T20:58:11","slug":"acacia-wood-serving-cutting-board-7-99142","status":"publish","type":"product","link":"https:\/\/www.jessar.ca\/fr\/produit\/acacia-wood-serving-cutting-board-7-99142\/","title":{"rendered":"PLANCHE \u00c0 SERVICE ET D\u00c9COUPER EN ACACIA <br><br> #7-99142"},"content":{"rendered":"","protected":false},"excerpt":{"rendered":"<p>Product code: 7-99142<\/p>\n<p>\u2022 Planche \u00e0 d\u00e9couper et \u00e0 servir avec rainure et couteau \u00e0 fromage<br \/>\n\u2022 Id\u00e9al pour servir et couper le fromage, les craquelins, les viandes, les fruits, les l\u00e9gumes et le pain.<\/p>\n<table width=\"580\">\n<tbody>\n<tr>\n<td class=\"xl67\" height=\"20\">Carton int\u00e9rieur<\/td>\n<td class=\"xl78\">0<\/td>\n<\/tr>\n<tr>\n<td class=\"xl67\" height=\"20\">Carton ma\u00eetre<\/td>\n<td class=\"xl78\">12<\/td>\n<\/tr>\n<tr>\n<td class=\"xl67\" height=\"20\">Dimensions<\/td>\n<td class=\"xl78\">45 x 18.5 x 1.4 cm<\/td>\n<\/tr>\n<tr>\n<td class=\"xl67\" height=\"20\">CUP<\/td>\n<td class=\"xl78\">621139990590<\/td>\n<\/tr>\n<\/tbody>\n<\/table>\n<p> &hellip; <a href=\"https:\/\/www.jessar.ca\/fr\/produit\/acacia-wood-serving-cutting-board-7-99142\/\" class=\"more-link\"><span class=\"more-button\">Buy Now<span class=\"screen-reader-text\">PLANCHE \u00c0 SERVICE ET D\u00c9COUPER EN ACACIA <\/p>\n<p> #7-99142<\/span><\/span><\/a><\/p>","protected":false},"featured_media":12233,"template":"","meta":[],"_links":{"self":[{"href":"https:\/\/www.jessar.ca\/fr\/wp-json\/wp\/v2\/product\/11024"}],"collection":[{"href":"https:\/\/www.jessar.ca\/fr\/wp-json\/wp\/v2\/product"}],"about":[{"href":"https:\/\/www.jessar.ca\/fr\/wp-json\/wp\/v2\/types\/product"}],"wp:featuredmedia":[{"embeddable":true,"href":"https:\/\/www.jessar.ca\/fr\/wp-json\/wp\/v2\/media\/12233"}],"wp:attachment":[{"href":"https:\/\/www.jessar.ca\/fr\/wp-json\/wp\/v2\/media?parent=11024"}],"curies":[{"name":"wp","href":"https:\/\/api.w.org\/{rel}","templated":true}]}}