{"id":11265,"date":"2024-01-16T06:20:43","date_gmt":"2024-01-16T11:20:43","guid":{"rendered":"https:\/\/www.jessar.ca\/?post_type=product&#038;p=11265"},"modified":"2025-08-14T11:54:27","modified_gmt":"2025-08-14T15:54:27","slug":"glass-kettle-7-99274","status":"publish","type":"product","link":"https:\/\/www.jessar.ca\/fr\/produit\/glass-kettle-7-99274\/","title":{"rendered":"BOUILLOIRE \u00c9LECTRIQUE EN VERRE 1,8 L <br><br> #7-99274"},"content":{"rendered":"","protected":false},"excerpt":{"rendered":"<p>Code de produit: 7-99274<\/p>\n<p>\u00c9l\u00e9gante structure en verre avec garnitures en acier inoxydable, lumineux DEL et base d\u00e9tachable\n1.8L (60 oz)<br \/>\nDimensions (L x P x H) : 6,3 x 8,5 x 9,3 pouces<\/p>\n<table width=\"580\">\n<tbody>\n<tr>\n<td class=\"xl67\" height=\"20\">Carton int\u00e9rieur<\/td>\n<td class=\"xl78\">0<\/td>\n<\/tr>\n<tr>\n<td class=\"xl67\" height=\"20\">Carton ma\u00eetre<\/td>\n<td class=\"xl78\">4<\/td>\n<\/tr>\n<tr>\n<td class=\"xl67\" height=\"20\">CUP<\/td>\n<td class=\"xl78\">621139992747<\/td>\n<\/tr>\n<tr>\n<td class=\"xl67\" height=\"20\">Certification<\/td>\n<td class=\"xl78\"><img loading=\"lazy\" class=\"alignnone wp-image-7207\" src=\"https:\/\/www.jessar.ca\/wp-content\/uploads\/ETL-LOGO-300x228.jpg\" alt=\"\" width=\"48\" height=\"37\" srcset=\"https:\/\/www.jessar.ca\/wp-content\/uploads\/ETL-LOGO-300x228.jpg 300w, https:\/\/www.jessar.ca\/wp-content\/uploads\/ETL-LOGO-768x584.jpg 768w, https:\/\/www.jessar.ca\/wp-content\/uploads\/ETL-LOGO-16x12.jpg 16w, https:\/\/www.jessar.ca\/wp-content\/uploads\/ETL-LOGO-730x547.jpg 730w, https:\/\/www.jessar.ca\/wp-content\/uploads\/ETL-LOGO-800x609.jpg 800w, https:\/\/www.jessar.ca\/wp-content\/uploads\/ETL-LOGO.jpg 878w\" sizes=\"(max-width: 48px) 100vw, 48px\" \/><\/td>\n<\/tr>\n<tr>\n<td class=\"xl67\" height=\"20\">Feuille d'instruction<\/td>\n<td class=\"xl78\"><a href=\"https:\/\/www.jessar.ca\/wp-content\/uploads\/7-99274-instruction-sheet.pdf\" target=\"_blank\" rel=\"noopener noreferrer\">7-99274<\/a><\/td>\n<\/tr>\n<\/tbody>\n<\/table>\n<p> &hellip; <a href=\"https:\/\/www.jessar.ca\/fr\/produit\/glass-kettle-7-99274\/\" class=\"more-link\"><span class=\"more-button\">Buy Now<span class=\"screen-reader-text\">BOUILLOIRE \u00c9LECTRIQUE EN VERRE 1,8 L <\/p>\n<p> #7-99274<\/span><\/span><\/a><\/p>","protected":false},"featured_media":11267,"template":"","meta":[],"_links":{"self":[{"href":"https:\/\/www.jessar.ca\/fr\/wp-json\/wp\/v2\/product\/11265"}],"collection":[{"href":"https:\/\/www.jessar.ca\/fr\/wp-json\/wp\/v2\/product"}],"about":[{"href":"https:\/\/www.jessar.ca\/fr\/wp-json\/wp\/v2\/types\/product"}],"wp:featuredmedia":[{"embeddable":true,"href":"https:\/\/www.jessar.ca\/fr\/wp-json\/wp\/v2\/media\/11267"}],"wp:attachment":[{"href":"https:\/\/www.jessar.ca\/fr\/wp-json\/wp\/v2\/media?parent=11265"}],"curies":[{"name":"wp","href":"https:\/\/api.w.org\/{rel}","templated":true}]}}