{"id":11420,"date":"2024-01-17T14:52:52","date_gmt":"2024-01-17T19:52:52","guid":{"rendered":"https:\/\/www.jessar.ca\/?post_type=product&#038;p=11420"},"modified":"2024-10-10T14:33:15","modified_gmt":"2024-10-10T18:33:15","slug":"acacia-bathroom-body-digital-scale-7-98016","status":"publish","type":"product","link":"https:\/\/www.jessar.ca\/fr\/produit\/acacia-bathroom-body-digital-scale-7-98016\/","title":{"rendered":"P\u00e8se-personne de salle de bain <br><br> #7-98016"},"content":{"rendered":"","protected":false},"excerpt":{"rendered":"<p>Product code: 7-98016<\/p>\n<p>\u2022 \u00c9cran LCD 75 x 30 mm avec temp\u00e9rature d'\u00e9clairage de fond et \u00e9tat de l'alimentation affich\u00e9s<br \/>\n\u2022 Poids maximum 180 kg<br \/>\n\u2022 Piles (2 x AAA, 1,5 V) non incluses<\/p>\n<table width=\"580\">\n<tbody>\n<tr>\n<td class=\"xl67\" height=\"20\">Carton int\u00e9rieur<\/td>\n<td class=\"xl78\">0<\/td>\n<\/tr>\n<tr>\n<td class=\"xl67\" height=\"20\">Carton ma\u00eetre<\/td>\n<td class=\"xl78\">6<\/td>\n<\/tr>\n<tr>\n<td class=\"xl67\" height=\"20\">Dimension (L x P x H)<\/td>\n<td class=\"xl78\">29.9 x 29.9 x 3.45 cm<\/td>\n<\/tr>\n<tr>\n<td class=\"xl67\" height=\"20\">CUP<\/td>\n<td class=\"xl78\">621139980162<\/td>\n<\/tr>\n<\/tbody>\n<\/table>\n<p> &hellip; <a href=\"https:\/\/www.jessar.ca\/fr\/produit\/acacia-bathroom-body-digital-scale-7-98016\/\" class=\"more-link\"><span class=\"more-button\">Buy Now<span class=\"screen-reader-text\">P\u00e8se-personne de salle de bain <\/p>\n<p> #7-98016<\/span><\/span><\/a><\/p>","protected":false},"featured_media":11421,"template":"","meta":[],"_links":{"self":[{"href":"https:\/\/www.jessar.ca\/fr\/wp-json\/wp\/v2\/product\/11420"}],"collection":[{"href":"https:\/\/www.jessar.ca\/fr\/wp-json\/wp\/v2\/product"}],"about":[{"href":"https:\/\/www.jessar.ca\/fr\/wp-json\/wp\/v2\/types\/product"}],"wp:featuredmedia":[{"embeddable":true,"href":"https:\/\/www.jessar.ca\/fr\/wp-json\/wp\/v2\/media\/11421"}],"wp:attachment":[{"href":"https:\/\/www.jessar.ca\/fr\/wp-json\/wp\/v2\/media?parent=11420"}],"curies":[{"name":"wp","href":"https:\/\/api.w.org\/{rel}","templated":true}]}}