{"id":11670,"date":"2024-02-05T10:13:42","date_gmt":"2024-02-05T15:13:42","guid":{"rendered":"https:\/\/www.jessar.ca\/?post_type=product&#038;p=11670"},"modified":"2024-08-06T16:20:38","modified_gmt":"2024-08-06T20:20:38","slug":"track-bar-swivel-2-heads-white-flemings-5-90360","status":"publish","type":"product","link":"https:\/\/www.jessar.ca\/fr\/produit\/track-bar-swivel-2-heads-white-flemings-5-90360\/","title":{"rendered":"TRACK BAR SWIVEL 2 HEADS WHITE FLEMINGS<br><br> #5-90360"},"content":{"rendered":"","protected":false},"excerpt":{"rendered":"<div class=\"row-fluid\" style=\"font-size: 1rem;\">\n<p>Product code: 5-90360<\/p>\n<table border=\"0\" width=\"580\" cellspacing=\"0\" cellpadding=\"0\">\n<tbody>\n<tr>\n<td class=\"xl65\" width=\"178\" height=\"20\">Type<\/td>\n<td class=\"xl66\" width=\"414\">GU10<\/td>\n<\/tr>\n<tr>\n<td class=\"xl65\" height=\"20\">Ampoule requise<\/td>\n<td class=\"xl66\">2 ampoule \u00e0 culot LED x GU10, 12W max (vendue s\u00e9par\u00e9ment)<\/td>\n<\/tr>\n<tr>\n<td class=\"xl65\" height=\"20\">Fini<\/td>\n<td class=\"xl67\">Acier fini blanc<\/td>\n<\/tr>\n<tr>\n<td class=\"xl65\" height=\"20\">Dimensions<\/td>\n<td class=\"xl67\">W: 30 cm (11.91\u201d)\u00a0 \u00a0H:15 cm (5.91\u201d)<\/td>\n<\/tr>\n<tr>\n<td class=\"xl65\" height=\"20\">Carton int\u00e9rieur<\/td>\n<td class=\"xl66\">0<\/td>\n<\/tr>\n<tr>\n<td class=\"xl65\" height=\"20\">Carton ma\u00eetre<\/td>\n<td class=\"xl66\">6<\/td>\n<\/tr>\n<tr>\n<td class=\"xl65\" height=\"20\">CUP<\/td>\n<td class=\"xl67\">621139903606<\/td>\n<\/tr>\n<tr>\n<td class=\"xl65\" height=\"20\">Certification<\/td>\n<td class=\"xl67\"><img loading=\"lazy\" class=\"alignnone wp-image-7207\" src=\"https:\/\/www.jessar.ca\/wp-content\/uploads\/ETL-LOGO-300x228.jpg\" alt=\"\" width=\"46\" height=\"35\" srcset=\"https:\/\/www.jessar.ca\/wp-content\/uploads\/ETL-LOGO-300x228.jpg 300w, https:\/\/www.jessar.ca\/wp-content\/uploads\/ETL-LOGO-768x584.jpg 768w, https:\/\/www.jessar.ca\/wp-content\/uploads\/ETL-LOGO-16x12.jpg 16w, https:\/\/www.jessar.ca\/wp-content\/uploads\/ETL-LOGO-730x547.jpg 730w, https:\/\/www.jessar.ca\/wp-content\/uploads\/ETL-LOGO.jpg 878w, https:\/\/www.jessar.ca\/wp-content\/uploads\/ETL-LOGO-800x609.jpg 800w\" sizes=\"(max-width: 46px) 100vw, 46px\" \/><\/td>\n<\/tr>\n<tr>\n<td class=\"xl65\" height=\"20\">Feuille d'instruction<\/td>\n<td class=\"xl67\"><a href=\"https:\/\/www.jessar.ca\/wp-content\/uploads\/5-90360-instruction.pdf\">5-90360<\/a><\/td>\n<\/tr>\n<\/tbody>\n<\/table>\n<\/div>\n<p> &hellip; <a href=\"https:\/\/www.jessar.ca\/fr\/produit\/track-bar-swivel-2-heads-white-flemings-5-90360\/\" class=\"more-link\"><span class=\"more-button\">Buy Now<span class=\"screen-reader-text\">TRACK BAR SWIVEL 2 HEADS WHITE FLEMINGS<\/p>\n<p> #5-90360<\/span><\/span><\/a><\/p>","protected":false},"featured_media":11672,"template":"","meta":[],"_links":{"self":[{"href":"https:\/\/www.jessar.ca\/fr\/wp-json\/wp\/v2\/product\/11670"}],"collection":[{"href":"https:\/\/www.jessar.ca\/fr\/wp-json\/wp\/v2\/product"}],"about":[{"href":"https:\/\/www.jessar.ca\/fr\/wp-json\/wp\/v2\/types\/product"}],"wp:featuredmedia":[{"embeddable":true,"href":"https:\/\/www.jessar.ca\/fr\/wp-json\/wp\/v2\/media\/11672"}],"wp:attachment":[{"href":"https:\/\/www.jessar.ca\/fr\/wp-json\/wp\/v2\/media?parent=11670"}],"curies":[{"name":"wp","href":"https:\/\/api.w.org\/{rel}","templated":true}]}}