{"id":11892,"date":"2023-12-20T15:35:41","date_gmt":"2023-12-20T20:35:41","guid":{"rendered":"https:\/\/www.jessar.ca\/?post_type=product&#038;p=11892"},"modified":"2025-06-11T08:21:57","modified_gmt":"2025-06-11T12:21:57","slug":"350ml-double-wall-geometric-glass-7-99310","status":"publish","type":"product","link":"https:\/\/www.jessar.ca\/fr\/produit\/350ml-double-wall-geometric-glass-7-99310\/","title":{"rendered":"350ML VERRE G\u00c9OM\u00c9TRIQUE \u00c0 DOUBLE PAROI<br><br> #7-99310"},"content":{"rendered":"","protected":false},"excerpt":{"rendered":"<p>Code de produit: 7-99310<\/p>\n<ul>\n<li>Capacit\u00e9 : 350 ml<\/li>\n<li>Verre borosilicat\u00e9<\/li>\n<\/ul>\n<table width=\"580\">\n<tbody>\n<tr>\n<td class=\"xl67\" height=\"20\">Carton int\u00e9rieur<\/td>\n<td class=\"xl78\">6<\/td>\n<\/tr>\n<tr>\n<td class=\"xl67\" height=\"20\">Carton ma\u00eetre<\/td>\n<td class=\"xl78\">24<\/td>\n<\/tr>\n<tr>\n<td class=\"xl67\" height=\"20\">CUP<\/td>\n<td class=\"xl78\">621139993102<\/td>\n<\/tr>\n<\/tbody>\n<\/table>\n<p> &hellip; <a href=\"https:\/\/www.jessar.ca\/fr\/produit\/350ml-double-wall-geometric-glass-7-99310\/\" class=\"more-link\"><span class=\"more-button\">Buy Now<span class=\"screen-reader-text\">350ML VERRE G\u00c9OM\u00c9TRIQUE \u00c0 DOUBLE PAROI<\/p>\n<p> #7-99310<\/span><\/span><\/a><\/p>","protected":false},"featured_media":12134,"template":"","meta":[],"_links":{"self":[{"href":"https:\/\/www.jessar.ca\/fr\/wp-json\/wp\/v2\/product\/11892"}],"collection":[{"href":"https:\/\/www.jessar.ca\/fr\/wp-json\/wp\/v2\/product"}],"about":[{"href":"https:\/\/www.jessar.ca\/fr\/wp-json\/wp\/v2\/types\/product"}],"wp:featuredmedia":[{"embeddable":true,"href":"https:\/\/www.jessar.ca\/fr\/wp-json\/wp\/v2\/media\/12134"}],"wp:attachment":[{"href":"https:\/\/www.jessar.ca\/fr\/wp-json\/wp\/v2\/media?parent=11892"}],"curies":[{"name":"wp","href":"https:\/\/api.w.org\/{rel}","templated":true}]}}