{"id":11918,"date":"2024-01-16T06:20:56","date_gmt":"2024-01-16T11:20:56","guid":{"rendered":"https:\/\/www.jessar.ca\/?post_type=product&#038;p=11918"},"modified":"2025-08-12T10:49:26","modified_gmt":"2025-08-12T14:49:26","slug":"1-7l-led-smart-digital-electric-kettle-7-99314","status":"publish","type":"product","link":"https:\/\/www.jessar.ca\/fr\/produit\/1-7l-led-smart-digital-electric-kettle-7-99314\/","title":{"rendered":"1,7L BOUILLOIRE \u00c9LECTRIQUE DIGITALE SMART \u00c0 DEL<br><br> #7-99314"},"content":{"rendered":"","protected":false},"excerpt":{"rendered":"<p>Code de produit: 7-99314<\/p>\n<ul>\n<li>Capacit\u00e9 : 1,7 L \/ 7 tasses<\/li>\n<li>Activation tactile<\/li>\n<li>\u00c9cran LED<\/li>\n<li>Base pivotante d\u00e9tachable \u00e0 360\u00b0<\/li>\n<li>Temp\u00e9ratures pr\u00e9r\u00e9gl\u00e9es : blanc, vert, oolong<\/li>\n<li>Fonction maintien au chaud (jusqu\u2019\u00e0 4 heures)<\/li>\n<li>Arr\u00eat automatique<\/li>\n<li>Int\u00e9rieur en acier inoxydable<\/li>\n<\/ul>\n<table width=\"580\">\n<tbody>\n<tr>\n<td class=\"xl67\" height=\"20\">Carton int\u00e9rieur<\/td>\n<td class=\"xl78\">0<\/td>\n<\/tr>\n<tr>\n<td class=\"xl67\" height=\"20\">Carton ma\u00eetre<\/td>\n<td class=\"xl78\">4<\/td>\n<\/tr>\n<tr>\n<td class=\"xl67\" height=\"20\">CUP<\/td>\n<td class=\"xl78\">621139993140<\/td>\n<\/tr>\n<tr>\n<td class=\"xl67\" height=\"20\">Certification<\/td>\n<td class=\"xl78\"><img loading=\"lazy\" class=\"alignnone wp-image-7207\" src=\"https:\/\/www.jessar.ca\/wp-content\/uploads\/ETL-LOGO-300x228.jpg\" alt=\"\" width=\"48\" height=\"37\" srcset=\"https:\/\/www.jessar.ca\/wp-content\/uploads\/ETL-LOGO-300x228.jpg 300w, https:\/\/www.jessar.ca\/wp-content\/uploads\/ETL-LOGO-768x584.jpg 768w, https:\/\/www.jessar.ca\/wp-content\/uploads\/ETL-LOGO-16x12.jpg 16w, https:\/\/www.jessar.ca\/wp-content\/uploads\/ETL-LOGO-730x547.jpg 730w, https:\/\/www.jessar.ca\/wp-content\/uploads\/ETL-LOGO-800x609.jpg 800w, https:\/\/www.jessar.ca\/wp-content\/uploads\/ETL-LOGO.jpg 878w\" sizes=\"(max-width: 48px) 100vw, 48px\" \/><\/td>\n<\/tr>\n<tr>\n<td class=\"xl67\" height=\"20\">Feuille d'instruction<\/td>\n<td class=\"xl78\"><a href=\"https:\/\/www.jessar.ca\/wp-content\/uploads\/7-99314-INSTRUCTIONS.pdf\" target=\"_blank\" rel=\"noopener noreferrer\">7-99314<\/a><\/td>\n<\/tr>\n<\/tbody>\n<\/table>\n<p> &hellip; <a href=\"https:\/\/www.jessar.ca\/fr\/produit\/1-7l-led-smart-digital-electric-kettle-7-99314\/\" class=\"more-link\"><span class=\"more-button\">Buy Now<span class=\"screen-reader-text\">1,7L BOUILLOIRE \u00c9LECTRIQUE DIGITALE SMART \u00c0 DEL<\/p>\n<p> #7-99314<\/span><\/span><\/a><\/p>","protected":false},"featured_media":12122,"template":"","meta":[],"_links":{"self":[{"href":"https:\/\/www.jessar.ca\/fr\/wp-json\/wp\/v2\/product\/11918"}],"collection":[{"href":"https:\/\/www.jessar.ca\/fr\/wp-json\/wp\/v2\/product"}],"about":[{"href":"https:\/\/www.jessar.ca\/fr\/wp-json\/wp\/v2\/types\/product"}],"wp:featuredmedia":[{"embeddable":true,"href":"https:\/\/www.jessar.ca\/fr\/wp-json\/wp\/v2\/media\/12122"}],"wp:attachment":[{"href":"https:\/\/www.jessar.ca\/fr\/wp-json\/wp\/v2\/media?parent=11918"}],"curies":[{"name":"wp","href":"https:\/\/api.w.org\/{rel}","templated":true}]}}