{"id":12087,"date":"2024-10-03T12:26:47","date_gmt":"2024-10-03T16:26:47","guid":{"rendered":"https:\/\/www.jessar.ca\/?post_type=product&#038;p=12087"},"modified":"2025-05-08T13:04:27","modified_gmt":"2025-05-08T17:04:27","slug":"laguiole-4-piece-forced-stainless-steel-steak-knives-with-marble-design-handle-7-99344","status":"publish","type":"product","link":"https:\/\/www.jessar.ca\/fr\/produit\/laguiole-4-piece-forced-stainless-steel-steak-knives-with-marble-design-handle-7-99344\/","title":{"rendered":"COUTEAUX \u00c0 STEAK LAGUIOLE 4 PI\u00c8CES EN ACIER INOXYDABLE AVEC MANCHE MARBRE <br><br> #7-99344"},"content":{"rendered":"","protected":false},"excerpt":{"rendered":"<p>Code de produit: 7-99344<\/p>\n<p>\u2022 Couteaux \u00e0 steak luxueux et culinaires de haute qualit\u00e9 avec lames dentel\u00e9es en acier inoxydable 30CR13(420) (\u00e9paisseur 2,5 mm)<br \/>\n\u2022 Des coupes nettes comme un rasoir \u00e0 travers le steak et parfait pour trancher, couper en d\u00e9s et hacher<br \/>\n\u2022 Id\u00e9al pour les viandes, les poissons, le pain et m\u00eame les fromages<br \/>\n\u2022 Une coupe lisse et des poign\u00e9es artisanales \u00e9l\u00e9gantes ajoutent de la valeur et de la tradition \u00e0 tout repas ou \u00e9v\u00e9nement sp\u00e9cial<\/p>\n<table width=\"580\">\n<tbody>\n<tr>\n<td class=\"xl67\" height=\"20\">Carton int\u00e9rieur<\/td>\n<td class=\"xl78\">0<\/td>\n<\/tr>\n<tr>\n<td class=\"xl67\" height=\"20\">Carton ma\u00eetre<\/td>\n<td class=\"xl78\">12<\/td>\n<\/tr>\n<tr>\n<td class=\"xl67\" height=\"20\">CUP<\/td>\n<td class=\"xl78\">621139993447<\/td>\n<\/tr>\n<\/tbody>\n<\/table>\n<p> &hellip; <a href=\"https:\/\/www.jessar.ca\/fr\/produit\/laguiole-4-piece-forced-stainless-steel-steak-knives-with-marble-design-handle-7-99344\/\" class=\"more-link\"><span class=\"more-button\">Buy Now<span class=\"screen-reader-text\">COUTEAUX \u00c0 STEAK LAGUIOLE 4 PI\u00c8CES EN ACIER INOXYDABLE AVEC MANCHE MARBRE <\/p>\n<p> #7-99344<\/span><\/span><\/a><\/p>","protected":false},"featured_media":12085,"template":"","meta":[],"_links":{"self":[{"href":"https:\/\/www.jessar.ca\/fr\/wp-json\/wp\/v2\/product\/12087"}],"collection":[{"href":"https:\/\/www.jessar.ca\/fr\/wp-json\/wp\/v2\/product"}],"about":[{"href":"https:\/\/www.jessar.ca\/fr\/wp-json\/wp\/v2\/types\/product"}],"wp:featuredmedia":[{"embeddable":true,"href":"https:\/\/www.jessar.ca\/fr\/wp-json\/wp\/v2\/media\/12085"}],"wp:attachment":[{"href":"https:\/\/www.jessar.ca\/fr\/wp-json\/wp\/v2\/media?parent=12087"}],"curies":[{"name":"wp","href":"https:\/\/api.w.org\/{rel}","templated":true}]}}