{"id":12156,"date":"2024-04-24T06:01:36","date_gmt":"2024-04-24T10:01:36","guid":{"rendered":"https:\/\/www.jessar.ca\/?post_type=product&#038;p=12156"},"modified":"2025-04-16T11:10:52","modified_gmt":"2025-04-16T15:10:52","slug":"1200ml-double-wall-insulated-travel-mug-rose-7-99320","status":"publish","type":"product","link":"https:\/\/www.jessar.ca\/fr\/produit\/1200ml-double-wall-insulated-travel-mug-rose-7-99320\/","title":{"rendered":"1200ML TASSE DE VOYAGE ISOTHERME \u00c0 DOUBLE PAROI - ROSE <br><br> #7-99320"},"content":{"rendered":"","protected":false},"excerpt":{"rendered":"<p>Code de produit: 7-99320<\/p>\n<p>\u2022 Avec une capacit\u00e9 spacieuse de 1200 ml, cette tasse de voyage offre amplement d'espace pour vos boissons pr\u00e9f\u00e9r\u00e9es, les gardant chaudes ou froides pendant de plus longues p\u00e9riodes.<br \/>\n\u2022 Fabriqu\u00e9e en acier inoxydable, cette tasse est \u00e0 la fois durable et visuellement attrayante avec son corps peint en couleur.<br \/>\n\u2022 Dot\u00e9e d'une grande poign\u00e9e (PP), d'un couvercle \u00e0 visser (PP), et d'une paille (PP), cette chope de voyage offre simplicit\u00e9 d'utilisation et praticit\u00e9 pour les gens en d\u00e9placement.<\/p>\n<table width=\"580\">\n<tbody>\n<tr>\n<td class=\"xl67\" height=\"20\">Carton int\u00e9rieur<\/td>\n<td class=\"xl78\">0<\/td>\n<\/tr>\n<tr>\n<td class=\"xl67\" height=\"20\">Carton ma\u00eetre<\/td>\n<td class=\"xl78\">6<\/td>\n<\/tr>\n<tr>\n<td class=\"xl67\" height=\"20\">Dimensions<\/td>\n<td class=\"xl78\">\u00d8: 15.3 cm x H: 32 cm<\/td>\n<\/tr>\n<tr>\n<td class=\"xl67\" height=\"20\">CUP<\/td>\n<td class=\"xl78\">621139993201<\/td>\n<\/tr>\n<\/tbody>\n<\/table>\n<p>&nbsp; &hellip; <a href=\"https:\/\/www.jessar.ca\/fr\/produit\/1200ml-double-wall-insulated-travel-mug-rose-7-99320\/\" class=\"more-link\"><span class=\"more-button\">Buy Now<span class=\"screen-reader-text\">1200ML TASSE DE VOYAGE ISOTHERME \u00c0 DOUBLE PAROI - ROSE <\/p>\n<p> #7-99320<\/span><\/span><\/a><\/p>","protected":false},"featured_media":12514,"template":"","meta":[],"_links":{"self":[{"href":"https:\/\/www.jessar.ca\/fr\/wp-json\/wp\/v2\/product\/12156"}],"collection":[{"href":"https:\/\/www.jessar.ca\/fr\/wp-json\/wp\/v2\/product"}],"about":[{"href":"https:\/\/www.jessar.ca\/fr\/wp-json\/wp\/v2\/types\/product"}],"wp:featuredmedia":[{"embeddable":true,"href":"https:\/\/www.jessar.ca\/fr\/wp-json\/wp\/v2\/media\/12514"}],"wp:attachment":[{"href":"https:\/\/www.jessar.ca\/fr\/wp-json\/wp\/v2\/media?parent=12156"}],"curies":[{"name":"wp","href":"https:\/\/api.w.org\/{rel}","templated":true}]}}