{"id":12271,"date":"2024-01-16T06:50:28","date_gmt":"2024-01-16T11:50:28","guid":{"rendered":"https:\/\/www.jessar.ca\/?post_type=product&#038;p=12271"},"modified":"2025-08-12T10:59:01","modified_gmt":"2025-08-12T14:59:01","slug":"4-modes-electric-retro-double-wall-milk-frother-7-99381","status":"publish","type":"product","link":"https:\/\/www.jessar.ca\/fr\/produit\/4-modes-electric-retro-double-wall-milk-frother-7-99381\/","title":{"rendered":"MOUSSEUR \u00c0 LAIT \u00c9LECTRIQUE R\u00c9TRO 4 MODES DOUBLE PAROI <br><br> #7-99381"},"content":{"rendered":"","protected":false},"excerpt":{"rendered":"<p>Code de produit: 7-99381<\/p>\n<ul>\n<li>4 modes faciles \u00e0 une touche<\/li>\n<li>Int\u00e9rieur avec rev\u00eatement antiadh\u00e9sif<\/li>\n<\/ul>\n<table width=\"580\">\n<tbody>\n<tr>\n<td class=\"xl67\" height=\"20\">Carton int\u00e9rieur<\/td>\n<td class=\"xl78\">0<\/td>\n<\/tr>\n<tr>\n<td class=\"xl67\" height=\"20\">Carton ma\u00eetre<\/td>\n<td class=\"xl78\">4<\/td>\n<\/tr>\n<tr>\n<td class=\"xl67\" height=\"20\">CUP<\/td>\n<td class=\"xl78\">621139993812<\/td>\n<\/tr>\n<tr>\n<td class=\"xl67\" height=\"20\">Certification<\/td>\n<td class=\"xl78\"><img loading=\"lazy\" class=\"alignnone wp-image-7207\" src=\"https:\/\/www.jessar.ca\/wp-content\/uploads\/ETL-LOGO-300x228.jpg\" alt=\"\" width=\"48\" height=\"37\" srcset=\"https:\/\/www.jessar.ca\/wp-content\/uploads\/ETL-LOGO-300x228.jpg 300w, https:\/\/www.jessar.ca\/wp-content\/uploads\/ETL-LOGO-768x584.jpg 768w, https:\/\/www.jessar.ca\/wp-content\/uploads\/ETL-LOGO-16x12.jpg 16w, https:\/\/www.jessar.ca\/wp-content\/uploads\/ETL-LOGO-730x547.jpg 730w, https:\/\/www.jessar.ca\/wp-content\/uploads\/ETL-LOGO-800x609.jpg 800w, https:\/\/www.jessar.ca\/wp-content\/uploads\/ETL-LOGO.jpg 878w\" sizes=\"(max-width: 48px) 100vw, 48px\" \/><\/td>\n<\/tr>\n<tr>\n<td class=\"xl67\" height=\"20\">Feuille d'instruction<\/td>\n<td class=\"xl78\"><a href=\"https:\/\/www.jessar.ca\/wp-content\/uploads\/7-99381-IM-Final-9-11-2024.pdf\" target=\"_blank\" rel=\"noopener noreferrer\">7-99381<\/a><\/td>\n<\/tr>\n<\/tbody>\n<\/table>\n<p> &hellip; <a href=\"https:\/\/www.jessar.ca\/fr\/produit\/4-modes-electric-retro-double-wall-milk-frother-7-99381\/\" class=\"more-link\"><span class=\"more-button\">Buy Now<span class=\"screen-reader-text\">MOUSSEUR \u00c0 LAIT \u00c9LECTRIQUE R\u00c9TRO 4 MODES DOUBLE PAROI <\/p>\n<p> #7-99381<\/span><\/span><\/a><\/p>","protected":false},"featured_media":12269,"template":"","meta":[],"_links":{"self":[{"href":"https:\/\/www.jessar.ca\/fr\/wp-json\/wp\/v2\/product\/12271"}],"collection":[{"href":"https:\/\/www.jessar.ca\/fr\/wp-json\/wp\/v2\/product"}],"about":[{"href":"https:\/\/www.jessar.ca\/fr\/wp-json\/wp\/v2\/types\/product"}],"wp:featuredmedia":[{"embeddable":true,"href":"https:\/\/www.jessar.ca\/fr\/wp-json\/wp\/v2\/media\/12269"}],"wp:attachment":[{"href":"https:\/\/www.jessar.ca\/fr\/wp-json\/wp\/v2\/media?parent=12271"}],"curies":[{"name":"wp","href":"https:\/\/api.w.org\/{rel}","templated":true}]}}