{"id":12366,"date":"2023-07-12T14:20:57","date_gmt":"2023-07-12T18:20:57","guid":{"rendered":"https:\/\/www.jessar.ca\/?post_type=product&#038;p=12366"},"modified":"2025-02-07T09:05:30","modified_gmt":"2025-02-07T14:05:30","slug":"double-4l-glass-beverage-dispenser-7-99405","status":"publish","type":"product","link":"https:\/\/www.jessar.ca\/fr\/produit\/double-4l-glass-beverage-dispenser-7-99405\/","title":{"rendered":"4L DISTRIBUTEUR \u00c0 BOISSONS DOUBLE EN VERRE <br><br> #7-99405"},"content":{"rendered":"","protected":false},"excerpt":{"rendered":"<p>Code de produit: 7-99405<\/p>\n<p>\u2022 Distributeur de boissons en verre double solide avec couvercles et support en m\u00e9tal<br \/>\n\u2022 Id\u00e9al pour les boissons infus\u00e9es aux fruits.<br \/>\n\u2022 Bec \u00e9tanche<br \/>\n\u2022 Id\u00e9al pour toutes les occasions, le bec \u00e0 d\u00e9bit facile \u00e9vite les d\u00e9versements<\/p>\n<table width=\"580\">\n<tbody>\n<tr>\n<td class=\"xl67\" height=\"20\">Carton int\u00e9rieur<\/td>\n<td class=\"xl78\">0<\/td>\n<\/tr>\n<tr>\n<td class=\"xl67\" height=\"20\">Carton ma\u00eetre<\/td>\n<td class=\"xl78\">2<\/td>\n<\/tr>\n<tr>\n<td class=\"xl67\" height=\"20\">CUP<\/td>\n<td class=\"xl78\">621139994055<\/td>\n<\/tr>\n<\/tbody>\n<\/table>\n<p> &hellip; <a href=\"https:\/\/www.jessar.ca\/fr\/produit\/double-4l-glass-beverage-dispenser-7-99405\/\" class=\"more-link\"><span class=\"more-button\">Buy Now<span class=\"screen-reader-text\">4L DISTRIBUTEUR \u00c0 BOISSONS DOUBLE EN VERRE <\/p>\n<p> #7-99405<\/span><\/span><\/a><\/p>","protected":false},"featured_media":12367,"template":"","meta":[],"_links":{"self":[{"href":"https:\/\/www.jessar.ca\/fr\/wp-json\/wp\/v2\/product\/12366"}],"collection":[{"href":"https:\/\/www.jessar.ca\/fr\/wp-json\/wp\/v2\/product"}],"about":[{"href":"https:\/\/www.jessar.ca\/fr\/wp-json\/wp\/v2\/types\/product"}],"wp:featuredmedia":[{"embeddable":true,"href":"https:\/\/www.jessar.ca\/fr\/wp-json\/wp\/v2\/media\/12367"}],"wp:attachment":[{"href":"https:\/\/www.jessar.ca\/fr\/wp-json\/wp\/v2\/media?parent=12366"}],"curies":[{"name":"wp","href":"https:\/\/api.w.org\/{rel}","templated":true}]}}