{"id":12519,"date":"2025-04-16T13:25:27","date_gmt":"2025-04-16T17:25:27","guid":{"rendered":"https:\/\/www.jessar.ca\/?post_type=product&#038;p=12519"},"modified":"2025-04-16T13:28:28","modified_gmt":"2025-04-16T17:28:28","slug":"800ml-french-press-with-bamboo-knob-handle-7-99452","status":"publish","type":"product","link":"https:\/\/www.jessar.ca\/fr\/produit\/800ml-french-press-with-bamboo-knob-handle-7-99452\/","title":{"rendered":"800ML CAFETI\u00c8RE \u00c0 PISTON AVEC BOUTON ET POIGN\u00c9E EN BAMBOU<br><br> #7-99452"},"content":{"rendered":"","protected":false},"excerpt":{"rendered":"<p>Code de produit: 7-99452<\/p>\n<table width=\"580\">\n<tbody>\n<tr>\n<td class=\"xl67\" height=\"20\">Carton int\u00e9rieur<\/td>\n<td class=\"xl78\">0<\/td>\n<\/tr>\n<tr>\n<td class=\"xl67\" height=\"20\">Carton ma\u00eetre<\/td>\n<td class=\"xl78\">6<\/td>\n<\/tr>\n<tr>\n<td class=\"xl67\" height=\"20\">CUP<\/td>\n<td class=\"xl78\">621139994529<\/td>\n<\/tr>\n<\/tbody>\n<\/table>\n<p> &hellip; <a href=\"https:\/\/www.jessar.ca\/fr\/produit\/800ml-french-press-with-bamboo-knob-handle-7-99452\/\" class=\"more-link\"><span class=\"more-button\">Buy Now<span class=\"screen-reader-text\">800ML CAFETI\u00c8RE \u00c0 PISTON AVEC BOUTON ET POIGN\u00c9E EN BAMBOU<\/p>\n<p> #7-99452<\/span><\/span><\/a><\/p>","protected":false},"featured_media":12520,"template":"","meta":[],"_links":{"self":[{"href":"https:\/\/www.jessar.ca\/fr\/wp-json\/wp\/v2\/product\/12519"}],"collection":[{"href":"https:\/\/www.jessar.ca\/fr\/wp-json\/wp\/v2\/product"}],"about":[{"href":"https:\/\/www.jessar.ca\/fr\/wp-json\/wp\/v2\/types\/product"}],"wp:featuredmedia":[{"embeddable":true,"href":"https:\/\/www.jessar.ca\/fr\/wp-json\/wp\/v2\/media\/12520"}],"wp:attachment":[{"href":"https:\/\/www.jessar.ca\/fr\/wp-json\/wp\/v2\/media?parent=12519"}],"curies":[{"name":"wp","href":"https:\/\/api.w.org\/{rel}","templated":true}]}}