{"id":12872,"date":"2025-05-15T08:31:19","date_gmt":"2025-05-15T12:31:19","guid":{"rendered":"https:\/\/www.jessar.ca\/?post_type=product&#038;p=12872"},"modified":"2025-08-13T16:33:20","modified_gmt":"2025-08-13T20:33:20","slug":"pineapple-core-remover-peels-slices-and-cores-7-99343","status":"publish","type":"product","link":"https:\/\/www.jessar.ca\/fr\/produit\/pineapple-core-remover-peels-slices-and-cores-7-99343\/","title":{"rendered":"EXTRACTEUR DE NOYAUX D'ANANAS (\u00c9PLUCHE, TRANCHE ET \u00c9VIDE) <br><br> #7-99343"},"content":{"rendered":"","protected":false},"excerpt":{"rendered":"<p>Code de produit: 7-99343<\/p>\n<p>\u2022 Acier inoxydable de haute qualit\u00e9<br \/>\n\u2022 Durable et facile \u00e0 utiliser<br \/>\n\u2022 L'ananas peut \u00eatre \u00e9pluche, tranch\u00e9 et \u00e9vid\u00e9 facilement<br \/>\n\u2022 Poign\u00e9e antid\u00e9rapante confortable et facile \u00e0 saisir<\/p>\n<table width=\"580\">\n<tbody>\n<tr>\n<td class=\"xl67\" height=\"20\">Carton int\u00e9rieur<\/td>\n<td class=\"xl78\">6<\/td>\n<\/tr>\n<tr>\n<td class=\"xl67\" height=\"20\">Carton ma\u00eetre<\/td>\n<td class=\"xl78\">36<\/td>\n<\/tr>\n<tr>\n<td class=\"xl67\" height=\"20\">CUP<\/td>\n<td class=\"xl78\">621139993430<\/td>\n<\/tr>\n<\/tbody>\n<\/table>\n<p> &hellip; <a href=\"https:\/\/www.jessar.ca\/fr\/produit\/pineapple-core-remover-peels-slices-and-cores-7-99343\/\" class=\"more-link\"><span class=\"more-button\">Buy Now<span class=\"screen-reader-text\">EXTRACTEUR DE NOYAUX D'ANANAS (\u00c9PLUCHE, TRANCHE ET \u00c9VIDE) <\/p>\n<p> #7-99343<\/span><\/span><\/a><\/p>","protected":false},"featured_media":12873,"template":"","meta":[],"_links":{"self":[{"href":"https:\/\/www.jessar.ca\/fr\/wp-json\/wp\/v2\/product\/12872"}],"collection":[{"href":"https:\/\/www.jessar.ca\/fr\/wp-json\/wp\/v2\/product"}],"about":[{"href":"https:\/\/www.jessar.ca\/fr\/wp-json\/wp\/v2\/types\/product"}],"wp:featuredmedia":[{"embeddable":true,"href":"https:\/\/www.jessar.ca\/fr\/wp-json\/wp\/v2\/media\/12873"}],"wp:attachment":[{"href":"https:\/\/www.jessar.ca\/fr\/wp-json\/wp\/v2\/media?parent=12872"}],"curies":[{"name":"wp","href":"https:\/\/api.w.org\/{rel}","templated":true}]}}