{"id":12919,"date":"2022-09-20T09:44:15","date_gmt":"2022-09-20T13:44:15","guid":{"rendered":"https:\/\/www.jessar.ca\/?post_type=product&#038;p=12919"},"modified":"2025-05-15T14:36:39","modified_gmt":"2025-05-15T18:36:39","slug":"fridge-storage-organizer-for-eggs-7-99445","status":"publish","type":"product","link":"https:\/\/www.jessar.ca\/fr\/produit\/fridge-storage-organizer-for-eggs-7-99445\/","title":{"rendered":"ORGANISATEUR DE RANGEMENT POUR \u0152UFS AU R\u00c9FRIG\u00c9RATEUR <br><br> #7-99445"},"content":{"rendered":"","protected":false},"excerpt":{"rendered":"<p>Code de produit: 7-99445<\/p>\n<p>Dimensions: 34.2 cm x 8.8 cm x 14.1 cm<\/p>\n<table width=\"580\">\n<tbody>\n<tr>\n<td class=\"xl67\" height=\"20\">Carton int\u00e9rieur<\/td>\n<td class=\"xl78\">0<\/td>\n<\/tr>\n<tr>\n<td class=\"xl67\" height=\"20\">Carton ma\u00eetre<\/td>\n<td class=\"xl78\">12<\/td>\n<\/tr>\n<tr>\n<td class=\"xl67\" height=\"20\">CUP<\/td>\n<td class=\"xl78\">621139994451<\/td>\n<\/tr>\n<\/tbody>\n<\/table>\n<p> &hellip; <a href=\"https:\/\/www.jessar.ca\/fr\/produit\/fridge-storage-organizer-for-eggs-7-99445\/\" class=\"more-link\"><span class=\"more-button\">Buy Now<span class=\"screen-reader-text\">ORGANISATEUR DE RANGEMENT POUR \u0152UFS AU R\u00c9FRIG\u00c9RATEUR <\/p>\n<p> #7-99445<\/span><\/span><\/a><\/p>","protected":false},"featured_media":12920,"template":"","meta":[],"_links":{"self":[{"href":"https:\/\/www.jessar.ca\/fr\/wp-json\/wp\/v2\/product\/12919"}],"collection":[{"href":"https:\/\/www.jessar.ca\/fr\/wp-json\/wp\/v2\/product"}],"about":[{"href":"https:\/\/www.jessar.ca\/fr\/wp-json\/wp\/v2\/types\/product"}],"wp:featuredmedia":[{"embeddable":true,"href":"https:\/\/www.jessar.ca\/fr\/wp-json\/wp\/v2\/media\/12920"}],"wp:attachment":[{"href":"https:\/\/www.jessar.ca\/fr\/wp-json\/wp\/v2\/media?parent=12919"}],"curies":[{"name":"wp","href":"https:\/\/api.w.org\/{rel}","templated":true}]}}