{"id":13043,"date":"2025-06-19T10:51:20","date_gmt":"2025-06-19T14:51:20","guid":{"rendered":"https:\/\/www.jessar.ca\/?post_type=product&#038;p=13043"},"modified":"2025-06-19T11:06:08","modified_gmt":"2025-06-19T15:06:08","slug":"pir-sensor-remote-control-4-80125","status":"publish","type":"product","link":"https:\/\/www.jessar.ca\/fr\/produit\/pir-sensor-remote-control-4-80125\/","title":{"rendered":"T\u00c9L\u00c9COMMANDE \u00c0 CAPTEUR PIR <br><br> #4-80125"},"content":{"rendered":"","protected":false},"excerpt":{"rendered":"<div class=\"row-fluid\" style=\"font-size: 1rem;\">\n<div class=\"row-fluid\">\n<p>Code de produit: 4-80125<\/p>\n<div class=\"row-fluid\">\n<div class=\"row-fluid\">\n<div class=\"row-fluid\">\n<div class=\"row-fluid\">\n<div class=\"row-fluid\">\n<div class=\"row-fluid\">\n<div class=\"row-fluid\">\n<div class=\"row-fluid\">\n<div class=\"row-fluid\">\n<div class=\"row-fluid\">\n<div class=\"row-fluid\">\n<div class=\"row-fluid\">\n<div class=\"row-fluid\">\n<div class=\"row-fluid\">\n<div class=\"row-fluid\">\n<div class=\"row-fluid\">\n<div class=\"row-fluid\">\n<div class=\"row-fluid\">\n<div class=\"row-fluid\">\n<div class=\"row-fluid\">\n<div class=\"row-fluid\">\n<div class=\"row-fluid\">\n<div class=\"row-fluid\">\n<div class=\"row-fluid\">\n<div class=\"row-fluid\">\n<div class=\"row-fluid\">\n<div class=\"row-fluid\">\n<div class=\"row-fluid\">\n<div class=\"row-fluid\">\n<div class=\"row-fluid\">\n<div class=\"row-fluid\">\n<div class=\"widget\" data-type=\"view\" data-index=\"1\">\n<div class=\"product-detail clearfix row-fluid\">\n<div class=\"row-fluid\">\n<div class=\"span8\">\n<div class=\"row-fluid\">\n<div class=\"row-fluid\">\n<div class=\"row-fluid\">\n<div class=\"row-fluid\">\n<div class=\"row-fluid\">\n<div class=\"row-fluid\">\n<div class=\"row-fluid\">\n<div class=\"row-fluid\">\n<div class=\"row-fluid\">\n<div class=\"row-fluid\">\n<div class=\"row-fluid\">\n<div class=\"row-fluid\">\n<div class=\"row-fluid\">\n<div class=\"row-fluid\">\n<div class=\"row-fluid\">\n<div class=\"row-fluid\">\n<div class=\"row-fluid\">\n<div class=\"row-fluid\">\n<div class=\"row-fluid\">\n<div class=\"row-fluid\">\n<div class=\"row-fluid\">\n<div class=\"row-fluid\">\n<div class=\"row-fluid\">\n<div class=\"row-fluid\">\n<div class=\"row-fluid\">\n<div class=\"row-fluid\">\n<div class=\"row-fluid\">\n<div class=\"row-fluid\">\n<div class=\"row-fluid\">\n<div class=\"row-fluid\">\n<div class=\"row-fluid\">\n<div class=\"row-fluid\">\n<div class=\"row-fluid\">\n<div class=\"row-fluid\">\n<div class=\"row-fluid\">\n<div class=\"row-fluid\">\n<div class=\"row-fluid\">\n<div class=\"row-fluid\">\n<div class=\"row-fluid\">\n<div class=\"row-fluid\">\n<div class=\"row-fluid\">\n<div class=\"row-fluid\">\n<div class=\"row-fluid\">\n<div class=\"row-fluid\">\n<div class=\"row-fluid\">\n<div class=\"row-fluid\">\n<div class=\"row-fluid\">\n<div class=\"row-fluid\">\n<div class=\"row-fluid\">\n<div class=\"row-fluid\">\n<div class=\"row-fluid\">\n<div class=\"row-fluid\">\n<div class=\"row-fluid\">\n<div class=\"row-fluid\">\n<div class=\"row-fluid\">\n<div class=\"row-fluid\">\n<div class=\"row-fluid\">\n<div class=\"row-fluid\">\n<div class=\"row-fluid\">\n<div class=\"row-fluid\">\n<div class=\"row-fluid\">\n<div class=\"row-fluid\">\n<div class=\"row-fluid\">\n<div class=\"row-fluid\">\n<div class=\"row-fluid\">\n<div class=\"row-fluid\">\n<div class=\"row-fluid\">\n<div class=\"row-fluid\">\n<div class=\"row-fluid\">\n<div class=\"row-fluid\">\n<div class=\"row-fluid\">\n<div class=\"row-fluid\">\n<div class=\"row-fluid\">\n<div class=\"row-fluid\">\n<div class=\"row-fluid\">\n<div class=\"row-fluid\">\n<div class=\"row-fluid\">\n<div class=\"row-fluid\">\n<div class=\"row-fluid\">\n<div class=\"row-fluid\">\n<div class=\"row-fluid\">\n<div class=\"row-fluid\">\n<div class=\"row-fluid\">\n<div class=\"row-fluid\">\n<div class=\"row-fluid\">\n<div class=\"row-fluid\">\n<div class=\"row-fluid\">\n<div class=\"row-fluid\">\n<div class=\"row-fluid\">\n<div class=\"row-fluid\">\n<div class=\"row-fluid\">\n<div class=\"row-fluid\">\n<div class=\"row-fluid\">\n<div class=\"row-fluid\">\n<div class=\"row-fluid\">\n<div class=\"row-fluid\">\n<div class=\"row-fluid\">\n<div class=\"row-fluid\">\n<div class=\"row-fluid\">\n<div class=\"row-fluid\">\n<div class=\"row-fluid\">\n<div class=\"row-fluid\">\n<div class=\"row-fluid\">\n<div class=\"row-fluid\">\n<div class=\"row-fluid\">\n<div class=\"row-fluid\">\n<div class=\"row-fluid\">\n<div class=\"row-fluid\">\n<div class=\"row-fluid\">\n<div class=\"row-fluid\">\n<div class=\"row-fluid\">\n<div class=\"row-fluid\">\n<div class=\"row-fluid\">\n<div class=\"row-fluid\">\n<div class=\"row-fluid\">\n<div class=\"row-fluid\">\n<div class=\"row-fluid\">\n<div class=\"row-fluid\">\n<div class=\"row-fluid\">\n<div class=\"row-fluid\">\n<div class=\"row-fluid\">\n<div class=\"row-fluid\">\n<div class=\"row-fluid\">\n<div class=\"row-fluid\">\n<div class=\"row-fluid\">\n<div class=\"row-fluid\">\n<div class=\"row-fluid\">\n<div class=\"row-fluid\">\n<div class=\"row-fluid\">\n<div class=\"row-fluid\">\n<div class=\"row-fluid\">\n<div class=\"row-fluid\">\n<div class=\"row-fluid\">\n<div class=\"row-fluid\">\n<div class=\"row-fluid\">\n<div class=\"row-fluid\">\n<div class=\"row-fluid\">\n<div class=\"row-fluid\">\n<div class=\"row-fluid\">\n<div class=\"row-fluid\">\n<div class=\"row-fluid\">\n<div class=\"row-fluid\">\n<div class=\"row-fluid\">\n<div class=\"row-fluid\">\n<div class=\"row-fluid\">\n<div class=\"row-fluid\">\n<div class=\"row-fluid\">\n<div class=\"row-fluid\">\n<div class=\"row-fluid\">\n<div class=\"row-fluid\">\n<table border=\"0\" width=\"580\" cellspacing=\"0\" cellpadding=\"0\">\n<tbody>\n<tr>\n<td class=\"xl65\" width=\"178\" height=\"20\">Type<\/td>\n<td class=\"xl66\" width=\"414\">T\u00e9l\u00e9commande<\/td>\n<\/tr>\n<tr>\n<td class=\"xl65\" height=\"20\">Voltage<\/td>\n<td class=\"xl68\">10V<\/td>\n<\/tr>\n<tr>\n<td class=\"xl65\" height=\"20\">Usage<\/td>\n<td class=\"xl68\">Int\u00e9rieur<\/td>\n<\/tr>\n<tr>\n<td class=\"xl65\" height=\"20\">Carton int\u00e9rieur<\/td>\n<td class=\"xl66\">0<\/td>\n<\/tr>\n<tr>\n<td class=\"xl65\" height=\"20\">Carton ma\u00eetre<\/td>\n<td class=\"xl66\">1<\/td>\n<\/tr>\n<tr>\n<td class=\"xl65\" height=\"20\">CUP<\/td>\n<td class=\"xl68\">621139801254<\/td>\n<\/tr>\n<tr>\n<td class=\"xl65\" height=\"20\">Feuille d'instruction<\/td>\n<td class=\"xl68\"><a href=\"https:\/\/www.jessar.ca\/wp-content\/uploads\/4-80125-INSTRUCTION.pdf\" target=\"_blank\" rel=\"noopener noreferrer\">4-80125<\/a><\/td>\n<\/tr>\n<\/tbody>\n<\/table>\n<\/div>\n<\/div>\n<\/div>\n<\/div>\n<\/div>\n<\/div>\n<\/div>\n<\/div>\n<\/div>\n<\/div>\n<\/div>\n<\/div>\n<\/div>\n<\/div>\n<\/div>\n<\/div>\n<\/div>\n<\/div>\n<\/div>\n<\/div>\n<\/div>\n<\/div>\n<\/div>\n<\/div>\n<\/div>\n<\/div>\n<\/div>\n<\/div>\n<\/div>\n<\/div>\n<\/div>\n<\/div>\n<\/div>\n<\/div>\n<\/div>\n<\/div>\n<\/div>\n<\/div>\n<\/div>\n<\/div>\n<\/div>\n<\/div>\n<\/div>\n<\/div>\n<\/div>\n<\/div>\n<\/div>\n<\/div>\n<\/div>\n<\/div>\n<\/div>\n<\/div>\n<\/div>\n<\/div>\n<\/div>\n<\/div>\n<\/div>\n<\/div>\n<\/div>\n<\/div>\n<\/div>\n<\/div>\n<\/div>\n<\/div>\n<\/div>\n<\/div>\n<\/div>\n<\/div>\n<\/div>\n<\/div>\n<\/div>\n<\/div>\n<\/div>\n<\/div>\n<\/div>\n<\/div>\n<\/div>\n<\/div>\n<\/div>\n<\/div>\n<\/div>\n<\/div>\n<\/div>\n<\/div>\n<\/div>\n<\/div>\n<\/div>\n<\/div>\n<\/div>\n<\/div>\n<\/div>\n<\/div>\n<\/div>\n<\/div>\n<\/div>\n<\/div>\n<\/div>\n<\/div>\n<\/div>\n<\/div>\n<\/div>\n<\/div>\n<\/div>\n<\/div>\n<\/div>\n<\/div>\n<\/div>\n<\/div>\n<\/div>\n<\/div>\n<\/div>\n<\/div>\n<\/div>\n<\/div>\n<\/div>\n<\/div>\n<\/div>\n<\/div>\n<\/div>\n<\/div>\n<\/div>\n<\/div>\n<\/div>\n<\/div>\n<\/div>\n<\/div>\n<\/div>\n<\/div>\n<\/div>\n<\/div>\n<\/div>\n<\/div>\n<\/div>\n<\/div>\n<\/div>\n<\/div>\n<\/div>\n<\/div>\n<\/div>\n<\/div>\n<\/div>\n<\/div>\n<\/div>\n<\/div>\n<\/div>\n<\/div>\n<\/div>\n<\/div>\n<\/div>\n<\/div>\n<\/div>\n<\/div>\n<\/div>\n<\/div>\n<\/div>\n<\/div>\n<\/div>\n<\/div>\n<\/div>\n<\/div>\n<\/div>\n<\/div>\n<\/div>\n<\/div>\n<\/div>\n<\/div>\n<\/div>\n<\/div>\n<\/div>\n<\/div>\n<\/div>\n<\/div>\n<\/div>\n<\/div>\n<\/div>\n<\/div>\n<\/div>\n<\/div>\n<\/div>\n<\/div>\n<\/div>\n<\/div>\n<\/div>\n<\/div>\n<\/div>\n<\/div>\n<\/div>\n<p> &hellip; <a href=\"https:\/\/www.jessar.ca\/fr\/produit\/pir-sensor-remote-control-4-80125\/\" class=\"more-link\"><span class=\"more-button\">Buy Now<span class=\"screen-reader-text\">T\u00c9L\u00c9COMMANDE \u00c0 CAPTEUR PIR <\/p>\n<p> #4-80125<\/span><\/span><\/a><\/p>","protected":false},"featured_media":13029,"template":"","meta":[],"_links":{"self":[{"href":"https:\/\/www.jessar.ca\/fr\/wp-json\/wp\/v2\/product\/13043"}],"collection":[{"href":"https:\/\/www.jessar.ca\/fr\/wp-json\/wp\/v2\/product"}],"about":[{"href":"https:\/\/www.jessar.ca\/fr\/wp-json\/wp\/v2\/types\/product"}],"wp:featuredmedia":[{"embeddable":true,"href":"https:\/\/www.jessar.ca\/fr\/wp-json\/wp\/v2\/media\/13029"}],"wp:attachment":[{"href":"https:\/\/www.jessar.ca\/fr\/wp-json\/wp\/v2\/media?parent=13043"}],"curies":[{"name":"wp","href":"https:\/\/api.w.org\/{rel}","templated":true}]}}