{"id":13150,"date":"2025-08-07T10:54:31","date_gmt":"2025-08-07T14:54:31","guid":{"rendered":"https:\/\/www.jessar.ca\/?post_type=product&#038;p=13150"},"modified":"2025-08-12T14:09:54","modified_gmt":"2025-08-12T18:09:54","slug":"1-8l-white-electric-kettle-7-99361","status":"publish","type":"product","link":"https:\/\/www.jessar.ca\/fr\/produit\/1-8l-white-electric-kettle-7-99361\/","title":{"rendered":"BOUILLOIRE \u00c9LECTRIQUE BLANCHE 1,8 L <br><br> #7-99361"},"content":{"rendered":"","protected":false},"excerpt":{"rendered":"<p>Code de produit: 7-99361<\/p>\n<p class=\" translation-block\">corps en acier inoxydable au design \u00e9l\u00e9gant avec base d\u00e9tachable et lumi\u00e8re LED 1,8 L (60 oz)\ndimensions (l x p x h) : 21,8 x 16 x 26,2 cm<\/p>\n<table width=\"580\">\n<tbody>\n<tr>\n<td class=\"xl67\" height=\"20\">Carton int\u00e9rieur<\/td>\n<td class=\"xl78\">0<\/td>\n<\/tr>\n<tr>\n<td class=\"xl67\" height=\"20\">Carton ma\u00eetre<\/td>\n<td class=\"xl78\">4<\/td>\n<\/tr>\n<tr>\n<td class=\"xl67\" height=\"20\">CUP<\/td>\n<td class=\"xl78\">621139993614<\/td>\n<\/tr>\n<tr>\n<td class=\"xl67\" height=\"20\">Certification<\/td>\n<td class=\"xl78\"><img loading=\"lazy\" class=\"alignnone wp-image-7207\" src=\"https:\/\/www.jessar.ca\/wp-content\/uploads\/ETL-LOGO-300x228.jpg\" alt=\"\" width=\"48\" height=\"37\" srcset=\"https:\/\/www.jessar.ca\/wp-content\/uploads\/ETL-LOGO-300x228.jpg 300w, https:\/\/www.jessar.ca\/wp-content\/uploads\/ETL-LOGO-768x584.jpg 768w, https:\/\/www.jessar.ca\/wp-content\/uploads\/ETL-LOGO-16x12.jpg 16w, https:\/\/www.jessar.ca\/wp-content\/uploads\/ETL-LOGO-730x547.jpg 730w, https:\/\/www.jessar.ca\/wp-content\/uploads\/ETL-LOGO-800x609.jpg 800w, https:\/\/www.jessar.ca\/wp-content\/uploads\/ETL-LOGO.jpg 878w\" sizes=\"(max-width: 48px) 100vw, 48px\" \/><\/td>\n<\/tr>\n<tr>\n<td class=\"xl67\" height=\"20\">Feuille d'instruction<\/td>\n<td class=\"xl78\"><a href=\"https:\/\/www.jessar.ca\/wp-content\/uploads\/7-99361-Instructions.pdf\" target=\"_blank\" rel=\"noopener noreferrer\">7-99361<\/a><\/td>\n<\/tr>\n<\/tbody>\n<\/table>\n<p> &hellip; <a href=\"https:\/\/www.jessar.ca\/fr\/produit\/1-8l-white-electric-kettle-7-99361\/\" class=\"more-link\"><span class=\"more-button\">Buy Now<span class=\"screen-reader-text\">BOUILLOIRE \u00c9LECTRIQUE BLANCHE 1,8 L <\/p>\n<p> #7-99361<\/span><\/span><\/a><\/p>","protected":false},"featured_media":13144,"template":"","meta":[],"_links":{"self":[{"href":"https:\/\/www.jessar.ca\/fr\/wp-json\/wp\/v2\/product\/13150"}],"collection":[{"href":"https:\/\/www.jessar.ca\/fr\/wp-json\/wp\/v2\/product"}],"about":[{"href":"https:\/\/www.jessar.ca\/fr\/wp-json\/wp\/v2\/types\/product"}],"wp:featuredmedia":[{"embeddable":true,"href":"https:\/\/www.jessar.ca\/fr\/wp-json\/wp\/v2\/media\/13144"}],"wp:attachment":[{"href":"https:\/\/www.jessar.ca\/fr\/wp-json\/wp\/v2\/media?parent=13150"}],"curies":[{"name":"wp","href":"https:\/\/api.w.org\/{rel}","templated":true}]}}