{"id":13154,"date":"2025-08-07T13:11:08","date_gmt":"2025-08-07T17:11:08","guid":{"rendered":"https:\/\/www.jessar.ca\/?post_type=product&#038;p=13154"},"modified":"2025-08-12T14:51:13","modified_gmt":"2025-08-12T18:51:13","slug":"2l-black-electric-kettle-7-99365","status":"publish","type":"product","link":"https:\/\/www.jessar.ca\/fr\/produit\/2l-black-electric-kettle-7-99365\/","title":{"rendered":"BOUILLOIRE \u00c9LECTRIQUE NOIRE 2 L <br><br> #7-99365"},"content":{"rendered":"","protected":false},"excerpt":{"rendered":"<p>Code de produit:7-99365<\/p>\n<p class=\" translation-block\">corps en acier inoxydable au design \u00e9l\u00e9gant avec base d\u00e9tachable et lumi\u00e8re LED 2 L\n(67,6 oz)\ndimensions (l x p x h) : 25,4 x 18,3 x 23,1 cm<\/p>\n<table width=\"580\">\n<tbody>\n<tr>\n<td class=\"xl67\" height=\"20\">Carton int\u00e9rieur<\/td>\n<td class=\"xl78\">0<\/td>\n<\/tr>\n<tr>\n<td class=\"xl67\" height=\"20\">Carton ma\u00eetre<\/td>\n<td class=\"xl78\">4<\/td>\n<\/tr>\n<tr>\n<td class=\"xl67\" height=\"20\">CUP<\/td>\n<td class=\"xl78\">621139993652<\/td>\n<\/tr>\n<tr>\n<td class=\"xl67\" height=\"20\">Certification<\/td>\n<td class=\"xl78\"><img loading=\"lazy\" class=\"alignnone wp-image-7207\" src=\"https:\/\/www.jessar.ca\/wp-content\/uploads\/ETL-LOGO-300x228.jpg\" alt=\"\" width=\"48\" height=\"37\" srcset=\"https:\/\/www.jessar.ca\/wp-content\/uploads\/ETL-LOGO-300x228.jpg 300w, https:\/\/www.jessar.ca\/wp-content\/uploads\/ETL-LOGO-768x584.jpg 768w, https:\/\/www.jessar.ca\/wp-content\/uploads\/ETL-LOGO-16x12.jpg 16w, https:\/\/www.jessar.ca\/wp-content\/uploads\/ETL-LOGO-730x547.jpg 730w, https:\/\/www.jessar.ca\/wp-content\/uploads\/ETL-LOGO-800x609.jpg 800w, https:\/\/www.jessar.ca\/wp-content\/uploads\/ETL-LOGO.jpg 878w\" sizes=\"(max-width: 48px) 100vw, 48px\" \/><\/td>\n<\/tr>\n<tr>\n<td class=\"xl67\" height=\"20\">Feuille d'instruction<\/td>\n<td class=\"xl78\"><a href=\"https:\/\/www.jessar.ca\/wp-content\/uploads\/7-99365-Instructions.pdf\" target=\"_blank\" rel=\"noopener noreferrer\">7-99365<\/a><\/td>\n<\/tr>\n<\/tbody>\n<\/table>\n<p> &hellip; <a href=\"https:\/\/www.jessar.ca\/fr\/produit\/2l-black-electric-kettle-7-99365\/\" class=\"more-link\"><span class=\"more-button\">Buy Now<span class=\"screen-reader-text\">BOUILLOIRE \u00c9LECTRIQUE NOIRE 2 L <\/p>\n<p> #7-99365<\/span><\/span><\/a><\/p>","protected":false},"featured_media":13148,"template":"","meta":[],"_links":{"self":[{"href":"https:\/\/www.jessar.ca\/fr\/wp-json\/wp\/v2\/product\/13154"}],"collection":[{"href":"https:\/\/www.jessar.ca\/fr\/wp-json\/wp\/v2\/product"}],"about":[{"href":"https:\/\/www.jessar.ca\/fr\/wp-json\/wp\/v2\/types\/product"}],"wp:featuredmedia":[{"embeddable":true,"href":"https:\/\/www.jessar.ca\/fr\/wp-json\/wp\/v2\/media\/13148"}],"wp:attachment":[{"href":"https:\/\/www.jessar.ca\/fr\/wp-json\/wp\/v2\/media?parent=13154"}],"curies":[{"name":"wp","href":"https:\/\/api.w.org\/{rel}","templated":true}]}}