{"id":2075,"date":"2020-09-25T15:03:51","date_gmt":"2020-09-25T15:03:51","guid":{"rendered":"http:\/\/10.50.100.5\/?post_type=product&#038;p=2075"},"modified":"2021-05-27T12:02:05","modified_gmt":"2021-05-27T16:02:05","slug":"6-outlet-power-bar-w-1-5ft-14-3-cord","status":"publish","type":"product","link":"https:\/\/www.jessar.ca\/fr\/produit\/6-outlet-power-bar-w-1-5ft-14-3-cord\/","title":{"rendered":"6 PRISES BARRE D'ALIMENTATION \/ EXT 1.5PI 14 \/ 3 CORDE <br><br> #3-70600"},"content":{"rendered":"","protected":false},"excerpt":{"rendered":"<div class=\"row-fluid\" style=\"font-size: 1rem;\">\n<p>Code de produit: 3-70600<\/p>\n<table border=\"0\" width=\"580\" cellspacing=\"0\" cellpadding=\"0\">\n<tbody>\n<tr>\n<td class=\"xl65\" width=\"166\" height=\"20\">Prise<\/td>\n<td class=\"xl66\" width=\"414\">6 - mise \u00e0 la terre<\/td>\n<\/tr>\n<tr>\n<td class=\"xl65\" height=\"20\">Longeur du rallonge<\/td>\n<td class=\"xl66\">1.5 pied (18\u2033)<\/td>\n<\/tr>\n<tr>\n<td class=\"xl65\" height=\"20\">Usage<\/td>\n<td class=\"xl67\">int\u00e9rieur<\/td>\n<\/tr>\n<tr>\n<td class=\"xl65\" height=\"20\">Protection surtension<\/td>\n<td class=\"xl67\">N\/A<\/td>\n<\/tr>\n<tr>\n<td class=\"xl65\" height=\"20\">C\u00f4t\u00e9 \u00e9lectrique<\/td>\n<td class=\"xl66\">15 A-125 VAC-1875 W-60 Hz<\/td>\n<\/tr>\n<tr>\n<td class=\"xl65\" height=\"20\">Carton int\u00e9rieur<\/td>\n<td class=\"xl66\">6<\/td>\n<\/tr>\n<tr>\n<td class=\"xl65\" height=\"20\">Carton ma\u00eetre<\/td>\n<td class=\"xl66\">36<\/td>\n<\/tr>\n<tr>\n<td class=\"xl65\" height=\"20\">CUP<\/td>\n<td class=\"xl68\">621139706009<\/td>\n<\/tr>\n<tr>\n<td class=\"xl65\" height=\"20\">Certification<\/td>\n<td class=\"xl66\"><img loading=\"lazy\" class=\"alignnone wp-image-7208\" src=\"https:\/\/www.jessar.ca\/wp-content\/uploads\/CUL-LOGO-300x228.jpg\" alt=\"\" width=\"46\" height=\"35\" srcset=\"https:\/\/www.jessar.ca\/wp-content\/uploads\/CUL-LOGO-300x228.jpg 300w, https:\/\/www.jessar.ca\/wp-content\/uploads\/CUL-LOGO-768x584.jpg 768w, https:\/\/www.jessar.ca\/wp-content\/uploads\/CUL-LOGO-16x12.jpg 16w, https:\/\/www.jessar.ca\/wp-content\/uploads\/CUL-LOGO-730x547.jpg 730w, https:\/\/www.jessar.ca\/wp-content\/uploads\/CUL-LOGO.jpg 878w, https:\/\/www.jessar.ca\/wp-content\/uploads\/CUL-LOGO-800x609.jpg 800w\" sizes=\"(max-width: 46px) 100vw, 46px\" \/><\/td>\n<\/tr>\n<\/tbody>\n<\/table>\n<\/div>\n<p> &hellip; <a href=\"https:\/\/www.jessar.ca\/fr\/produit\/6-outlet-power-bar-w-1-5ft-14-3-cord\/\" class=\"more-link\"><span class=\"more-button\">Buy Now<span class=\"screen-reader-text\">6 PRISES BARRE D'ALIMENTATION \/ EXT 1.5PI 14 \/ 3 CORDE <\/p>\n<p> #3-70600<\/span><\/span><\/a><\/p>","protected":false},"featured_media":2076,"template":"","meta":[],"_links":{"self":[{"href":"https:\/\/www.jessar.ca\/fr\/wp-json\/wp\/v2\/product\/2075"}],"collection":[{"href":"https:\/\/www.jessar.ca\/fr\/wp-json\/wp\/v2\/product"}],"about":[{"href":"https:\/\/www.jessar.ca\/fr\/wp-json\/wp\/v2\/types\/product"}],"wp:featuredmedia":[{"embeddable":true,"href":"https:\/\/www.jessar.ca\/fr\/wp-json\/wp\/v2\/media\/2076"}],"wp:attachment":[{"href":"https:\/\/www.jessar.ca\/fr\/wp-json\/wp\/v2\/media?parent=2075"}],"curies":[{"name":"wp","href":"https:\/\/api.w.org\/{rel}","templated":true}]}}