{"id":2108,"date":"2020-09-25T17:58:37","date_gmt":"2020-09-25T17:58:37","guid":{"rendered":"http:\/\/10.50.100.5\/?post_type=product&#038;p=2108"},"modified":"2021-05-27T11:42:11","modified_gmt":"2021-05-27T15:42:11","slug":"8-outlets-heavey-duty-1200-joules-6ft-cord-surge-protector","status":"publish","type":"product","link":"https:\/\/www.jessar.ca\/fr\/produit\/8-outlets-heavey-duty-1200-joules-6ft-cord-surge-protector\/","title":{"rendered":"8 PRISES USAGE ROBUSTE 1200 JOULES \/ EXT.6PI \/ PROTECTION SURTENSION <br><br> #3-70626"},"content":{"rendered":"","protected":false},"excerpt":{"rendered":"<div class=\"row-fluid\" style=\"font-size: 1rem;\">\n<p>Code de produit: 3-70626<\/p>\n<table border=\"0\" width=\"580\" cellspacing=\"0\" cellpadding=\"0\">\n<tbody>\n<tr>\n<td class=\"xl65\" width=\"166\" height=\"20\">Prise<\/td>\n<td class=\"xl66\" width=\"414\">8 - mise \u00e0 la terre<\/td>\n<\/tr>\n<tr>\n<td class=\"xl65\" width=\"166\" height=\"20\">Longeur du rallonge<\/td>\n<td class=\"xl66\" width=\"414\">6 pied (1.8m)<\/td>\n<\/tr>\n<tr>\n<td class=\"xl65\" height=\"20\">Usage<\/td>\n<td class=\"xl67\">int\u00e9rieur<\/td>\n<\/tr>\n<tr>\n<td class=\"xl65\" height=\"20\">Protection surtension<\/td>\n<td class=\"xl67\">1200 joules<\/td>\n<\/tr>\n<tr>\n<td class=\"xl65\" height=\"20\">C\u00f4t\u00e9 \u00e9lectrique<\/td>\n<td class=\"xl66\">15 A-125 VAC-1875 W-60 Hz<\/td>\n<\/tr>\n<tr>\n<td class=\"xl65\" height=\"20\">Carton int\u00e9rieur<\/td>\n<td class=\"xl66\">6<\/td>\n<\/tr>\n<tr>\n<td class=\"xl65\" height=\"20\">Carton ma\u00eetre<\/td>\n<td class=\"xl66\">24<\/td>\n<\/tr>\n<tr>\n<td class=\"xl65\" height=\"20\">CUP<\/td>\n<td class=\"xl68\">621139706269<\/td>\n<\/tr>\n<tr>\n<td class=\"xl65\" height=\"20\">Certification<\/td>\n<td class=\"xl66\"><img loading=\"lazy\" class=\"alignnone wp-image-7207\" src=\"https:\/\/www.jessar.ca\/wp-content\/uploads\/ETL-LOGO-300x228.jpg\" alt=\"\" width=\"48\" height=\"37\" srcset=\"https:\/\/www.jessar.ca\/wp-content\/uploads\/ETL-LOGO-300x228.jpg 300w, https:\/\/www.jessar.ca\/wp-content\/uploads\/ETL-LOGO-768x584.jpg 768w, https:\/\/www.jessar.ca\/wp-content\/uploads\/ETL-LOGO-16x12.jpg 16w, https:\/\/www.jessar.ca\/wp-content\/uploads\/ETL-LOGO-730x547.jpg 730w, https:\/\/www.jessar.ca\/wp-content\/uploads\/ETL-LOGO-800x609.jpg 800w, https:\/\/www.jessar.ca\/wp-content\/uploads\/ETL-LOGO.jpg 878w\" sizes=\"(max-width: 48px) 100vw, 48px\" \/><\/td>\n<\/tr>\n<\/tbody>\n<\/table>\n<\/div>\n<p> &hellip; <a href=\"https:\/\/www.jessar.ca\/fr\/produit\/8-outlets-heavey-duty-1200-joules-6ft-cord-surge-protector\/\" class=\"more-link\"><span class=\"more-button\">Buy Now<span class=\"screen-reader-text\">8 PRISES USAGE ROBUSTE 1200 JOULES \/ EXT.6PI \/ PROTECTION SURTENSION <\/p>\n<p> #3-70626<\/span><\/span><\/a><\/p>","protected":false},"featured_media":2102,"template":"","meta":[],"_links":{"self":[{"href":"https:\/\/www.jessar.ca\/fr\/wp-json\/wp\/v2\/product\/2108"}],"collection":[{"href":"https:\/\/www.jessar.ca\/fr\/wp-json\/wp\/v2\/product"}],"about":[{"href":"https:\/\/www.jessar.ca\/fr\/wp-json\/wp\/v2\/types\/product"}],"wp:featuredmedia":[{"embeddable":true,"href":"https:\/\/www.jessar.ca\/fr\/wp-json\/wp\/v2\/media\/2102"}],"wp:attachment":[{"href":"https:\/\/www.jessar.ca\/fr\/wp-json\/wp\/v2\/media?parent=2108"}],"curies":[{"name":"wp","href":"https:\/\/api.w.org\/{rel}","templated":true}]}}