{"id":2110,"date":"2020-09-25T18:02:27","date_gmt":"2020-09-25T22:02:27","guid":{"rendered":"http:\/\/10.50.100.5\/?post_type=product&#038;p=2110"},"modified":"2023-01-09T16:28:53","modified_gmt":"2023-01-09T21:28:53","slug":"12-outlet-heavy-duty-power-bar","status":"publish","type":"product","link":"https:\/\/www.jessar.ca\/fr\/produit\/12-outlet-heavy-duty-power-bar\/","title":{"rendered":"12 PRISES USAGE ROBUSTE 450 JOULES \/ EXT.6PI \/ PROTECTION SURTENSION <br><br> #3-70609"},"content":{"rendered":"","protected":false},"excerpt":{"rendered":"<div class=\"row-fluid\" style=\"font-size: 1rem;\">\n<p>Code de produit: 3-70609<\/p>\n<table border=\"0\" width=\"580\" cellspacing=\"0\" cellpadding=\"0\">\n<colgroup>\n<col width=\"166\" \/>\n<col width=\"414\" \/><\/colgroup>\n<tbody>\n<tr>\n<td class=\"xl65\" width=\"166\" height=\"20\">Prise<\/td>\n<td class=\"xl66\" width=\"414\">12 - mise \u00e0 la terre<\/td>\n<\/tr>\n<tr>\n<td class=\"xl65\" height=\"20\">Longeur du rallonge<\/td>\n<td class=\"xl66\">6 pied (72\")<\/td>\n<\/tr>\n<tr>\n<td class=\"xl65\" height=\"20\">Usage<\/td>\n<td class=\"xl67\">int\u00e9rieur<\/td>\n<\/tr>\n<tr>\n<td class=\"xl65\" height=\"20\">Protection surtension<\/td>\n<td class=\"xl67\">450 joules<\/td>\n<\/tr>\n<tr>\n<td class=\"xl65\" height=\"20\">C\u00f4t\u00e9 \u00e9lectrique<\/td>\n<td class=\"xl66\">15 A-125 VAC-1875 W-60 Hz<\/td>\n<\/tr>\n<tr>\n<td class=\"xl65\" height=\"20\">Carton int\u00e9rieur<\/td>\n<td class=\"xl66\">0<\/td>\n<\/tr>\n<tr>\n<td class=\"xl65\" height=\"20\">Carton ma\u00eetre<\/td>\n<td class=\"xl66\">4<\/td>\n<\/tr>\n<tr>\n<td class=\"xl65\" height=\"20\">CUP<\/td>\n<td class=\"xl68\">621139706092<\/td>\n<\/tr>\n<tr>\n<td class=\"xl65\" height=\"20\">Certification<\/td>\n<td class=\"xl66\"><img loading=\"lazy\" class=\"alignnone wp-image-7208\" src=\"https:\/\/www.jessar.ca\/wp-content\/uploads\/CUL-LOGO-300x228.jpg\" alt=\"\" width=\"46\" height=\"35\" srcset=\"https:\/\/www.jessar.ca\/wp-content\/uploads\/CUL-LOGO-300x228.jpg 300w, https:\/\/www.jessar.ca\/wp-content\/uploads\/CUL-LOGO-768x584.jpg 768w, https:\/\/www.jessar.ca\/wp-content\/uploads\/CUL-LOGO-16x12.jpg 16w, https:\/\/www.jessar.ca\/wp-content\/uploads\/CUL-LOGO-730x547.jpg 730w, https:\/\/www.jessar.ca\/wp-content\/uploads\/CUL-LOGO.jpg 878w, https:\/\/www.jessar.ca\/wp-content\/uploads\/CUL-LOGO-800x609.jpg 800w\" sizes=\"(max-width: 46px) 100vw, 46px\" \/><\/td>\n<\/tr>\n<\/tbody>\n<\/table>\n<\/div>\n<p> &hellip; <a href=\"https:\/\/www.jessar.ca\/fr\/produit\/12-outlet-heavy-duty-power-bar\/\" class=\"more-link\"><span class=\"more-button\">Buy Now<span class=\"screen-reader-text\">12 PRISES USAGE ROBUSTE 450 JOULES \/ EXT.6PI \/ PROTECTION SURTENSION <\/p>\n<p> #3-70609<\/span><\/span><\/a><\/p>","protected":false},"featured_media":2103,"template":"","meta":[],"_links":{"self":[{"href":"https:\/\/www.jessar.ca\/fr\/wp-json\/wp\/v2\/product\/2110"}],"collection":[{"href":"https:\/\/www.jessar.ca\/fr\/wp-json\/wp\/v2\/product"}],"about":[{"href":"https:\/\/www.jessar.ca\/fr\/wp-json\/wp\/v2\/types\/product"}],"wp:featuredmedia":[{"embeddable":true,"href":"https:\/\/www.jessar.ca\/fr\/wp-json\/wp\/v2\/media\/2103"}],"wp:attachment":[{"href":"https:\/\/www.jessar.ca\/fr\/wp-json\/wp\/v2\/media?parent=2110"}],"curies":[{"name":"wp","href":"https:\/\/api.w.org\/{rel}","templated":true}]}}