{"id":3203,"date":"2020-10-06T14:48:40","date_gmt":"2020-10-06T14:48:40","guid":{"rendered":"http:\/\/10.50.100.5\/?post_type=product&#038;p=3203"},"modified":"2021-05-17T10:36:55","modified_gmt":"2021-05-17T14:36:55","slug":"track-bar-led-integrated-2-heads-nickel-anita","status":"publish","type":"product","link":"https:\/\/www.jessar.ca\/fr\/produit\/track-bar-led-integrated-2-heads-nickel-anita\/","title":{"rendered":"RAIL D\u2019\u00c9CLAIRAGE 2 T\u00caTES DEL INT\u00c9GR\u00c9ES  NICKEL \u201cANITA\u201d <br><br> #5-90082"},"content":{"rendered":"","protected":false},"excerpt":{"rendered":"<div class=\"row-fluid\" style=\"font-size: 1rem;\">\n<p>Code de produit: 5-90082<\/p>\n<table border=\"0\" width=\"580\" cellspacing=\"0\" cellpadding=\"0\">\n<tbody>\n<tr>\n<td class=\"xl65\" width=\"178\" height=\"20\">Type<\/td>\n<td class=\"xl66\" width=\"414\">Rail d'\u00e9clairage<\/td>\n<\/tr>\n<tr>\n<td class=\"xl65\" height=\"20\">Ampoule requise<\/td>\n<td class=\"xl66\">Utilise que 2 x 5w (2 x 400 Lumens)<\/td>\n<\/tr>\n<tr>\n<td class=\"xl65\" height=\"20\">Couleur<\/td>\n<td class=\"xl66\">3000K blanc doux<\/td>\n<\/tr>\n<tr>\n<td class=\"xl65\" height=\"20\">Fini<\/td>\n<td class=\"xl67\">Nickel<\/td>\n<\/tr>\n<tr>\n<td class=\"xl65\" height=\"20\">Graduelle<\/td>\n<td class=\"xl67\">Non<\/td>\n<\/tr>\n<tr>\n<td class=\"xl65\" height=\"20\">Dimensions<\/td>\n<td class=\"xl67\">L: 37 cm (14.56\u201d)\u00a0 \u00a0H: 17 cm (6.69\u201d)<\/td>\n<\/tr>\n<tr>\n<td class=\"xl65\" height=\"20\">Carton int\u00e9rieur<\/td>\n<td class=\"xl66\">0<\/td>\n<\/tr>\n<tr>\n<td class=\"xl65\" height=\"20\">Carton ma\u00eetre<\/td>\n<td class=\"xl66\">6<\/td>\n<\/tr>\n<tr>\n<td class=\"xl65\" height=\"20\">CUP<\/td>\n<td class=\"xl67\">621139900827<\/td>\n<\/tr>\n<tr>\n<td class=\"xl65\" height=\"20\">Certification<\/td>\n<td class=\"xl67\"><img loading=\"lazy\" class=\"alignnone  wp-image-7207\" src=\"https:\/\/www.jessar.ca\/wp-content\/uploads\/ETL-LOGO-300x228.jpg\" alt=\"\" width=\"46\" height=\"35\" srcset=\"https:\/\/www.jessar.ca\/wp-content\/uploads\/ETL-LOGO-300x228.jpg 300w, https:\/\/www.jessar.ca\/wp-content\/uploads\/ETL-LOGO-768x584.jpg 768w, https:\/\/www.jessar.ca\/wp-content\/uploads\/ETL-LOGO-16x12.jpg 16w, https:\/\/www.jessar.ca\/wp-content\/uploads\/ETL-LOGO-730x547.jpg 730w, https:\/\/www.jessar.ca\/wp-content\/uploads\/ETL-LOGO.jpg 878w, https:\/\/www.jessar.ca\/wp-content\/uploads\/ETL-LOGO-800x609.jpg 800w\" sizes=\"(max-width: 46px) 100vw, 46px\" \/><\/td>\n<\/tr>\n<tr>\n<td class=\"xl65\" height=\"20\">Feuille d'instruction<\/td>\n<td class=\"xl67\"><a title=\"5-90082\" href=\"http:\/\/www.jessar.ca\/wp-content\/uploads\/5-90082-INSTRUCTION.pdf\" target=\"_blank\" rel=\"noopener noreferrer\">5-90082<\/a><\/td>\n<\/tr>\n<\/tbody>\n<\/table>\n<\/div>\n<p> &hellip; <a href=\"https:\/\/www.jessar.ca\/fr\/produit\/track-bar-led-integrated-2-heads-nickel-anita\/\" class=\"more-link\"><span class=\"more-button\">Buy Now<span class=\"screen-reader-text\">RAIL D\u2019\u00c9CLAIRAGE 2 T\u00caTES DEL INT\u00c9GR\u00c9ES  NICKEL \u201cANITA\u201d <\/p>\n<p> #5-90082<\/span><\/span><\/a><\/p>","protected":false},"featured_media":3207,"template":"","meta":[],"_links":{"self":[{"href":"https:\/\/www.jessar.ca\/fr\/wp-json\/wp\/v2\/product\/3203"}],"collection":[{"href":"https:\/\/www.jessar.ca\/fr\/wp-json\/wp\/v2\/product"}],"about":[{"href":"https:\/\/www.jessar.ca\/fr\/wp-json\/wp\/v2\/types\/product"}],"wp:featuredmedia":[{"embeddable":true,"href":"https:\/\/www.jessar.ca\/fr\/wp-json\/wp\/v2\/media\/3207"}],"wp:attachment":[{"href":"https:\/\/www.jessar.ca\/fr\/wp-json\/wp\/v2\/media?parent=3203"}],"curies":[{"name":"wp","href":"https:\/\/api.w.org\/{rel}","templated":true}]}}