{"id":3385,"date":"2020-10-07T12:45:38","date_gmt":"2020-10-07T12:45:38","guid":{"rendered":"http:\/\/10.50.100.5\/?post_type=product&#038;p=3385"},"modified":"2021-05-17T11:16:18","modified_gmt":"2021-05-17T15:16:18","slug":"led-outdoor-security-light-58w-7500l-5000k-day-light-photocell","status":"publish","type":"product","link":"https:\/\/www.jessar.ca\/fr\/produit\/led-outdoor-security-light-58w-7500l-5000k-day-light-photocell\/","title":{"rendered":"FIXTURE DE S\u00c9CURIT\u00c9 AU DEL 58W \/ 7500L \/ 5000K LUMI\u00c8RE DU JOUR + PHOTOCELLULE <br><br> #4-80035"},"content":{"rendered":"","protected":false},"excerpt":{"rendered":"<div class=\"row-fluid\" style=\"font-size: 1rem;\">\n<div class=\"row-fluid\">\n<p>Code de produit: 4-80035<\/p>\n<div class=\"row-fluid\">\n<div class=\"row-fluid\">\n<div class=\"row-fluid\">\n<div class=\"row-fluid\">\n<div class=\"row-fluid\">\n<div class=\"row-fluid\">\n<div class=\"row-fluid\">\n<div class=\"row-fluid\">\n<div class=\"row-fluid\">\n<div class=\"row-fluid\">\n<div class=\"row-fluid\">\n<div class=\"row-fluid\">\n<div class=\"row-fluid\">\n<div class=\"row-fluid\">\n<div class=\"row-fluid\">\n<div class=\"row-fluid\">\n<div class=\"row-fluid\">\n<div class=\"row-fluid\">\n<div class=\"row-fluid\">\n<div class=\"row-fluid\">\n<div class=\"row-fluid\">\n<div class=\"row-fluid\">\n<div class=\"row-fluid\">\n<div class=\"row-fluid\">\n<div class=\"row-fluid\">\n<div class=\"row-fluid\">\n<div class=\"row-fluid\">\n<div class=\"row-fluid\">\n<div class=\"row-fluid\">\n<div class=\"row-fluid\">\n<div class=\"row-fluid\">\n<div class=\"widget\" data-type=\"view\" data-index=\"1\">\n<div class=\"product-detail clearfix row-fluid\">\n<div class=\"row-fluid\">\n<div class=\"span8\">\n<div class=\"row-fluid\">\n<div class=\"row-fluid\">\n<div class=\"row-fluid\">\n<div class=\"row-fluid\">\n<div class=\"row-fluid\">\n<div class=\"row-fluid\">\n<div class=\"row-fluid\">\n<div class=\"row-fluid\">\n<div class=\"row-fluid\">\n<div class=\"row-fluid\">\n<div class=\"row-fluid\">\n<div class=\"row-fluid\">\n<div class=\"row-fluid\">\n<div class=\"row-fluid\">\n<div class=\"row-fluid\">\n<div class=\"row-fluid\">\n<div class=\"row-fluid\">\n<div class=\"row-fluid\">\n<div class=\"row-fluid\">\n<div class=\"row-fluid\">\n<div class=\"row-fluid\">\n<div class=\"row-fluid\">\n<div class=\"row-fluid\">\n<div class=\"row-fluid\">\n<div class=\"row-fluid\">\n<div class=\"row-fluid\">\n<div class=\"row-fluid\">\n<div class=\"row-fluid\">\n<div class=\"row-fluid\">\n<div class=\"row-fluid\">\n<div class=\"row-fluid\">\n<div class=\"row-fluid\">\n<div class=\"row-fluid\">\n<div class=\"row-fluid\">\n<div class=\"row-fluid\">\n<div class=\"row-fluid\">\n<div class=\"row-fluid\">\n<div class=\"row-fluid\">\n<div class=\"row-fluid\">\n<div class=\"row-fluid\">\n<div class=\"row-fluid\">\n<div class=\"row-fluid\">\n<div class=\"row-fluid\">\n<div class=\"row-fluid\">\n<div class=\"row-fluid\">\n<div class=\"row-fluid\">\n<div class=\"row-fluid\">\n<div class=\"row-fluid\">\n<div class=\"row-fluid\">\n<div class=\"row-fluid\">\n<div class=\"row-fluid\">\n<div class=\"row-fluid\">\n<div class=\"row-fluid\">\n<div class=\"row-fluid\">\n<div class=\"row-fluid\">\n<div class=\"row-fluid\">\n<div class=\"row-fluid\">\n<div class=\"row-fluid\">\n<div class=\"row-fluid\">\n<div class=\"row-fluid\">\n<div class=\"row-fluid\">\n<div class=\"row-fluid\">\n<div class=\"row-fluid\">\n<div class=\"row-fluid\">\n<div class=\"row-fluid\">\n<div class=\"row-fluid\">\n<div class=\"row-fluid\">\n<div class=\"row-fluid\">\n<div class=\"row-fluid\">\n<div class=\"row-fluid\">\n<div class=\"row-fluid\">\n<div class=\"row-fluid\">\n<div class=\"row-fluid\">\n<div class=\"row-fluid\">\n<div class=\"row-fluid\">\n<div class=\"row-fluid\">\n<div class=\"row-fluid\">\n<div class=\"row-fluid\">\n<div class=\"row-fluid\">\n<div class=\"row-fluid\">\n<div class=\"row-fluid\">\n<div class=\"row-fluid\">\n<div class=\"row-fluid\">\n<div class=\"row-fluid\">\n<div class=\"row-fluid\">\n<div class=\"row-fluid\">\n<div class=\"row-fluid\">\n<div class=\"row-fluid\">\n<div class=\"row-fluid\">\n<div class=\"row-fluid\">\n<div class=\"row-fluid\">\n<div class=\"row-fluid\">\n<div class=\"row-fluid\">\n<div class=\"row-fluid\">\n<div class=\"row-fluid\">\n<div class=\"row-fluid\">\n<div class=\"row-fluid\">\n<div class=\"row-fluid\">\n<div class=\"row-fluid\">\n<div class=\"row-fluid\">\n<div class=\"row-fluid\">\n<div class=\"row-fluid\">\n<div class=\"row-fluid\">\n<div class=\"row-fluid\">\n<div class=\"row-fluid\">\n<div class=\"row-fluid\">\n<div class=\"row-fluid\">\n<div class=\"row-fluid\">\n<div class=\"row-fluid\">\n<div class=\"row-fluid\">\n<div class=\"row-fluid\">\n<div class=\"row-fluid\">\n<div class=\"row-fluid\">\n<div class=\"row-fluid\">\n<div class=\"row-fluid\">\n<div class=\"row-fluid\">\n<div class=\"row-fluid\">\n<div class=\"row-fluid\">\n<div class=\"row-fluid\">\n<div class=\"row-fluid\">\n<div class=\"row-fluid\">\n<div class=\"row-fluid\">\n<div class=\"row-fluid\">\n<div class=\"row-fluid\">\n<div class=\"row-fluid\">\n<div class=\"row-fluid\">\n<div class=\"row-fluid\">\n<div class=\"row-fluid\">\n<div class=\"row-fluid\">\n<div class=\"row-fluid\">\n<div class=\"row-fluid\">\n<div class=\"row-fluid\">\n<div class=\"row-fluid\">\n<div class=\"row-fluid\">\n<div class=\"row-fluid\">\n<div class=\"row-fluid\">\n<div class=\"row-fluid\">\n<div class=\"row-fluid\">\n<div class=\"row-fluid\">\n<table border=\"0\" cellspacing=\"0\" cellpadding=\"0\">\n<tbody>\n<tr>\n<td width=\"166\" height=\"20\">Type<\/td>\n<td class=\"xl65\" width=\"414\">DEL<\/td>\n<\/tr>\n<tr>\n<td height=\"20\">Wattage<\/td>\n<td class=\"xl65\">58W<\/td>\n<\/tr>\n<tr>\n<td height=\"20\">Flux lumineux<\/td>\n<td>7500 lumens<\/td>\n<\/tr>\n<tr>\n<td height=\"20\">Temp\u00e9rature de couleur<\/td>\n<td class=\"xl65\">5000K lumi\u00e8re du jour<\/td>\n<\/tr>\n<tr>\n<td height=\"20\">Voltage<\/td>\n<td class=\"xl65\">100V-277V<\/td>\n<\/tr>\n<tr>\n<td height=\"20\">Usage<\/td>\n<td class=\"xl65\">ext\u00e9rieur - imperm\u00e9able<\/td>\n<\/tr>\n<tr>\n<td height=\"20\">Dur\u00e9e de vie<\/td>\n<td>50,000 heures<\/td>\n<\/tr>\n<tr>\n<td colspan=\"2\" height=\"20\">S'allume automatiquement au cr\u00e9puscule et s'\u00e9teint \u00e0 l'aube<\/td>\n<\/tr>\n<tr>\n<td height=\"20\">Carton int\u00e9rieur<\/td>\n<td class=\"xl65\">0<\/td>\n<\/tr>\n<tr>\n<td height=\"20\">Carton ma\u00eetre<\/td>\n<td class=\"xl65\">1<\/td>\n<\/tr>\n<tr>\n<td height=\"20\">CUP<\/td>\n<td class=\"xl66\">621139800356<\/td>\n<\/tr>\n<tr>\n<td height=\"20\">Certification<\/td>\n<td class=\"xl65\"><img loading=\"lazy\" class=\"alignnone wp-image-7207\" src=\"https:\/\/www.jessar.ca\/wp-content\/uploads\/ETL-LOGO-300x228.jpg\" alt=\"\" width=\"48\" height=\"37\" srcset=\"https:\/\/www.jessar.ca\/wp-content\/uploads\/ETL-LOGO-300x228.jpg 300w, https:\/\/www.jessar.ca\/wp-content\/uploads\/ETL-LOGO-768x584.jpg 768w, https:\/\/www.jessar.ca\/wp-content\/uploads\/ETL-LOGO-16x12.jpg 16w, https:\/\/www.jessar.ca\/wp-content\/uploads\/ETL-LOGO-730x547.jpg 730w, https:\/\/www.jessar.ca\/wp-content\/uploads\/ETL-LOGO-800x609.jpg 800w, https:\/\/www.jessar.ca\/wp-content\/uploads\/ETL-LOGO.jpg 878w\" sizes=\"(max-width: 48px) 100vw, 48px\" \/><\/td>\n<\/tr>\n<tr>\n<td height=\"20\">Feuille d'instruction<\/td>\n<td class=\"xl65\"><a href=\"http:\/\/www.jessar.ca\/wp-content\/uploads\/4-80035-instruction-sheet.pdf\" target=\"_blank\" rel=\"noopener noreferrer\">4-80035<\/a><\/td>\n<\/tr>\n<\/tbody>\n<\/table>\n<\/div>\n<\/div>\n<\/div>\n<\/div>\n<\/div>\n<\/div>\n<\/div>\n<\/div>\n<\/div>\n<\/div>\n<\/div>\n<\/div>\n<\/div>\n<\/div>\n<\/div>\n<\/div>\n<\/div>\n<\/div>\n<\/div>\n<\/div>\n<\/div>\n<\/div>\n<\/div>\n<\/div>\n<\/div>\n<\/div>\n<\/div>\n<\/div>\n<\/div>\n<\/div>\n<\/div>\n<\/div>\n<\/div>\n<\/div>\n<\/div>\n<\/div>\n<\/div>\n<\/div>\n<\/div>\n<\/div>\n<\/div>\n<\/div>\n<\/div>\n<\/div>\n<\/div>\n<\/div>\n<\/div>\n<\/div>\n<\/div>\n<\/div>\n<\/div>\n<\/div>\n<\/div>\n<\/div>\n<\/div>\n<\/div>\n<\/div>\n<\/div>\n<\/div>\n<\/div>\n<\/div>\n<\/div>\n<\/div>\n<\/div>\n<\/div>\n<\/div>\n<\/div>\n<\/div>\n<\/div>\n<\/div>\n<\/div>\n<\/div>\n<\/div>\n<\/div>\n<\/div>\n<\/div>\n<\/div>\n<\/div>\n<\/div>\n<\/div>\n<\/div>\n<\/div>\n<\/div>\n<\/div>\n<\/div>\n<\/div>\n<\/div>\n<\/div>\n<\/div>\n<\/div>\n<\/div>\n<\/div>\n<\/div>\n<\/div>\n<\/div>\n<\/div>\n<\/div>\n<\/div>\n<\/div>\n<\/div>\n<\/div>\n<\/div>\n<\/div>\n<\/div>\n<\/div>\n<\/div>\n<\/div>\n<\/div>\n<\/div>\n<\/div>\n<\/div>\n<\/div>\n<\/div>\n<\/div>\n<\/div>\n<\/div>\n<\/div>\n<\/div>\n<\/div>\n<\/div>\n<\/div>\n<\/div>\n<\/div>\n<\/div>\n<\/div>\n<\/div>\n<\/div>\n<\/div>\n<\/div>\n<\/div>\n<\/div>\n<\/div>\n<\/div>\n<\/div>\n<\/div>\n<\/div>\n<\/div>\n<\/div>\n<\/div>\n<\/div>\n<\/div>\n<\/div>\n<\/div>\n<\/div>\n<\/div>\n<\/div>\n<\/div>\n<\/div>\n<\/div>\n<\/div>\n<\/div>\n<\/div>\n<\/div>\n<\/div>\n<\/div>\n<\/div>\n<\/div>\n<\/div>\n<\/div>\n<\/div>\n<\/div>\n<\/div>\n<\/div>\n<\/div>\n<\/div>\n<\/div>\n<\/div>\n<\/div>\n<\/div>\n<\/div>\n<\/div>\n<\/div>\n<\/div>\n<\/div>\n<\/div>\n<\/div>\n<p> &hellip; <a href=\"https:\/\/www.jessar.ca\/fr\/produit\/led-outdoor-security-light-58w-7500l-5000k-day-light-photocell\/\" class=\"more-link\"><span class=\"more-button\">Buy Now<span class=\"screen-reader-text\">FIXTURE DE S\u00c9CURIT\u00c9 AU DEL 58W \/ 7500L \/ 5000K LUMI\u00c8RE DU JOUR + PHOTOCELLULE <\/p>\n<p> #4-80035<\/span><\/span><\/a><\/p>","protected":false},"featured_media":3386,"template":"","meta":[],"_links":{"self":[{"href":"https:\/\/www.jessar.ca\/fr\/wp-json\/wp\/v2\/product\/3385"}],"collection":[{"href":"https:\/\/www.jessar.ca\/fr\/wp-json\/wp\/v2\/product"}],"about":[{"href":"https:\/\/www.jessar.ca\/fr\/wp-json\/wp\/v2\/types\/product"}],"wp:featuredmedia":[{"embeddable":true,"href":"https:\/\/www.jessar.ca\/fr\/wp-json\/wp\/v2\/media\/3386"}],"wp:attachment":[{"href":"https:\/\/www.jessar.ca\/fr\/wp-json\/wp\/v2\/media?parent=3385"}],"curies":[{"name":"wp","href":"https:\/\/api.w.org\/{rel}","templated":true}]}}