{"id":3408,"date":"2020-10-07T13:56:39","date_gmt":"2020-10-07T13:56:39","guid":{"rendered":"http:\/\/10.50.100.5\/?post_type=product&#038;p=3408"},"modified":"2021-05-17T11:10:30","modified_gmt":"2021-05-17T15:10:30","slug":"led-outdoor-security-light-14-42w-4000l-5000k-day-light","status":"publish","type":"product","link":"https:\/\/www.jessar.ca\/fr\/produit\/led-outdoor-security-light-14-42w-4000l-5000k-day-light\/","title":{"rendered":"FIXTURE EXT\u00c9RIEUR DE S\u00c9CURIT\u00c9 DEL 14'' \/ 42W \/ 4000L \/ 5000K LUMI\u00c8RE DU JOUR <br><br> #4-80037"},"content":{"rendered":"","protected":false},"excerpt":{"rendered":"<div class=\"row-fluid\" style=\"font-size: 1rem;\">\n<div class=\"row-fluid\">\n<p>Code de produit: 4-80037<\/p>\n<div class=\"row-fluid\">\n<div class=\"row-fluid\">\n<div class=\"row-fluid\">\n<div class=\"row-fluid\">\n<div class=\"row-fluid\">\n<div class=\"row-fluid\">\n<div class=\"row-fluid\">\n<div class=\"row-fluid\">\n<div class=\"row-fluid\">\n<div class=\"row-fluid\">\n<div class=\"row-fluid\">\n<div class=\"row-fluid\">\n<div class=\"row-fluid\">\n<div class=\"row-fluid\">\n<div class=\"row-fluid\">\n<div class=\"row-fluid\">\n<div class=\"row-fluid\">\n<div class=\"row-fluid\">\n<div class=\"row-fluid\">\n<div class=\"row-fluid\">\n<div class=\"row-fluid\">\n<div class=\"row-fluid\">\n<div class=\"row-fluid\">\n<div class=\"row-fluid\">\n<div class=\"row-fluid\">\n<div class=\"row-fluid\">\n<div class=\"row-fluid\">\n<div class=\"row-fluid\">\n<div class=\"row-fluid\">\n<div class=\"row-fluid\">\n<div class=\"row-fluid\">\n<div class=\"widget\" data-type=\"view\" data-index=\"1\">\n<div class=\"product-detail clearfix row-fluid\">\n<div class=\"row-fluid\">\n<div class=\"span8\">\n<div class=\"row-fluid\">\n<div class=\"row-fluid\">\n<div class=\"row-fluid\">\n<div class=\"row-fluid\">\n<div class=\"row-fluid\">\n<div class=\"row-fluid\">\n<div class=\"row-fluid\">\n<div class=\"row-fluid\">\n<div class=\"row-fluid\">\n<div class=\"row-fluid\">\n<div class=\"row-fluid\">\n<div class=\"row-fluid\">\n<div class=\"row-fluid\">\n<div class=\"row-fluid\">\n<div class=\"row-fluid\">\n<div class=\"row-fluid\">\n<div class=\"row-fluid\">\n<div class=\"row-fluid\">\n<div class=\"row-fluid\">\n<div class=\"row-fluid\">\n<div class=\"row-fluid\">\n<div class=\"row-fluid\">\n<div class=\"row-fluid\">\n<div class=\"row-fluid\">\n<div class=\"row-fluid\">\n<div class=\"row-fluid\">\n<div class=\"row-fluid\">\n<div class=\"row-fluid\">\n<div class=\"row-fluid\">\n<div class=\"row-fluid\">\n<div class=\"row-fluid\">\n<div class=\"row-fluid\">\n<div class=\"row-fluid\">\n<div class=\"row-fluid\">\n<div class=\"row-fluid\">\n<div class=\"row-fluid\">\n<div class=\"row-fluid\">\n<div class=\"row-fluid\">\n<div class=\"row-fluid\">\n<div class=\"row-fluid\">\n<div class=\"row-fluid\">\n<div class=\"row-fluid\">\n<div class=\"row-fluid\">\n<div class=\"row-fluid\">\n<div class=\"row-fluid\">\n<div class=\"row-fluid\">\n<div class=\"row-fluid\">\n<div class=\"row-fluid\">\n<div class=\"row-fluid\">\n<div class=\"row-fluid\">\n<div class=\"row-fluid\">\n<div class=\"row-fluid\">\n<div class=\"row-fluid\">\n<div class=\"row-fluid\">\n<div class=\"row-fluid\">\n<div class=\"row-fluid\">\n<div class=\"row-fluid\">\n<div class=\"row-fluid\">\n<div class=\"row-fluid\">\n<div class=\"row-fluid\">\n<div class=\"row-fluid\">\n<div class=\"row-fluid\">\n<div class=\"row-fluid\">\n<div class=\"row-fluid\">\n<div class=\"row-fluid\">\n<div class=\"row-fluid\">\n<div class=\"row-fluid\">\n<div class=\"row-fluid\">\n<div class=\"row-fluid\">\n<div class=\"row-fluid\">\n<div class=\"row-fluid\">\n<div class=\"row-fluid\">\n<div class=\"row-fluid\">\n<div class=\"row-fluid\">\n<div class=\"row-fluid\">\n<div class=\"row-fluid\">\n<div class=\"row-fluid\">\n<div class=\"row-fluid\">\n<div class=\"row-fluid\">\n<div class=\"row-fluid\">\n<div class=\"row-fluid\">\n<div class=\"row-fluid\">\n<div class=\"row-fluid\">\n<div class=\"row-fluid\">\n<div class=\"row-fluid\">\n<div class=\"row-fluid\">\n<div class=\"row-fluid\">\n<div class=\"row-fluid\">\n<div class=\"row-fluid\">\n<div class=\"row-fluid\">\n<div class=\"row-fluid\">\n<div class=\"row-fluid\">\n<div class=\"row-fluid\">\n<div class=\"row-fluid\">\n<div class=\"row-fluid\">\n<div class=\"row-fluid\">\n<div class=\"row-fluid\">\n<div class=\"row-fluid\">\n<div class=\"row-fluid\">\n<div class=\"row-fluid\">\n<div class=\"row-fluid\">\n<div class=\"row-fluid\">\n<div class=\"row-fluid\">\n<div class=\"row-fluid\">\n<div class=\"row-fluid\">\n<div class=\"row-fluid\">\n<div class=\"row-fluid\">\n<div class=\"row-fluid\">\n<div class=\"row-fluid\">\n<div class=\"row-fluid\">\n<div class=\"row-fluid\">\n<div class=\"row-fluid\">\n<div class=\"row-fluid\">\n<div class=\"row-fluid\">\n<div class=\"row-fluid\">\n<div class=\"row-fluid\">\n<div class=\"row-fluid\">\n<div class=\"row-fluid\">\n<div class=\"row-fluid\">\n<div class=\"row-fluid\">\n<div class=\"row-fluid\">\n<div class=\"row-fluid\">\n<div class=\"row-fluid\">\n<div class=\"row-fluid\">\n<div class=\"row-fluid\">\n<div class=\"row-fluid\">\n<div class=\"row-fluid\">\n<div class=\"row-fluid\">\n<div class=\"row-fluid\">\n<div class=\"row-fluid\">\n<div class=\"row-fluid\">\n<div class=\"row-fluid\">\n<div class=\"row-fluid\">\n<div class=\"row-fluid\">\n<div class=\"row-fluid\">\n<div class=\"row-fluid\">\n<div class=\"row-fluid\">\n<div class=\"row-fluid\">\n<div class=\"row-fluid\">\n<table border=\"0\" cellspacing=\"0\" cellpadding=\"0\">\n<colgroup>\n<col width=\"166\" \/>\n<col width=\"414\" \/><\/colgroup>\n<tbody>\n<tr>\n<td width=\"166\" height=\"20\">Type<\/td>\n<td class=\"xl65\" width=\"414\">DEL<\/td>\n<\/tr>\n<tr>\n<td height=\"20\">Wattage<\/td>\n<td class=\"xl65\">42W<\/td>\n<\/tr>\n<tr>\n<td height=\"20\">Flux lumineux<\/td>\n<td>4000 lumens<\/td>\n<\/tr>\n<tr>\n<td height=\"20\">Temp\u00e9rature de couleur<\/td>\n<td class=\"xl65\">5000K lumi\u00e8re du jour<\/td>\n<\/tr>\n<tr>\n<td height=\"20\">Voltage<\/td>\n<td class=\"xl65\">100V-277V<\/td>\n<\/tr>\n<tr>\n<td height=\"20\">Usage<\/td>\n<td class=\"xl65\">ext\u00e9rieur - imperm\u00e9able<\/td>\n<\/tr>\n<tr>\n<td height=\"20\">Dur\u00e9e de vie<\/td>\n<td>50,000 heures<\/td>\n<\/tr>\n<tr>\n<td height=\"20\">Carton int\u00e9rieur<\/td>\n<td class=\"xl65\">0<\/td>\n<\/tr>\n<tr>\n<td height=\"20\">Carton ma\u00eetre<\/td>\n<td class=\"xl65\">2<\/td>\n<\/tr>\n<tr>\n<td height=\"20\">CUP<\/td>\n<td class=\"xl66\">621139800370<\/td>\n<\/tr>\n<tr>\n<td height=\"20\">Certification<\/td>\n<td class=\"xl65\"><img loading=\"lazy\" class=\"alignnone wp-image-7207\" src=\"https:\/\/www.jessar.ca\/wp-content\/uploads\/ETL-LOGO-300x228.jpg\" alt=\"\" width=\"48\" height=\"37\" srcset=\"https:\/\/www.jessar.ca\/wp-content\/uploads\/ETL-LOGO-300x228.jpg 300w, https:\/\/www.jessar.ca\/wp-content\/uploads\/ETL-LOGO-768x584.jpg 768w, https:\/\/www.jessar.ca\/wp-content\/uploads\/ETL-LOGO-16x12.jpg 16w, https:\/\/www.jessar.ca\/wp-content\/uploads\/ETL-LOGO-730x547.jpg 730w, https:\/\/www.jessar.ca\/wp-content\/uploads\/ETL-LOGO-800x609.jpg 800w, https:\/\/www.jessar.ca\/wp-content\/uploads\/ETL-LOGO.jpg 878w\" sizes=\"(max-width: 48px) 100vw, 48px\" \/><\/td>\n<\/tr>\n<tr>\n<td height=\"20\">Feuille d'instruction<\/td>\n<td class=\"xl65\"><a href=\"http:\/\/www.jessar.ca\/wp-content\/uploads\/4-80037_instruction-sheet.pdf\" target=\"_blank\" rel=\"noopener noreferrer\">4-80037<\/a><\/td>\n<\/tr>\n<\/tbody>\n<\/table>\n<\/div>\n<\/div>\n<\/div>\n<\/div>\n<\/div>\n<\/div>\n<\/div>\n<\/div>\n<\/div>\n<\/div>\n<\/div>\n<\/div>\n<\/div>\n<\/div>\n<\/div>\n<\/div>\n<\/div>\n<\/div>\n<\/div>\n<\/div>\n<\/div>\n<\/div>\n<\/div>\n<\/div>\n<\/div>\n<\/div>\n<\/div>\n<\/div>\n<\/div>\n<\/div>\n<\/div>\n<\/div>\n<\/div>\n<\/div>\n<\/div>\n<\/div>\n<\/div>\n<\/div>\n<\/div>\n<\/div>\n<\/div>\n<\/div>\n<\/div>\n<\/div>\n<\/div>\n<\/div>\n<\/div>\n<\/div>\n<\/div>\n<\/div>\n<\/div>\n<\/div>\n<\/div>\n<\/div>\n<\/div>\n<\/div>\n<\/div>\n<\/div>\n<\/div>\n<\/div>\n<\/div>\n<\/div>\n<\/div>\n<\/div>\n<\/div>\n<\/div>\n<\/div>\n<\/div>\n<\/div>\n<\/div>\n<\/div>\n<\/div>\n<\/div>\n<\/div>\n<\/div>\n<\/div>\n<\/div>\n<\/div>\n<\/div>\n<\/div>\n<\/div>\n<\/div>\n<\/div>\n<\/div>\n<\/div>\n<\/div>\n<\/div>\n<\/div>\n<\/div>\n<\/div>\n<\/div>\n<\/div>\n<\/div>\n<\/div>\n<\/div>\n<\/div>\n<\/div>\n<\/div>\n<\/div>\n<\/div>\n<\/div>\n<\/div>\n<\/div>\n<\/div>\n<\/div>\n<\/div>\n<\/div>\n<\/div>\n<\/div>\n<\/div>\n<\/div>\n<\/div>\n<\/div>\n<\/div>\n<\/div>\n<\/div>\n<\/div>\n<\/div>\n<\/div>\n<\/div>\n<\/div>\n<\/div>\n<\/div>\n<\/div>\n<\/div>\n<\/div>\n<\/div>\n<\/div>\n<\/div>\n<\/div>\n<\/div>\n<\/div>\n<\/div>\n<\/div>\n<\/div>\n<\/div>\n<\/div>\n<\/div>\n<\/div>\n<\/div>\n<\/div>\n<\/div>\n<\/div>\n<\/div>\n<\/div>\n<\/div>\n<\/div>\n<\/div>\n<\/div>\n<\/div>\n<\/div>\n<\/div>\n<\/div>\n<\/div>\n<\/div>\n<\/div>\n<\/div>\n<\/div>\n<\/div>\n<\/div>\n<\/div>\n<\/div>\n<\/div>\n<\/div>\n<\/div>\n<\/div>\n<\/div>\n<\/div>\n<\/div>\n<\/div>\n<\/div>\n<\/div>\n<\/div>\n<\/div>\n<\/div>\n<\/div>\n<p> &hellip; <a href=\"https:\/\/www.jessar.ca\/fr\/produit\/led-outdoor-security-light-14-42w-4000l-5000k-day-light\/\" class=\"more-link\"><span class=\"more-button\">Buy Now<span class=\"screen-reader-text\">FIXTURE EXT\u00c9RIEUR DE S\u00c9CURIT\u00c9 DEL 14'' \/ 42W \/ 4000L \/ 5000K LUMI\u00c8RE DU JOUR <\/p>\n<p> #4-80037<\/span><\/span><\/a><\/p>","protected":false},"featured_media":3396,"template":"","meta":[],"_links":{"self":[{"href":"https:\/\/www.jessar.ca\/fr\/wp-json\/wp\/v2\/product\/3408"}],"collection":[{"href":"https:\/\/www.jessar.ca\/fr\/wp-json\/wp\/v2\/product"}],"about":[{"href":"https:\/\/www.jessar.ca\/fr\/wp-json\/wp\/v2\/types\/product"}],"wp:featuredmedia":[{"embeddable":true,"href":"https:\/\/www.jessar.ca\/fr\/wp-json\/wp\/v2\/media\/3396"}],"wp:attachment":[{"href":"https:\/\/www.jessar.ca\/fr\/wp-json\/wp\/v2\/media?parent=3408"}],"curies":[{"name":"wp","href":"https:\/\/api.w.org\/{rel}","templated":true}]}}