{"id":3871,"date":"2020-10-09T15:17:08","date_gmt":"2020-10-09T15:17:08","guid":{"rendered":"http:\/\/10.50.100.5\/?post_type=product&#038;p=3871"},"modified":"2021-05-17T13:30:24","modified_gmt":"2021-05-17T17:30:24","slug":"led-wall-mount-9w-120v-3000k-soft-white-juliette","status":"publish","type":"product","link":"https:\/\/www.jessar.ca\/fr\/produit\/led-wall-mount-9w-120v-3000k-soft-white-juliette\/","title":{"rendered":"LUMINAIRE MURAL D'EXT\u00c9RI. DEL \"JULIETTE\" <br><br> #4-80081"},"content":{"rendered":"","protected":false},"excerpt":{"rendered":"<div class=\"row-fluid\" style=\"font-size: 1rem;\">\n<p>Code de produit: 4-80081<\/p>\n<table border=\"0\" cellspacing=\"0\" cellpadding=\"0\">\n<tbody>\n<tr>\n<td width=\"166\" height=\"20\">Type<\/td>\n<td class=\"xl65\" width=\"414\">Luminaire mural d'ext\u00e9rieur Int\u00e9gr\u00e9e \u00e0 DEL<\/td>\n<\/tr>\n<tr>\n<td width=\"166\" height=\"20\">Ampoule requise<\/td>\n<td class=\"xl65\" width=\"414\">Utilise que 9W (400 Lumens)<\/td>\n<\/tr>\n<tr>\n<td height=\"20\">Temp\u00e9rature de couleur<\/td>\n<td class=\"xl65\">3000K Blanc Doux<\/td>\n<\/tr>\n<tr>\n<td height=\"20\">Dur\u00e9e de vie<\/td>\n<td>50,000 Heures<\/td>\n<\/tr>\n<tr>\n<td height=\"20\">Voltage<\/td>\n<td class=\"xl65\">120V<\/td>\n<\/tr>\n<tr>\n<td class=\"xl65\" height=\"20\">Fini<\/td>\n<td class=\"xl67\">Fini noir<\/td>\n<\/tr>\n<tr>\n<td class=\"xl65\" height=\"20\">Dimensions<\/td>\n<td class=\"xl67\">W: 13.97 cm (5.5\u201d) H: 26.67 cm (10.5\u201d)<\/td>\n<\/tr>\n<tr>\n<td height=\"20\">Usage<\/td>\n<td class=\"xl65\">Ext\u00e9rieur<\/td>\n<\/tr>\n<tr>\n<td height=\"20\">Carton int\u00e9rieur<\/td>\n<td class=\"xl65\">0<\/td>\n<\/tr>\n<tr>\n<td height=\"20\">Carton ma\u00eetre<\/td>\n<td class=\"xl65\">4<\/td>\n<\/tr>\n<tr>\n<td height=\"20\">CUP<\/td>\n<td class=\"xl66\">621139800813<\/td>\n<\/tr>\n<tr>\n<td height=\"20\">Certification<\/td>\n<td class=\"xl65\"><img loading=\"lazy\" class=\"alignnone  wp-image-7207\" src=\"https:\/\/www.jessar.ca\/wp-content\/uploads\/ETL-LOGO-300x228.jpg\" alt=\"\" width=\"46\" height=\"35\" srcset=\"https:\/\/www.jessar.ca\/wp-content\/uploads\/ETL-LOGO-300x228.jpg 300w, https:\/\/www.jessar.ca\/wp-content\/uploads\/ETL-LOGO-768x584.jpg 768w, https:\/\/www.jessar.ca\/wp-content\/uploads\/ETL-LOGO-16x12.jpg 16w, https:\/\/www.jessar.ca\/wp-content\/uploads\/ETL-LOGO-730x547.jpg 730w, https:\/\/www.jessar.ca\/wp-content\/uploads\/ETL-LOGO.jpg 878w, https:\/\/www.jessar.ca\/wp-content\/uploads\/ETL-LOGO-800x609.jpg 800w\" sizes=\"(max-width: 46px) 100vw, 46px\" \/><\/td>\n<\/tr>\n<tr>\n<td height=\"20\">Feuille d'instruction<\/td>\n<td class=\"xl65\"><a href=\"http:\/\/www.jessar.ca\/wp-content\/uploads\/4-80081_instruction-sheet.pdf\" target=\"_blank\" rel=\"noopener noreferrer\">4-80081<\/a><\/td>\n<\/tr>\n<\/tbody>\n<\/table>\n<\/div>\n<div class=\"row-fluid\">\n<div id=\"productRatingPartialContainer\"><\/div>\n<\/div>\n<div class=\"row-fluid\">\n<div class=\"span8\"><\/div>\n<div class=\"span4\"><\/div>\n<\/div>\n<div class=\"row-fluid\">\n<div class=\"span6\"><\/div>\n<div class=\"span6\"><\/div>\n<\/div>\n<div class=\"row-fluid\">\n<div class=\"span12\">\n<div class=\"product-kit-list\">\n<h5>Cet ensemble contient:<\/h5>\n<ul>\n<li>BC \/ Frais de recup. Fixture Category.A (1pk)*\u00a0<span class=\"muted\">(x 1)<\/span><\/li>\n<\/ul>\n<p><span class=\"muted\">*Ce produit comporte des frais suppl\u00e9mentaires<\/span><\/p>\n<\/div>\n<\/div>\n<\/div>\n<p> &hellip; <a href=\"https:\/\/www.jessar.ca\/fr\/produit\/led-wall-mount-9w-120v-3000k-soft-white-juliette\/\" class=\"more-link\"><span class=\"more-button\">Buy Now<span class=\"screen-reader-text\">LUMINAIRE MURAL D'EXT\u00c9RI. DEL \"JULIETTE\" <\/p>\n<p> #4-80081<\/span><\/span><\/a><\/p>","protected":false},"featured_media":3868,"template":"","meta":[],"_links":{"self":[{"href":"https:\/\/www.jessar.ca\/fr\/wp-json\/wp\/v2\/product\/3871"}],"collection":[{"href":"https:\/\/www.jessar.ca\/fr\/wp-json\/wp\/v2\/product"}],"about":[{"href":"https:\/\/www.jessar.ca\/fr\/wp-json\/wp\/v2\/types\/product"}],"wp:featuredmedia":[{"embeddable":true,"href":"https:\/\/www.jessar.ca\/fr\/wp-json\/wp\/v2\/media\/3868"}],"wp:attachment":[{"href":"https:\/\/www.jessar.ca\/fr\/wp-json\/wp\/v2\/media?parent=3871"}],"curies":[{"name":"wp","href":"https:\/\/api.w.org\/{rel}","templated":true}]}}