{"id":4464,"date":"2020-10-28T19:57:48","date_gmt":"2020-10-28T23:57:48","guid":{"rendered":"http:\/\/10.50.100.5\/?post_type=product&#038;p=4464"},"modified":"2023-05-08T10:51:35","modified_gmt":"2023-05-08T14:51:35","slug":"3-tier-shoe-rack","status":"publish","type":"product","link":"https:\/\/www.jessar.ca\/fr\/produit\/3-tier-shoe-rack\/","title":{"rendered":"\u00c9TAG\u00c8RE \u00c0 CHAUSSURES 3 NIVEAUX <br><br> #6-00843"},"content":{"rendered":"","protected":false},"excerpt":{"rendered":"<div class=\"row-fluid\" style=\"font-size: 1rem;\">\n<p>Code de produit: 6-00843<\/p>\n<table width=\"580\">\n<tbody>\n<tr>\n<td class=\"xl67\" colspan=\"2\" height=\"20\">L: 63 cm W: 30 cm H: 53 cm<\/td>\n<\/tr>\n<tr>\n<td class=\"xl67\" height=\"20\">Carton int\u00e9rieur<\/td>\n<td class=\"xl78\">0<\/td>\n<\/tr>\n<tr>\n<td class=\"xl67\" height=\"20\">Carton ma\u00eetre<\/td>\n<td class=\"xl78\">6<\/td>\n<\/tr>\n<tr>\n<td class=\"xl67\" height=\"20\">CUP<\/td>\n<td class=\"xl78\">621139008431<\/td>\n<\/tr>\n<\/tbody>\n<\/table>\n<\/div>\n<p> &hellip; <a href=\"https:\/\/www.jessar.ca\/fr\/produit\/3-tier-shoe-rack\/\" class=\"more-link\"><span class=\"more-button\">Buy Now<span class=\"screen-reader-text\">\u00c9TAG\u00c8RE \u00c0 CHAUSSURES 3 NIVEAUX <\/p>\n<p> #6-00843<\/span><\/span><\/a><\/p>","protected":false},"featured_media":4465,"template":"","meta":[],"_links":{"self":[{"href":"https:\/\/www.jessar.ca\/fr\/wp-json\/wp\/v2\/product\/4464"}],"collection":[{"href":"https:\/\/www.jessar.ca\/fr\/wp-json\/wp\/v2\/product"}],"about":[{"href":"https:\/\/www.jessar.ca\/fr\/wp-json\/wp\/v2\/types\/product"}],"wp:featuredmedia":[{"embeddable":true,"href":"https:\/\/www.jessar.ca\/fr\/wp-json\/wp\/v2\/media\/4465"}],"wp:attachment":[{"href":"https:\/\/www.jessar.ca\/fr\/wp-json\/wp\/v2\/media?parent=4464"}],"curies":[{"name":"wp","href":"https:\/\/api.w.org\/{rel}","templated":true}]}}