{"id":4470,"date":"2020-10-28T20:08:14","date_gmt":"2020-10-28T20:08:14","guid":{"rendered":"http:\/\/10.50.100.5\/?post_type=product&#038;p=4470"},"modified":"2021-05-17T09:57:33","modified_gmt":"2021-05-17T13:57:33","slug":"vanity-light-1-light-fairview","status":"publish","type":"product","link":"https:\/\/www.jessar.ca\/fr\/produit\/vanity-light-1-light-fairview\/","title":{"rendered":"LUMI\u00c8RE D\u00c9CORATIVE DE VANIT\u00c9 \"FAIRVIEW\" <br><br> #5-90202"},"content":{"rendered":"","protected":false},"excerpt":{"rendered":"<div class=\"row-fluid\" style=\"font-size: 1rem;\">\n<div class=\"row-fluid\">\n<div class=\"row-fluid\">\n<div class=\"row-fluid\">\n<div class=\"row-fluid\">\n<div class=\"row-fluid\">\n<div class=\"row-fluid\">\n<div class=\"row-fluid\">\n<div class=\"row-fluid\">\n<div class=\"row-fluid\">\n<div class=\"row-fluid\">\n<div class=\"row-fluid\">\n<div class=\"row-fluid\">\n<div class=\"row-fluid\">\n<div class=\"row-fluid\">\n<div class=\"row-fluid\">\n<div class=\"row-fluid\">\n<div class=\"row-fluid\">\n<div class=\"row-fluid\">\n<div class=\"row-fluid\">\n<div class=\"row-fluid\">\n<div class=\"row-fluid\">\n<div class=\"row-fluid\">\n<div class=\"row-fluid\">\n<div class=\"row-fluid\">\n<div class=\"row-fluid\">\n<div class=\"row-fluid\">\n<div class=\"row-fluid\">\n<div class=\"row-fluid\">\n<div class=\"row-fluid\">\n<div class=\"row-fluid\">\n<div class=\"row-fluid\">\n<div class=\"widget\" data-type=\"view\" data-index=\"1\">\n<div class=\"product-detail clearfix row-fluid\">\n<div class=\"row-fluid\">\n<div class=\"span8\">\n<p>Code de produit: 5-90202<\/p>\n<table border=\"0\" width=\"580\" cellspacing=\"0\" cellpadding=\"0\">\n<tbody>\n<tr>\n<td class=\"xl65\" width=\"166\" height=\"20\">Type<\/td>\n<td class=\"xl66\" width=\"414\">LUMI\u00c8RE D\u00c9CORATIVE DE VANIT\u00c9<\/td>\n<\/tr>\n<tr>\n<td class=\"xl65\" height=\"20\">Ampoule requise<\/td>\n<td class=\"xl66\">Ampoule incluse 1 x Culot G9 50W Max 3000K<\/td>\n<\/tr>\n<tr>\n<td class=\"xl65\" height=\"20\">Fini<\/td>\n<td class=\"xl67\">Fini Chrome<\/td>\n<\/tr>\n<tr>\n<td class=\"xl65\" height=\"20\">Dimensions<\/td>\n<td class=\"xl67\">W: 13.3 cm (5.24\u201d) H: 13.3 cm (5.24\u201d)<\/td>\n<\/tr>\n<tr>\n<td class=\"xl65\" height=\"20\">Carton int\u00e9rieur<\/td>\n<td class=\"xl66\">0<\/td>\n<\/tr>\n<tr>\n<td class=\"xl65\" height=\"20\">Carton ma\u00eetre<\/td>\n<td class=\"xl66\">8<\/td>\n<\/tr>\n<tr>\n<td class=\"xl65\" height=\"20\">CUP<\/td>\n<td class=\"xl67\">621139902029<\/td>\n<\/tr>\n<tr>\n<td class=\"xl65\" height=\"20\">Certification<\/td>\n<td class=\"xl67\"><img loading=\"lazy\" class=\"alignnone wp-image-7208\" src=\"https:\/\/www.jessar.ca\/wp-content\/uploads\/CUL-LOGO-300x228.jpg\" alt=\"\" width=\"46\" height=\"35\" srcset=\"https:\/\/www.jessar.ca\/wp-content\/uploads\/CUL-LOGO-300x228.jpg 300w, https:\/\/www.jessar.ca\/wp-content\/uploads\/CUL-LOGO-768x584.jpg 768w, https:\/\/www.jessar.ca\/wp-content\/uploads\/CUL-LOGO-16x12.jpg 16w, https:\/\/www.jessar.ca\/wp-content\/uploads\/CUL-LOGO-730x547.jpg 730w, https:\/\/www.jessar.ca\/wp-content\/uploads\/CUL-LOGO.jpg 878w, https:\/\/www.jessar.ca\/wp-content\/uploads\/CUL-LOGO-800x609.jpg 800w\" sizes=\"(max-width: 46px) 100vw, 46px\" \/><\/td>\n<\/tr>\n<tr>\n<td class=\"xl65\" height=\"20\">Feuille d'instruction<\/td>\n<td class=\"xl67\"><a href=\"http:\/\/www.jessar.ca\/wp-content\/uploads\/5-90202_instruction-sheet.pdf\" target=\"_blank\" rel=\"noopener noreferrer\">5-90202<\/a><\/td>\n<\/tr>\n<\/tbody>\n<\/table>\n<\/div>\n<\/div>\n<\/div>\n<\/div>\n<\/div>\n<\/div>\n<\/div>\n<\/div>\n<\/div>\n<\/div>\n<\/div>\n<\/div>\n<\/div>\n<\/div>\n<\/div>\n<\/div>\n<\/div>\n<\/div>\n<\/div>\n<\/div>\n<\/div>\n<\/div>\n<\/div>\n<\/div>\n<\/div>\n<\/div>\n<\/div>\n<\/div>\n<\/div>\n<\/div>\n<\/div>\n<\/div>\n<\/div>\n<\/div>\n<\/div>\n<\/div>\n<p> &hellip; <a href=\"https:\/\/www.jessar.ca\/fr\/produit\/vanity-light-1-light-fairview\/\" class=\"more-link\"><span class=\"more-button\">Buy Now<span class=\"screen-reader-text\">LUMI\u00c8RE D\u00c9CORATIVE DE VANIT\u00c9 \"FAIRVIEW\" <\/p>\n<p> #5-90202<\/span><\/span><\/a><\/p>","protected":false},"featured_media":4467,"template":"","meta":[],"_links":{"self":[{"href":"https:\/\/www.jessar.ca\/fr\/wp-json\/wp\/v2\/product\/4470"}],"collection":[{"href":"https:\/\/www.jessar.ca\/fr\/wp-json\/wp\/v2\/product"}],"about":[{"href":"https:\/\/www.jessar.ca\/fr\/wp-json\/wp\/v2\/types\/product"}],"wp:featuredmedia":[{"embeddable":true,"href":"https:\/\/www.jessar.ca\/fr\/wp-json\/wp\/v2\/media\/4467"}],"wp:attachment":[{"href":"https:\/\/www.jessar.ca\/fr\/wp-json\/wp\/v2\/media?parent=4470"}],"curies":[{"name":"wp","href":"https:\/\/api.w.org\/{rel}","templated":true}]}}