{"id":6660,"date":"2021-02-10T14:22:17","date_gmt":"2021-02-10T14:22:17","guid":{"rendered":"http:\/\/10.50.100.5\/?post_type=product&#038;p=6660"},"modified":"2021-05-17T11:53:29","modified_gmt":"2021-05-17T15:53:29","slug":"led-integrated-outdoor-wall-mount-12w-800l-120v-3000k-soft-white-wilson","status":"publish","type":"product","link":"https:\/\/www.jessar.ca\/fr\/produit\/led-integrated-outdoor-wall-mount-12w-800l-120v-3000k-soft-white-wilson\/","title":{"rendered":"LUMINAIRE MURAL D'EXT\u00c9RI. DEL \"WILSON\" <br><br> #5-90240"},"content":{"rendered":"","protected":false},"excerpt":{"rendered":"<div class=\"row-fluid\" style=\"font-size: 1rem;\">\n<p>Code de produit: 5-90240<\/p>\n<table border=\"0\" cellspacing=\"0\" cellpadding=\"0\">\n<tbody>\n<tr>\n<td width=\"166\" height=\"20\">Type<\/td>\n<td class=\"xl65\" width=\"414\">Luminaire mural d'ext\u00e9rieur Int\u00e9gr\u00e9e \u00e0 DEL<\/td>\n<\/tr>\n<tr>\n<td width=\"166\" height=\"20\">Ampoule requise<\/td>\n<td class=\"xl65\" width=\"414\">Utilise que 12W (800 Lumens)<\/td>\n<\/tr>\n<tr>\n<td height=\"20\">Temp\u00e9rature de couleur<\/td>\n<td class=\"xl65\">3000K Blanc Doux<\/td>\n<\/tr>\n<tr>\n<td height=\"20\">Dur\u00e9e de vie<\/td>\n<td>30,000 Hours<\/td>\n<\/tr>\n<tr>\n<td height=\"20\">Voltage<\/td>\n<td class=\"xl65\">120V<\/td>\n<\/tr>\n<tr>\n<td class=\"xl65\" height=\"20\">Fini<\/td>\n<td class=\"xl67\">Fini noir<\/td>\n<\/tr>\n<tr>\n<td class=\"xl65\" height=\"20\">Dimensions<\/td>\n<td class=\"xl67\">W: 15.2 cm (6\u201d) H: 30.5 cm (12\u201d)<\/td>\n<\/tr>\n<tr>\n<td height=\"20\">Usage<\/td>\n<td class=\"xl65\">Ext\u00e9rieur<\/td>\n<\/tr>\n<tr>\n<td height=\"20\">Carton int\u00e9rieur<\/td>\n<td class=\"xl65\">0<\/td>\n<\/tr>\n<tr>\n<td height=\"20\">Carton ma\u00eetre<\/td>\n<td class=\"xl65\">8<\/td>\n<\/tr>\n<tr>\n<td height=\"20\">CUP<\/td>\n<td class=\"xl66\">621139902401<\/td>\n<\/tr>\n<tr>\n<td height=\"20\">Certification<\/td>\n<td class=\"xl65\"><img loading=\"lazy\" class=\"alignnone  wp-image-7207\" src=\"https:\/\/www.jessar.ca\/wp-content\/uploads\/ETL-LOGO-300x228.jpg\" alt=\"\" width=\"46\" height=\"35\" srcset=\"https:\/\/www.jessar.ca\/wp-content\/uploads\/ETL-LOGO-300x228.jpg 300w, https:\/\/www.jessar.ca\/wp-content\/uploads\/ETL-LOGO-768x584.jpg 768w, https:\/\/www.jessar.ca\/wp-content\/uploads\/ETL-LOGO-16x12.jpg 16w, https:\/\/www.jessar.ca\/wp-content\/uploads\/ETL-LOGO-730x547.jpg 730w, https:\/\/www.jessar.ca\/wp-content\/uploads\/ETL-LOGO.jpg 878w, https:\/\/www.jessar.ca\/wp-content\/uploads\/ETL-LOGO-800x609.jpg 800w\" sizes=\"(max-width: 46px) 100vw, 46px\" \/><\/td>\n<\/tr>\n<tr>\n<td height=\"20\">Feuille d'instruction<\/td>\n<td class=\"xl65\"><a href=\"http:\/\/www.jessar.ca\/wp-content\/uploads\/5-90240_instruction-sheet.pdf\" target=\"_blank\" rel=\"noopener noreferrer\">5-90240<\/a><\/td>\n<\/tr>\n<\/tbody>\n<\/table>\n<\/div>\n<p> &hellip; <a href=\"https:\/\/www.jessar.ca\/fr\/produit\/led-integrated-outdoor-wall-mount-12w-800l-120v-3000k-soft-white-wilson\/\" class=\"more-link\"><span class=\"more-button\">Buy Now<span class=\"screen-reader-text\">LUMINAIRE MURAL D'EXT\u00c9RI. DEL \"WILSON\" <\/p>\n<p> #5-90240<\/span><\/span><\/a><\/p>","protected":false},"featured_media":6670,"template":"","meta":[],"_links":{"self":[{"href":"https:\/\/www.jessar.ca\/fr\/wp-json\/wp\/v2\/product\/6660"}],"collection":[{"href":"https:\/\/www.jessar.ca\/fr\/wp-json\/wp\/v2\/product"}],"about":[{"href":"https:\/\/www.jessar.ca\/fr\/wp-json\/wp\/v2\/types\/product"}],"wp:featuredmedia":[{"embeddable":true,"href":"https:\/\/www.jessar.ca\/fr\/wp-json\/wp\/v2\/media\/6670"}],"wp:attachment":[{"href":"https:\/\/www.jessar.ca\/fr\/wp-json\/wp\/v2\/media?parent=6660"}],"curies":[{"name":"wp","href":"https:\/\/api.w.org\/{rel}","templated":true}]}}