{"id":7260,"date":"2021-04-27T09:18:46","date_gmt":"2021-04-27T13:18:46","guid":{"rendered":"https:\/\/www.jessar.ca\/?post_type=product&#038;p=7260"},"modified":"2022-10-17T09:43:01","modified_gmt":"2022-10-17T13:43:01","slug":"led-outdoor-wall-mount-montana-5-90263","status":"publish","type":"product","link":"https:\/\/www.jessar.ca\/fr\/produit\/led-outdoor-wall-mount-montana-5-90263\/","title":{"rendered":"LUMINAIRE MURAL D'EXT\u00c9RIEUR DEL \u201cMONTANA\u201d <br><br> #5-90263"},"content":{"rendered":"","protected":false},"excerpt":{"rendered":"<div class=\"row-fluid\" style=\"font-size: 1rem;\">\n<p>Code de produit: 5-90263<\/p>\n<table border=\"0\" cellspacing=\"0\" cellpadding=\"0\">\n<tbody>\n<tr>\n<td width=\"166\" height=\"20\">Type<\/td>\n<td class=\"xl65\" width=\"414\">Luminaire mural d'ext\u00e9rieur Int\u00e9gr\u00e9e \u00e0 DEL<\/td>\n<\/tr>\n<tr>\n<td width=\"166\" height=\"20\">Wattage<\/td>\n<td class=\"xl65\" width=\"414\">Utilise que 12W (840 Lumens)<\/td>\n<\/tr>\n<tr>\n<td height=\"20\">Temp\u00e9rature de couleur<\/td>\n<td class=\"xl65\">3000K \u2013 Blanc doux<\/td>\n<\/tr>\n<tr>\n<td height=\"20\">Dur\u00e9e de vie<\/td>\n<td>50,000 Heures<\/td>\n<\/tr>\n<tr>\n<td height=\"20\">Voltage<\/td>\n<td class=\"xl65\">120V &#8211; 277V<\/td>\n<\/tr>\n<tr>\n<td class=\"xl65\" height=\"20\">Fini<\/td>\n<td class=\"xl67\">Fini noir<\/td>\n<\/tr>\n<tr>\n<td class=\"xl65\" height=\"20\">Dimensions<\/td>\n<td class=\"xl67\">L: 14.0 cm (5.5\u201d)\u00a0 \u00a0D: 5.0 cm (2.0\u201d)\u00a0 \u00a0H: 14.0 cm (5.5\u201d)<\/td>\n<\/tr>\n<tr>\n<td height=\"20\">Usage<\/td>\n<td class=\"xl65\">Ext\u00e9rieur<\/td>\n<\/tr>\n<tr>\n<td height=\"20\">Carton int\u00e9rieur<\/td>\n<td class=\"xl65\">0<\/td>\n<\/tr>\n<tr>\n<td height=\"20\">Carton ma\u00eetre<\/td>\n<td class=\"xl65\">8<\/td>\n<\/tr>\n<tr>\n<td height=\"20\">CUP<\/td>\n<td class=\"xl66\">621139902630<\/td>\n<\/tr>\n<tr>\n<td height=\"20\">Certification<\/td>\n<td class=\"xl65\"><img loading=\"lazy\" class=\"alignnone wp-image-7207\" src=\"https:\/\/www.jessar.ca\/wp-content\/uploads\/ETL-LOGO-300x228.jpg\" alt=\"\" width=\"48\" height=\"37\" srcset=\"https:\/\/www.jessar.ca\/wp-content\/uploads\/ETL-LOGO-300x228.jpg 300w, https:\/\/www.jessar.ca\/wp-content\/uploads\/ETL-LOGO-768x584.jpg 768w, https:\/\/www.jessar.ca\/wp-content\/uploads\/ETL-LOGO-16x12.jpg 16w, https:\/\/www.jessar.ca\/wp-content\/uploads\/ETL-LOGO-730x547.jpg 730w, https:\/\/www.jessar.ca\/wp-content\/uploads\/ETL-LOGO-800x609.jpg 800w, https:\/\/www.jessar.ca\/wp-content\/uploads\/ETL-LOGO.jpg 878w\" sizes=\"(max-width: 48px) 100vw, 48px\" \/><\/td>\n<\/tr>\n<tr>\n<td height=\"20\">Feuille d'instruction<\/td>\n<td class=\"xl65\"><a href=\"https:\/\/www.jessar.ca\/wp-content\/uploads\/5-90263_instruction-sheet.pdf\" target=\"_blank\" rel=\"noopener noreferrer\">5-90263<\/a><\/td>\n<\/tr>\n<\/tbody>\n<\/table>\n<\/div>\n<p> &hellip; <a href=\"https:\/\/www.jessar.ca\/fr\/produit\/led-outdoor-wall-mount-montana-5-90263\/\" class=\"more-link\"><span class=\"more-button\">Buy Now<span class=\"screen-reader-text\">LUMINAIRE MURAL D'EXT\u00c9RIEUR DEL \u201cMONTANA\u201d <\/p>\n<p> #5-90263<\/span><\/span><\/a><\/p>","protected":false},"featured_media":7257,"template":"","meta":[],"_links":{"self":[{"href":"https:\/\/www.jessar.ca\/fr\/wp-json\/wp\/v2\/product\/7260"}],"collection":[{"href":"https:\/\/www.jessar.ca\/fr\/wp-json\/wp\/v2\/product"}],"about":[{"href":"https:\/\/www.jessar.ca\/fr\/wp-json\/wp\/v2\/types\/product"}],"wp:featuredmedia":[{"embeddable":true,"href":"https:\/\/www.jessar.ca\/fr\/wp-json\/wp\/v2\/media\/7257"}],"wp:attachment":[{"href":"https:\/\/www.jessar.ca\/fr\/wp-json\/wp\/v2\/media?parent=7260"}],"curies":[{"name":"wp","href":"https:\/\/api.w.org\/{rel}","templated":true}]}}