{"id":8181,"date":"2021-07-13T13:17:00","date_gmt":"2021-07-13T17:17:00","guid":{"rendered":"https:\/\/www.jessar.ca\/?post_type=product&#038;p=8181"},"modified":"2021-07-14T11:05:18","modified_gmt":"2021-07-14T15:05:18","slug":"4-outlet-wi-fi-power-bar-3-usb-3-70702","status":"publish","type":"product","link":"https:\/\/www.jessar.ca\/fr\/produit\/4-outlet-wi-fi-power-bar-3-usb-3-70702\/","title":{"rendered":"4 PRISES BARRE D'ALIMENTATION WI-FI \/ 3 USB <br><br> #3-70702"},"content":{"rendered":"","protected":false},"excerpt":{"rendered":"<div class=\"row-fluid\" style=\"font-size: 1rem;\">\n<p>Code de produit: 3-70702<\/p>\n<table border=\"0\" width=\"580\" cellspacing=\"0\" cellpadding=\"0\">\n<tbody>\n<tr>\n<td class=\"xl65\" width=\"166\" height=\"20\">Prise<\/td>\n<td class=\"xl66\" width=\"414\">4 \u2013 mise \u00e0 la terre<\/td>\n<\/tr>\n<tr>\n<td class=\"xl65\" height=\"20\">Usage<\/td>\n<td class=\"xl67\">int\u00e9rieur<\/td>\n<\/tr>\n<tr>\n<td class=\"xl65\" height=\"20\">C\u00f4t\u00e9 \u00e9lectrique<\/td>\n<td class=\"xl66\">10A &#8211; 125 VAC &#8211; 1250W<\/td>\n<\/tr>\n<tr>\n<td class=\"xl65\" colspan=\"2\" height=\"20\">3 ports USB - 4.5 (USB compatible avec tous les types de t\u00e9l\u00e9phones intelligents, tablettes et plus)<\/td>\n<\/tr>\n<tr>\n<td class=\"xl65\" height=\"20\">Carton int\u00e9rieur<\/td>\n<td class=\"xl66\">6<\/td>\n<\/tr>\n<tr>\n<td class=\"xl65\" height=\"20\">Carton ma\u00eetre<\/td>\n<td class=\"xl66\">24<\/td>\n<\/tr>\n<tr>\n<td class=\"xl65\" height=\"20\">CUP<\/td>\n<td class=\"xl68\">621139707020<\/td>\n<\/tr>\n<tr>\n<td class=\"xl65\" height=\"20\">Certification<\/td>\n<td class=\"xl66\"><img loading=\"lazy\" class=\"alignnone wp-image-7207\" src=\"https:\/\/www.jessar.ca\/wp-content\/uploads\/ETL-LOGO-300x228.jpg\" sizes=\"(max-width: 48px) 100vw, 48px\" srcset=\"https:\/\/www.jessar.ca\/wp-content\/uploads\/ETL-LOGO-300x228.jpg 300w, https:\/\/www.jessar.ca\/wp-content\/uploads\/ETL-LOGO-768x584.jpg 768w, https:\/\/www.jessar.ca\/wp-content\/uploads\/ETL-LOGO-16x12.jpg 16w, https:\/\/www.jessar.ca\/wp-content\/uploads\/ETL-LOGO-730x547.jpg 730w, https:\/\/www.jessar.ca\/wp-content\/uploads\/ETL-LOGO-800x609.jpg 800w, https:\/\/www.jessar.ca\/wp-content\/uploads\/ETL-LOGO.jpg 878w\" alt=\"\" width=\"48\" height=\"37\" \/><img loading=\"lazy\" class=\"alignnone wp-image-7209\" src=\"https:\/\/www.jessar.ca\/wp-content\/uploads\/FCC-LOGO-300x228.jpg\" sizes=\"(max-width: 35px) 100vw, 35px\" srcset=\"https:\/\/www.jessar.ca\/wp-content\/uploads\/FCC-LOGO-300x228.jpg 300w, https:\/\/www.jessar.ca\/wp-content\/uploads\/FCC-LOGO-768x584.jpg 768w, https:\/\/www.jessar.ca\/wp-content\/uploads\/FCC-LOGO-16x12.jpg 16w, https:\/\/www.jessar.ca\/wp-content\/uploads\/FCC-LOGO-730x547.jpg 730w, https:\/\/www.jessar.ca\/wp-content\/uploads\/FCC-LOGO.jpg 878w, https:\/\/www.jessar.ca\/wp-content\/uploads\/FCC-LOGO-800x609.jpg 800w\" alt=\"\" width=\"35\" height=\"27\" \/><\/td>\n<\/tr>\n<tr>\n<td class=\"xl65\" height=\"20\">Feuille d'instruction<\/td>\n<td><a href=\"https:\/\/www.jessar.ca\/wp-content\/uploads\/WI-FI-OUTDOOR-PLUG_instruction-sheet-NEW.pdf\" target=\"_blank\" rel=\"noopener noreferrer\">3-70702<\/a><\/td>\n<\/tr>\n<\/tbody>\n<\/table>\n<\/div>\n<p> &hellip; <a href=\"https:\/\/www.jessar.ca\/fr\/produit\/4-outlet-wi-fi-power-bar-3-usb-3-70702\/\" class=\"more-link\"><span class=\"more-button\">Buy Now<span class=\"screen-reader-text\">4 PRISES BARRE D'ALIMENTATION WI-FI \/ 3 USB <\/p>\n<p> #3-70702<\/span><\/span><\/a><\/p>","protected":false},"featured_media":8185,"template":"","meta":[],"_links":{"self":[{"href":"https:\/\/www.jessar.ca\/fr\/wp-json\/wp\/v2\/product\/8181"}],"collection":[{"href":"https:\/\/www.jessar.ca\/fr\/wp-json\/wp\/v2\/product"}],"about":[{"href":"https:\/\/www.jessar.ca\/fr\/wp-json\/wp\/v2\/types\/product"}],"wp:featuredmedia":[{"embeddable":true,"href":"https:\/\/www.jessar.ca\/fr\/wp-json\/wp\/v2\/media\/8185"}],"wp:attachment":[{"href":"https:\/\/www.jessar.ca\/fr\/wp-json\/wp\/v2\/media?parent=8181"}],"curies":[{"name":"wp","href":"https:\/\/api.w.org\/{rel}","templated":true}]}}