{"id":8329,"date":"2021-07-20T13:08:59","date_gmt":"2021-07-20T17:08:59","guid":{"rendered":"https:\/\/www.jessar.ca\/?post_type=product&#038;p=8329"},"modified":"2023-09-26T10:43:00","modified_gmt":"2023-09-26T14:43:00","slug":"6-outlet-450-joules-4ft-cord-45-plug-space-saver-surge-protector-3-70598","status":"publish","type":"product","link":"https:\/\/www.jessar.ca\/fr\/produit\/6-outlet-450-joules-4ft-cord-45-plug-space-saver-surge-protector-3-70598\/","title":{"rendered":"6 PRISES 450 JOULES \/ EXT. 4PI \/ PRISE \u00c0 45\u00b0 \/ \u00c9CONO. D'ESPACE \/ PROTECTION SURTENSION<br><br> #3-70598"},"content":{"rendered":"","protected":false},"excerpt":{"rendered":"<div class=\"row-fluid\" style=\"font-size: 1rem;\">\n<p>Code de produit: 3-70598<\/p>\n<table border=\"0\" width=\"580\" cellspacing=\"0\" cellpadding=\"0\">\n<tbody>\n<tr>\n<td class=\"xl65\" width=\"166\" height=\"20\">Prise<\/td>\n<td class=\"xl66\" width=\"414\">6 - mise \u00e0 la terre<\/td>\n<\/tr>\n<tr>\n<td class=\"xl65\" width=\"166\" height=\"20\">Longeur du rallonge<\/td>\n<td class=\"xl66\" width=\"414\">4 pied (1.2m)<\/td>\n<\/tr>\n<tr>\n<td class=\"xl65\" height=\"20\">Usage<\/td>\n<td class=\"xl67\">int\u00e9rieur<\/td>\n<\/tr>\n<tr>\n<td class=\"xl65\" height=\"20\">Protection surtension<\/td>\n<td class=\"xl67\">450 joules<\/td>\n<\/tr>\n<tr>\n<td class=\"xl65\" height=\"20\">C\u00f4t\u00e9 \u00e9lectrique<\/td>\n<td class=\"xl66\">15A &#8211; 125VAC &#8211; 1875W &#8211; 60Hz<\/td>\n<\/tr>\n<tr>\n<td class=\"xl65\" colspan=\"2\" height=\"20\">Multiprise \u2013 Prise \u00e0 45\u00b0 et \u00e9conomiseur d'espace<\/td>\n<\/tr>\n<tr>\n<td class=\"xl65\" height=\"20\">Carton int\u00e9rieur<\/td>\n<td class=\"xl66\">6<\/td>\n<\/tr>\n<tr>\n<td class=\"xl65\" height=\"20\">Carton ma\u00eetre<\/td>\n<td class=\"xl66\">36<\/td>\n<\/tr>\n<tr>\n<td class=\"xl65\" height=\"20\">CUP<\/td>\n<td class=\"xl68\">621139705989<\/td>\n<\/tr>\n<tr>\n<td class=\"xl65\" height=\"20\">Certification<\/td>\n<td class=\"xl66\"><img loading=\"lazy\" class=\"alignnone wp-image-7207\" src=\"https:\/\/www.jessar.ca\/wp-content\/uploads\/ETL-LOGO-300x228.jpg\" alt=\"\" width=\"48\" height=\"37\" srcset=\"https:\/\/www.jessar.ca\/wp-content\/uploads\/ETL-LOGO-300x228.jpg 300w, https:\/\/www.jessar.ca\/wp-content\/uploads\/ETL-LOGO-768x584.jpg 768w, https:\/\/www.jessar.ca\/wp-content\/uploads\/ETL-LOGO-16x12.jpg 16w, https:\/\/www.jessar.ca\/wp-content\/uploads\/ETL-LOGO-730x547.jpg 730w, https:\/\/www.jessar.ca\/wp-content\/uploads\/ETL-LOGO-800x609.jpg 800w, https:\/\/www.jessar.ca\/wp-content\/uploads\/ETL-LOGO.jpg 878w\" sizes=\"(max-width: 48px) 100vw, 48px\" \/><\/td>\n<\/tr>\n<\/tbody>\n<\/table>\n<\/div>\n<p> &hellip; <a href=\"https:\/\/www.jessar.ca\/fr\/produit\/6-outlet-450-joules-4ft-cord-45-plug-space-saver-surge-protector-3-70598\/\" class=\"more-link\"><span class=\"more-button\">Buy Now<span class=\"screen-reader-text\">6 PRISES 450 JOULES \/ EXT. 4PI \/ PRISE \u00c0 45\u00b0 \/ \u00c9CONO. D'ESPACE \/ PROTECTION SURTENSION<\/p>\n<p> #3-70598<\/span><\/span><\/a><\/p>","protected":false},"featured_media":8330,"template":"","meta":[],"_links":{"self":[{"href":"https:\/\/www.jessar.ca\/fr\/wp-json\/wp\/v2\/product\/8329"}],"collection":[{"href":"https:\/\/www.jessar.ca\/fr\/wp-json\/wp\/v2\/product"}],"about":[{"href":"https:\/\/www.jessar.ca\/fr\/wp-json\/wp\/v2\/types\/product"}],"wp:featuredmedia":[{"embeddable":true,"href":"https:\/\/www.jessar.ca\/fr\/wp-json\/wp\/v2\/media\/8330"}],"wp:attachment":[{"href":"https:\/\/www.jessar.ca\/fr\/wp-json\/wp\/v2\/media?parent=8329"}],"curies":[{"name":"wp","href":"https:\/\/api.w.org\/{rel}","templated":true}]}}