{"id":8336,"date":"2021-07-21T14:04:25","date_gmt":"2021-07-21T18:04:25","guid":{"rendered":"https:\/\/www.jessar.ca\/?post_type=product&#038;p=8336"},"modified":"2025-05-14T11:38:26","modified_gmt":"2025-05-14T15:38:26","slug":"combo-lock-set-deadbolt-7-20229","status":"publish","type":"product","link":"https:\/\/www.jessar.ca\/fr\/produit\/combo-lock-set-deadbolt-7-20229\/","title":{"rendered":"SERRURE D'ENTR\u00c9E \u00c0 CL\u00c9 AVEC P\u00caNE DORMEANT<br><br> #7-20229"},"content":{"rendered":"","protected":false},"excerpt":{"rendered":"<div class=\"row-fluid\" style=\"font-size: 1rem;\">\n<p>Code de produit: 7-20229<\/p>\n<table border=\"0\" width=\"580\" cellspacing=\"0\" cellpadding=\"0\">\n<tbody>\n<tr>\n<td class=\"xl65\" width=\"166\" height=\"20\">\u00c9paisseur de la porte<\/td>\n<td class=\"xl66\" width=\"414\">1-3\/8&#8243; (35 mm) to 2&#8243; (50 mm)<\/td>\n<\/tr>\n<tr>\n<td class=\"xl65\" width=\"166\" height=\"20\">Ajustable<\/td>\n<td class=\"xl66\" width=\"414\">2-3\/8&#8243; (60 mm) or 2-3\/4&#8243; (70 mm)<\/td>\n<\/tr>\n<tr>\n<td class=\"xl65\" colspan=\"2\" height=\"20\">Conforme Aux Normes ANSI Grade 3<\/td>\n<\/tr>\n<tr>\n<td class=\"xl65\" colspan=\"2\" height=\"20\">Garantie 5 Ans<\/td>\n<\/tr>\n<\/tbody>\n<\/table>\n<\/div>\n<p> &hellip; <a href=\"https:\/\/www.jessar.ca\/fr\/produit\/combo-lock-set-deadbolt-7-20229\/\" class=\"more-link\"><span class=\"more-button\">Buy Now<span class=\"screen-reader-text\">SERRURE D'ENTR\u00c9E \u00c0 CL\u00c9 AVEC P\u00caNE DORMEANT<\/p>\n<p> #7-20229<\/span><\/span><\/a><\/p>","protected":false},"featured_media":8343,"template":"","meta":[],"_links":{"self":[{"href":"https:\/\/www.jessar.ca\/fr\/wp-json\/wp\/v2\/product\/8336"}],"collection":[{"href":"https:\/\/www.jessar.ca\/fr\/wp-json\/wp\/v2\/product"}],"about":[{"href":"https:\/\/www.jessar.ca\/fr\/wp-json\/wp\/v2\/types\/product"}],"wp:featuredmedia":[{"embeddable":true,"href":"https:\/\/www.jessar.ca\/fr\/wp-json\/wp\/v2\/media\/8343"}],"wp:attachment":[{"href":"https:\/\/www.jessar.ca\/fr\/wp-json\/wp\/v2\/media?parent=8336"}],"curies":[{"name":"wp","href":"https:\/\/api.w.org\/{rel}","templated":true}]}}