{"id":8673,"date":"2022-01-17T11:18:21","date_gmt":"2022-01-17T16:18:21","guid":{"rendered":"https:\/\/www.jessar.ca\/?post_type=product&#038;p=8673"},"modified":"2023-05-05T10:35:43","modified_gmt":"2023-05-05T14:35:43","slug":"superior-quality-clothes-dryer-6-00799","status":"publish","type":"product","link":"https:\/\/www.jessar.ca\/fr\/produit\/superior-quality-clothes-dryer-6-00799\/","title":{"rendered":"S\u00c9CHOIR \u00c0 LINGE QUALIT\u00c9 SUP\u00c9RIEURE <br><br> #6-00799"},"content":{"rendered":"","protected":false},"excerpt":{"rendered":"<div class=\"row-fluid\" style=\"font-size: 1rem;\">\n<p>Code de produit: 6-00799<\/p>\n<table width=\"580\">\n<tbody>\n<tr>\n<td class=\"xl67\" colspan=\"2\" width=\"580\" height=\"20\">Taille pli\u00e9e: 98 cm x 54 cm<\/td>\n<\/tr>\n<tr>\n<td class=\"xl67\" colspan=\"2\" width=\"580\" height=\"20\">Taille d\u00e9pli\u00e9e: 160 cm x 55 cm x 115 cm<\/td>\n<\/tr>\n<tr>\n<td class=\"xl67\" height=\"20\">Carton int\u00e9rieur<\/td>\n<td class=\"xl78\">0<\/td>\n<\/tr>\n<tr>\n<td class=\"xl67\" height=\"20\">Carton ma\u00eetre<\/td>\n<td class=\"xl78\">6<\/td>\n<\/tr>\n<tr>\n<td class=\"xl67\" height=\"20\">CUP<\/td>\n<td class=\"xl78\">621139007991<\/td>\n<\/tr>\n<\/tbody>\n<\/table>\n<\/div>\n<p> &hellip; <a href=\"https:\/\/www.jessar.ca\/fr\/produit\/superior-quality-clothes-dryer-6-00799\/\" class=\"more-link\"><span class=\"more-button\">Buy Now<span class=\"screen-reader-text\">S\u00c9CHOIR \u00c0 LINGE QUALIT\u00c9 SUP\u00c9RIEURE <\/p>\n<p> #6-00799<\/span><\/span><\/a><\/p>","protected":false},"featured_media":8674,"template":"","meta":[],"_links":{"self":[{"href":"https:\/\/www.jessar.ca\/fr\/wp-json\/wp\/v2\/product\/8673"}],"collection":[{"href":"https:\/\/www.jessar.ca\/fr\/wp-json\/wp\/v2\/product"}],"about":[{"href":"https:\/\/www.jessar.ca\/fr\/wp-json\/wp\/v2\/types\/product"}],"wp:featuredmedia":[{"embeddable":true,"href":"https:\/\/www.jessar.ca\/fr\/wp-json\/wp\/v2\/media\/8674"}],"wp:attachment":[{"href":"https:\/\/www.jessar.ca\/fr\/wp-json\/wp\/v2\/media?parent=8673"}],"curies":[{"name":"wp","href":"https:\/\/api.w.org\/{rel}","templated":true}]}}