{"id":8974,"date":"2022-09-20T08:33:19","date_gmt":"2022-09-20T12:33:19","guid":{"rendered":"https:\/\/www.jessar.ca\/?post_type=product&#038;p=8974"},"modified":"2025-05-13T14:55:59","modified_gmt":"2025-05-13T18:55:59","slug":"fridge-freezer-storage-organizer-31-5-x-15-5-x-9cm-6-00892","status":"publish","type":"product","link":"https:\/\/www.jessar.ca\/fr\/produit\/fridge-freezer-storage-organizer-31-5-x-15-5-x-9cm-6-00892\/","title":{"rendered":"ORGANISATEUR DE RANGEMENT POUR R\u00c9FRIG\u00c9RATEUR ET CONG\u00c9LATEUR <br><br> #6-00892"},"content":{"rendered":"","protected":false},"excerpt":{"rendered":"<p>Code de produit:<\/p>\n<ul>\n<li>31.5 X 15.5 X 9 CM<\/li>\n<\/ul>\n<table border=\"0\" width=\"430\" cellspacing=\"0\" cellpadding=\"0\">\n<tbody>\n<tr>\n<td class=\"xl65\" height=\"20\">Carton int\u00e9rieur<\/td>\n<td class=\"xl67\">0<\/td>\n<\/tr>\n<tr>\n<td class=\"xl65\" height=\"20\">Carton ma\u00eetre<\/td>\n<td class=\"xl67\">12<\/td>\n<\/tr>\n<tr>\n<td class=\"xl65\" height=\"20\">CUP<\/td>\n<td class=\"xl68\">621139008929<\/td>\n<\/tr>\n<\/tbody>\n<\/table>\n<p> &hellip; <a href=\"https:\/\/www.jessar.ca\/fr\/produit\/fridge-freezer-storage-organizer-31-5-x-15-5-x-9cm-6-00892\/\" class=\"more-link\"><span class=\"more-button\">Buy Now<span class=\"screen-reader-text\">ORGANISATEUR DE RANGEMENT POUR R\u00c9FRIG\u00c9RATEUR ET CONG\u00c9LATEUR <\/p>\n<p> #6-00892<\/span><\/span><\/a><\/p>","protected":false},"featured_media":8975,"template":"","meta":[],"_links":{"self":[{"href":"https:\/\/www.jessar.ca\/fr\/wp-json\/wp\/v2\/product\/8974"}],"collection":[{"href":"https:\/\/www.jessar.ca\/fr\/wp-json\/wp\/v2\/product"}],"about":[{"href":"https:\/\/www.jessar.ca\/fr\/wp-json\/wp\/v2\/types\/product"}],"wp:featuredmedia":[{"embeddable":true,"href":"https:\/\/www.jessar.ca\/fr\/wp-json\/wp\/v2\/media\/8975"}],"wp:attachment":[{"href":"https:\/\/www.jessar.ca\/fr\/wp-json\/wp\/v2\/media?parent=8974"}],"curies":[{"name":"wp","href":"https:\/\/api.w.org\/{rel}","templated":true}]}}