{"id":8978,"date":"2022-09-20T09:43:23","date_gmt":"2022-09-20T13:43:23","guid":{"rendered":"https:\/\/www.jessar.ca\/?post_type=product&#038;p=8978"},"modified":"2025-05-13T14:57:07","modified_gmt":"2025-05-13T18:57:07","slug":"fridge-storage-organizer-for-eggs-37-x-11-x-7-5cm-6-00894","status":"publish","type":"product","link":"https:\/\/www.jessar.ca\/fr\/produit\/fridge-storage-organizer-for-eggs-37-x-11-x-7-5cm-6-00894\/","title":{"rendered":"ORGANISATEUR DE RANGEMENT POUR \u0152UFS AU R\u00c9FRIG\u00c9RATEUR <br><br> #6-00894"},"content":{"rendered":"","protected":false},"excerpt":{"rendered":"<p>Code de produit: 6-00894<\/p>\n<ul>\n<li>37 X 11 X 7.5 CM<\/li>\n<\/ul>\n<table border=\"0\" width=\"430\" cellspacing=\"0\" cellpadding=\"0\">\n<tbody>\n<tr>\n<td class=\"xl65\" height=\"20\">Carton int\u00e9rieur<\/td>\n<td class=\"xl67\">0<\/td>\n<\/tr>\n<tr>\n<td class=\"xl65\" height=\"20\">Carton ma\u00eetre<\/td>\n<td class=\"xl67\">12<\/td>\n<\/tr>\n<tr>\n<td class=\"xl65\" height=\"20\">CUP<\/td>\n<td class=\"xl68\">621139008943<\/td>\n<\/tr>\n<\/tbody>\n<\/table>\n<p> &hellip; <a href=\"https:\/\/www.jessar.ca\/fr\/produit\/fridge-storage-organizer-for-eggs-37-x-11-x-7-5cm-6-00894\/\" class=\"more-link\"><span class=\"more-button\">Buy Now<span class=\"screen-reader-text\">ORGANISATEUR DE RANGEMENT POUR \u0152UFS AU R\u00c9FRIG\u00c9RATEUR <\/p>\n<p> #6-00894<\/span><\/span><\/a><\/p>","protected":false},"featured_media":8979,"template":"","meta":[],"_links":{"self":[{"href":"https:\/\/www.jessar.ca\/fr\/wp-json\/wp\/v2\/product\/8978"}],"collection":[{"href":"https:\/\/www.jessar.ca\/fr\/wp-json\/wp\/v2\/product"}],"about":[{"href":"https:\/\/www.jessar.ca\/fr\/wp-json\/wp\/v2\/types\/product"}],"wp:featuredmedia":[{"embeddable":true,"href":"https:\/\/www.jessar.ca\/fr\/wp-json\/wp\/v2\/media\/8979"}],"wp:attachment":[{"href":"https:\/\/www.jessar.ca\/fr\/wp-json\/wp\/v2\/media?parent=8978"}],"curies":[{"name":"wp","href":"https:\/\/api.w.org\/{rel}","templated":true}]}}