{"id":9043,"date":"2022-09-21T09:01:30","date_gmt":"2022-09-21T13:01:30","guid":{"rendered":"https:\/\/www.jessar.ca\/?post_type=product&#038;p=9043"},"modified":"2023-05-08T09:17:35","modified_gmt":"2023-05-08T13:17:35","slug":"4-tier-shelf-rack-wood-color-34x34x125cm-giulia-6-01629","status":"publish","type":"product","link":"https:\/\/www.jessar.ca\/fr\/produit\/4-tier-shelf-rack-wood-color-34x34x125cm-giulia-6-01629\/","title":{"rendered":"\u00c9TAG\u00c8RES \u00c0 4 NIVEAUX COULEUR BOIS 34X34X125CM ''GIULIA'' <br><br> #6-01629"},"content":{"rendered":"","protected":false},"excerpt":{"rendered":"<p>Product code: 6-01629<\/p>\n<p>DIMENSION: 34 X 34 X 125 CM<\/p>\n<table width=\"580\">\n<tbody>\n<tr>\n<td class=\"xl67\" height=\"20\">Carton int\u00e9rieur<\/td>\n<td class=\"xl78\">0<\/td>\n<\/tr>\n<tr>\n<td class=\"xl67\" height=\"20\">Carton ma\u00eetre<\/td>\n<td class=\"xl78\">1<\/td>\n<\/tr>\n<tr>\n<td class=\"xl67\" height=\"20\">CUP<\/td>\n<td class=\"xl78\">621139016290<\/td>\n<\/tr>\n<\/tbody>\n<\/table>\n<p>INSTRUCTION:<a href=\"https:\/\/www.jessar.ca\/wp-content\/uploads\/6-01629-INSTRUCTION-SHEET.pdf\"> 6-01629<\/a> &hellip; <a href=\"https:\/\/www.jessar.ca\/fr\/produit\/4-tier-shelf-rack-wood-color-34x34x125cm-giulia-6-01629\/\" class=\"more-link\"><span class=\"more-button\">Buy Now<span class=\"screen-reader-text\">\u00c9TAG\u00c8RES \u00c0 4 NIVEAUX COULEUR BOIS 34X34X125CM ''GIULIA'' <\/p>\n<p> #6-01629<\/span><\/span><\/a><\/p>","protected":false},"featured_media":9044,"template":"","meta":[],"_links":{"self":[{"href":"https:\/\/www.jessar.ca\/fr\/wp-json\/wp\/v2\/product\/9043"}],"collection":[{"href":"https:\/\/www.jessar.ca\/fr\/wp-json\/wp\/v2\/product"}],"about":[{"href":"https:\/\/www.jessar.ca\/fr\/wp-json\/wp\/v2\/types\/product"}],"wp:featuredmedia":[{"embeddable":true,"href":"https:\/\/www.jessar.ca\/fr\/wp-json\/wp\/v2\/media\/9044"}],"wp:attachment":[{"href":"https:\/\/www.jessar.ca\/fr\/wp-json\/wp\/v2\/media?parent=9043"}],"curies":[{"name":"wp","href":"https:\/\/api.w.org\/{rel}","templated":true}]}}