{"id":9045,"date":"2022-09-21T09:12:38","date_gmt":"2022-09-21T13:12:38","guid":{"rendered":"https:\/\/www.jessar.ca\/?post_type=product&#038;p=9045"},"modified":"2023-05-08T09:17:16","modified_gmt":"2023-05-08T13:17:16","slug":"4-tier-shelf-rack-wood-color-56-7x32-138cm-giulio-6-01630","status":"publish","type":"product","link":"https:\/\/www.jessar.ca\/fr\/produit\/4-tier-shelf-rack-wood-color-56-7x32-138cm-giulio-6-01630\/","title":{"rendered":"\u00c9TAG\u00c8RES \u00c0 4 NIVEAUX COULEUR BOIS 56.7X32.138CM ''GIULIO'' <br><br> #6-01630"},"content":{"rendered":"","protected":false},"excerpt":{"rendered":"<p>Product code: 6-01630<\/p>\n<p>DIMENSION: 56.7 X 32.5 X 138 CM<\/p>\n<table width=\"580\">\n<tbody>\n<tr>\n<td class=\"xl67\" height=\"20\">Carton int\u00e9rieur<\/td>\n<td class=\"xl78\">0<\/td>\n<\/tr>\n<tr>\n<td class=\"xl67\" height=\"20\">Carton ma\u00eetre<\/td>\n<td class=\"xl78\">1<\/td>\n<\/tr>\n<tr>\n<td class=\"xl67\" height=\"20\">CUP<\/td>\n<td class=\"xl78\">621139016306<\/td>\n<\/tr>\n<\/tbody>\n<\/table>\n<p>&nbsp; &hellip; <a href=\"https:\/\/www.jessar.ca\/fr\/produit\/4-tier-shelf-rack-wood-color-56-7x32-138cm-giulio-6-01630\/\" class=\"more-link\"><span class=\"more-button\">Buy Now<span class=\"screen-reader-text\">\u00c9TAG\u00c8RES \u00c0 4 NIVEAUX COULEUR BOIS 56.7X32.138CM ''GIULIO'' <\/p>\n<p> #6-01630<\/span><\/span><\/a><\/p>","protected":false},"featured_media":9046,"template":"","meta":[],"_links":{"self":[{"href":"https:\/\/www.jessar.ca\/fr\/wp-json\/wp\/v2\/product\/9045"}],"collection":[{"href":"https:\/\/www.jessar.ca\/fr\/wp-json\/wp\/v2\/product"}],"about":[{"href":"https:\/\/www.jessar.ca\/fr\/wp-json\/wp\/v2\/types\/product"}],"wp:featuredmedia":[{"embeddable":true,"href":"https:\/\/www.jessar.ca\/fr\/wp-json\/wp\/v2\/media\/9046"}],"wp:attachment":[{"href":"https:\/\/www.jessar.ca\/fr\/wp-json\/wp\/v2\/media?parent=9045"}],"curies":[{"name":"wp","href":"https:\/\/api.w.org\/{rel}","templated":true}]}}