{"id":9156,"date":"2022-10-14T15:25:47","date_gmt":"2022-10-14T19:25:47","guid":{"rendered":"https:\/\/www.jessar.ca\/?post_type=product&#038;p=9156"},"modified":"2023-05-08T09:16:58","modified_gmt":"2023-05-08T13:16:58","slug":"4-tier-shelf-rack-wood-color-60x30x125-5cm-adrien-6-00900","status":"publish","type":"product","link":"https:\/\/www.jessar.ca\/fr\/produit\/4-tier-shelf-rack-wood-color-60x30x125-5cm-adrien-6-00900\/","title":{"rendered":"\u00c9TAG\u00c8RES \u00c0 4 NIVEAUX 60X30X125.5CM ''ADRIEN'' <br><br> #6-00900"},"content":{"rendered":"","protected":false},"excerpt":{"rendered":"<p>Product code: 6-00900<\/p>\n<p>DIMENSION: 60x30x125.5 CM<\/p>\n<table width=\"580\">\n<tbody>\n<tr>\n<td class=\"xl67\" height=\"20\">Carton int\u00e9rieur<\/td>\n<td class=\"xl78\">0<\/td>\n<\/tr>\n<tr>\n<td class=\"xl67\" height=\"20\">Carton ma\u00eetre<\/td>\n<td class=\"xl78\">1<\/td>\n<\/tr>\n<tr>\n<td class=\"xl67\" height=\"20\">CUP<\/td>\n<td class=\"xl78\">621139009001<\/td>\n<\/tr>\n<\/tbody>\n<\/table>\n<p>&nbsp; &hellip; <a href=\"https:\/\/www.jessar.ca\/fr\/produit\/4-tier-shelf-rack-wood-color-60x30x125-5cm-adrien-6-00900\/\" class=\"more-link\"><span class=\"more-button\">Buy Now<span class=\"screen-reader-text\">\u00c9TAG\u00c8RES \u00c0 4 NIVEAUX 60X30X125.5CM ''ADRIEN'' <\/p>\n<p> #6-00900<\/span><\/span><\/a><\/p>","protected":false},"featured_media":9154,"template":"","meta":[],"_links":{"self":[{"href":"https:\/\/www.jessar.ca\/fr\/wp-json\/wp\/v2\/product\/9156"}],"collection":[{"href":"https:\/\/www.jessar.ca\/fr\/wp-json\/wp\/v2\/product"}],"about":[{"href":"https:\/\/www.jessar.ca\/fr\/wp-json\/wp\/v2\/types\/product"}],"wp:featuredmedia":[{"embeddable":true,"href":"https:\/\/www.jessar.ca\/fr\/wp-json\/wp\/v2\/media\/9154"}],"wp:attachment":[{"href":"https:\/\/www.jessar.ca\/fr\/wp-json\/wp\/v2\/media?parent=9156"}],"curies":[{"name":"wp","href":"https:\/\/api.w.org\/{rel}","templated":true}]}}