{"id":9548,"date":"2023-04-05T08:51:51","date_gmt":"2023-04-05T12:51:51","guid":{"rendered":"https:\/\/www.jessar.ca\/?post_type=product&#038;p=9548"},"modified":"2023-04-25T09:41:20","modified_gmt":"2023-04-25T13:41:20","slug":"3-panel-fireplace-screen-foldable-york-7-20137","status":"publish","type":"product","link":"https:\/\/www.jessar.ca\/fr\/produit\/3-panel-fireplace-screen-foldable-york-7-20137\/","title":{"rendered":"\u00c9cran \u00e0 3 panneaux pliable pour chemin\u00e9e \u201cyork\u201d <br><br> #7-20137"},"content":{"rendered":"","protected":false},"excerpt":{"rendered":"<p>Code de produit: 7-20137<\/p>\n<p>\u2022 rev\u00eatement noir<\/p>\n<p>DIMENSION:<br \/>\n31&#215;48&#8221;<\/p>\n<table width=\"580\">\n<tbody>\n<tr>\n<td class=\"xl67\" height=\"20\">Carton int\u00e9rieur<\/td>\n<td class=\"xl78\">1<\/td>\n<\/tr>\n<tr>\n<td class=\"xl67\" height=\"20\">Carton ma\u00eetre<\/td>\n<td class=\"xl78\">6<\/td>\n<\/tr>\n<tr>\n<td class=\"xl67\" height=\"20\">CUP<\/td>\n<td class=\"xl78\">621139201375<\/td>\n<\/tr>\n<\/tbody>\n<\/table>\n<p> &hellip; <a href=\"https:\/\/www.jessar.ca\/fr\/produit\/3-panel-fireplace-screen-foldable-york-7-20137\/\" class=\"more-link\"><span class=\"more-button\">Buy Now<span class=\"screen-reader-text\">\u00c9cran \u00e0 3 panneaux pliable pour chemin\u00e9e \u201cyork\u201d <\/p>\n<p> #7-20137<\/span><\/span><\/a><\/p>","protected":false},"featured_media":9549,"template":"","meta":[],"_links":{"self":[{"href":"https:\/\/www.jessar.ca\/fr\/wp-json\/wp\/v2\/product\/9548"}],"collection":[{"href":"https:\/\/www.jessar.ca\/fr\/wp-json\/wp\/v2\/product"}],"about":[{"href":"https:\/\/www.jessar.ca\/fr\/wp-json\/wp\/v2\/types\/product"}],"wp:featuredmedia":[{"embeddable":true,"href":"https:\/\/www.jessar.ca\/fr\/wp-json\/wp\/v2\/media\/9549"}],"wp:attachment":[{"href":"https:\/\/www.jessar.ca\/fr\/wp-json\/wp\/v2\/media?parent=9548"}],"curies":[{"name":"wp","href":"https:\/\/api.w.org\/{rel}","templated":true}]}}