{"id":9929,"date":"2023-07-24T10:29:09","date_gmt":"2023-07-24T14:29:09","guid":{"rendered":"https:\/\/www.jessar.ca\/?post_type=product&#038;p=9929"},"modified":"2025-08-04T10:41:29","modified_gmt":"2025-08-04T14:41:29","slug":"15-pizza-stone-set-pizza-cutter-included-8-00001","status":"publish","type":"product","link":"https:\/\/www.jessar.ca\/fr\/produit\/15-pizza-stone-set-pizza-cutter-included-8-00001\/","title":{"rendered":"ENSEMBLE DE PIERRE \u00c0 PIZZA 15\" AVEC COUPE-PIZZA ET SUPPORT (DESIGN EN RELIEF) <br><br> #8-00001"},"content":{"rendered":"","protected":false},"excerpt":{"rendered":"<p>Code de produit: 8-00001<\/p>\n<table width=\"580\">\n<tbody>\n<tr>\n<td class=\"xl65\" colspan=\"2\" height=\"20\">Id\u00e9al pour les pizzas surgel\u00e9es ou maison, pour un go\u00fbt cuit au four en brique et une cro\u00fbte plus croustillante \u00e0 chaque fois!<\/td>\n<\/tr>\n<tr>\n<td class=\"xl67\" height=\"20\">Carton int\u00e9rieur<\/td>\n<td class=\"xl78\">0<\/td>\n<\/tr>\n<tr>\n<td class=\"xl67\" height=\"20\">Carton ma\u00eetre<\/td>\n<td class=\"xl78\">6<\/td>\n<\/tr>\n<tr>\n<td class=\"xl67\" height=\"20\">CUP<\/td>\n<td class=\"xl78\">621139000015<\/td>\n<\/tr>\n<\/tbody>\n<\/table>\n<p> &hellip; <a href=\"https:\/\/www.jessar.ca\/fr\/produit\/15-pizza-stone-set-pizza-cutter-included-8-00001\/\" class=\"more-link\"><span class=\"more-button\">Buy Now<span class=\"screen-reader-text\">ENSEMBLE DE PIERRE \u00c0 PIZZA 15\" AVEC COUPE-PIZZA ET SUPPORT (DESIGN EN RELIEF) <\/p>\n<p> #8-00001<\/span><\/span><\/a><\/p>","protected":false},"featured_media":9932,"template":"","meta":[],"_links":{"self":[{"href":"https:\/\/www.jessar.ca\/fr\/wp-json\/wp\/v2\/product\/9929"}],"collection":[{"href":"https:\/\/www.jessar.ca\/fr\/wp-json\/wp\/v2\/product"}],"about":[{"href":"https:\/\/www.jessar.ca\/fr\/wp-json\/wp\/v2\/types\/product"}],"wp:featuredmedia":[{"embeddable":true,"href":"https:\/\/www.jessar.ca\/fr\/wp-json\/wp\/v2\/media\/9932"}],"wp:attachment":[{"href":"https:\/\/www.jessar.ca\/fr\/wp-json\/wp\/v2\/media?parent=9929"}],"curies":[{"name":"wp","href":"https:\/\/api.w.org\/{rel}","templated":true}]}}