{"id":9935,"date":"2023-07-12T14:10:34","date_gmt":"2023-07-12T18:10:34","guid":{"rendered":"https:\/\/www.jessar.ca\/?post_type=product&#038;p=9935"},"modified":"2025-05-13T13:29:18","modified_gmt":"2025-05-13T17:29:18","slug":"multi-slicer-3-in-1-8-00002","status":"publish","type":"product","link":"https:\/\/www.jessar.ca\/fr\/produit\/multi-slicer-3-in-1-8-00002\/","title":{"rendered":"MULTI-TRANCHEUSE 3 EN 1 (TRANCHE, D\u00c9CHIQUETE, R\u00c2PE) <br><br> #7-99022"},"content":{"rendered":"","protected":false},"excerpt":{"rendered":"<p>Code de produit: 7-99022<\/p>\n<table width=\"580\">\n<tbody>\n<tr>\n<td class=\"xl65\" colspan=\"2\" height=\"20\">\u2022 Trancheuse pour les l\u00e9gumes, les fruits et le fromage<br \/>\n\u2022 Id\u00e9al pour trancher, d\u00e9chiqueter et r\u00e2per<br \/>\n\u2022 Rendez la pr\u00e9paration des aliments rapide et facile<br \/>\n\u2022 Un essentiel de la cuisine<\/td>\n<\/tr>\n<tr>\n<td class=\"xl67\" height=\"20\">Carton int\u00e9rieur<\/td>\n<td class=\"xl78\">0<\/td>\n<\/tr>\n<tr>\n<td class=\"xl67\" height=\"20\">Carton ma\u00eetre<\/td>\n<td class=\"xl78\">12<\/td>\n<\/tr>\n<tr>\n<td class=\"xl67\" height=\"20\">CUP<\/td>\n<td class=\"xl78\">621139990224<\/td>\n<\/tr>\n<\/tbody>\n<\/table>\n<p> &hellip; <a href=\"https:\/\/www.jessar.ca\/fr\/produit\/multi-slicer-3-in-1-8-00002\/\" class=\"more-link\"><span class=\"more-button\">Buy Now<span class=\"screen-reader-text\">MULTI-TRANCHEUSE 3 EN 1 (TRANCHE, D\u00c9CHIQUETE, R\u00c2PE) <\/p>\n<p> #7-99022<\/span><\/span><\/a><\/p>","protected":false},"featured_media":9938,"template":"","meta":[],"_links":{"self":[{"href":"https:\/\/www.jessar.ca\/fr\/wp-json\/wp\/v2\/product\/9935"}],"collection":[{"href":"https:\/\/www.jessar.ca\/fr\/wp-json\/wp\/v2\/product"}],"about":[{"href":"https:\/\/www.jessar.ca\/fr\/wp-json\/wp\/v2\/types\/product"}],"wp:featuredmedia":[{"embeddable":true,"href":"https:\/\/www.jessar.ca\/fr\/wp-json\/wp\/v2\/media\/9938"}],"wp:attachment":[{"href":"https:\/\/www.jessar.ca\/fr\/wp-json\/wp\/v2\/media?parent=9935"}],"curies":[{"name":"wp","href":"https:\/\/api.w.org\/{rel}","templated":true}]}}