{"id":9942,"date":"2023-06-05T14:23:07","date_gmt":"2023-06-05T18:23:07","guid":{"rendered":"https:\/\/www.jessar.ca\/?post_type=product&#038;p=9942"},"modified":"2025-05-13T13:19:30","modified_gmt":"2025-05-13T17:19:30","slug":"16-in-1-multi-vegetable-cutter-8-00003-copy","status":"publish","type":"product","link":"https:\/\/www.jessar.ca\/fr\/produit\/16-in-1-multi-vegetable-cutter-8-00003-copy\/","title":{"rendered":"MACHINE \u00c0 P\u00c2TES - ROUGE <br><br> #7-99027"},"content":{"rendered":"","protected":false},"excerpt":{"rendered":"<p>Code de produit: 7-99027<\/p>\n<table width=\"580\">\n<tbody>\n<tr>\n<td class=\"xl65\" colspan=\"2\" height=\"20\">\u2022 Machine \u00e0 p\u00e2tes en acier inoxydable<br \/>\n\u2022 Id\u00e9al pour les lasagnes, les fettuccines, les linguines, les tagliolini et plus!<br \/>\n\u2022 Produit de la p\u00e2te de di\u00e9rentes \u00e9paisseurs (0,5 \u00e0 3 mm) et largeurs.<br \/>\n\u2022 Avec 2 rouleaux de coupe ajustables.<\/td>\n<\/tr>\n<tr>\n<td class=\"xl67\" height=\"20\">Carton int\u00e9rieur<\/td>\n<td class=\"xl78\">0<\/td>\n<\/tr>\n<tr>\n<td class=\"xl67\" height=\"20\">Carton ma\u00eetre<\/td>\n<td class=\"xl78\">6<\/td>\n<\/tr>\n<tr>\n<td class=\"xl67\" height=\"20\">CUP<\/td>\n<td class=\"xl78\">621139990279<\/td>\n<\/tr>\n<\/tbody>\n<\/table>\n<p> &hellip; <a href=\"https:\/\/www.jessar.ca\/fr\/produit\/16-in-1-multi-vegetable-cutter-8-00003-copy\/\" class=\"more-link\"><span class=\"more-button\">Buy Now<span class=\"screen-reader-text\">MACHINE \u00c0 P\u00c2TES - ROUGE <\/p>\n<p> #7-99027<\/span><\/span><\/a><\/p>","protected":false},"featured_media":9965,"template":"","meta":[],"_links":{"self":[{"href":"https:\/\/www.jessar.ca\/fr\/wp-json\/wp\/v2\/product\/9942"}],"collection":[{"href":"https:\/\/www.jessar.ca\/fr\/wp-json\/wp\/v2\/product"}],"about":[{"href":"https:\/\/www.jessar.ca\/fr\/wp-json\/wp\/v2\/types\/product"}],"wp:featuredmedia":[{"embeddable":true,"href":"https:\/\/www.jessar.ca\/fr\/wp-json\/wp\/v2\/media\/9965"}],"wp:attachment":[{"href":"https:\/\/www.jessar.ca\/fr\/wp-json\/wp\/v2\/media?parent=9942"}],"curies":[{"name":"wp","href":"https:\/\/api.w.org\/{rel}","templated":true}]}}