{"id":9963,"date":"2023-07-05T14:58:29","date_gmt":"2023-07-05T18:58:29","guid":{"rendered":"https:\/\/www.jessar.ca\/?post_type=product&#038;p=9963"},"modified":"2024-04-30T13:50:10","modified_gmt":"2024-04-30T17:50:10","slug":"retractable-ceiling-fan-42-black-brown-4-80334","status":"publish","type":"product","link":"https:\/\/www.jessar.ca\/fr\/produit\/retractable-ceiling-fan-42-black-brown-4-80334\/","title":{"rendered":"VENTILATEUR \u00c0 H\u00c9LICE R\u00c9TRACTABLE 42\" \/ NOIR ET BRUN <br><br> #4-80334"},"content":{"rendered":"","protected":false},"excerpt":{"rendered":"<div class=\"row-fluid\" style=\"font-size: 1rem;\">\n<div class=\"row-fluid\">\n<p>Code de produit: 4-80334<\/p>\n<div class=\"row-fluid\">\n<div class=\"row-fluid\">\n<div class=\"row-fluid\">\n<div class=\"row-fluid\">\n<div class=\"row-fluid\">\n<div class=\"row-fluid\">\n<div class=\"row-fluid\">\n<div class=\"row-fluid\">\n<div class=\"row-fluid\">\n<div class=\"row-fluid\">\n<div class=\"row-fluid\">\n<div class=\"row-fluid\">\n<div class=\"row-fluid\">\n<div class=\"row-fluid\">\n<div class=\"row-fluid\">\n<div class=\"row-fluid\">\n<div class=\"row-fluid\">\n<div class=\"row-fluid\">\n<div class=\"row-fluid\">\n<div class=\"row-fluid\">\n<div class=\"row-fluid\">\n<div class=\"row-fluid\">\n<div class=\"row-fluid\">\n<div class=\"row-fluid\">\n<div class=\"row-fluid\">\n<div class=\"row-fluid\">\n<div class=\"row-fluid\">\n<div class=\"row-fluid\">\n<div class=\"row-fluid\">\n<div class=\"row-fluid\">\n<div class=\"row-fluid\">\n<div class=\"widget\" data-type=\"view\" data-index=\"1\">\n<div class=\"product-detail clearfix row-fluid\">\n<div class=\"row-fluid\">\n<div class=\"span8\">\n<div class=\"row-fluid\">\n<div class=\"row-fluid\">\n<div class=\"row-fluid\">\n<div class=\"row-fluid\">\n<div class=\"row-fluid\">\n<div class=\"row-fluid\">\n<div class=\"row-fluid\">\n<div class=\"row-fluid\">\n<div class=\"row-fluid\">\n<div class=\"row-fluid\">\n<div class=\"row-fluid\">\n<div class=\"row-fluid\">\n<div class=\"row-fluid\">\n<div class=\"row-fluid\">\n<div class=\"row-fluid\">\n<div class=\"row-fluid\">\n<div class=\"row-fluid\">\n<div class=\"row-fluid\">\n<div class=\"row-fluid\">\n<div class=\"row-fluid\">\n<div class=\"row-fluid\">\n<div class=\"row-fluid\">\n<div class=\"row-fluid\">\n<div class=\"row-fluid\">\n<div class=\"row-fluid\">\n<div class=\"row-fluid\">\n<div class=\"row-fluid\">\n<div class=\"row-fluid\">\n<div class=\"row-fluid\">\n<div class=\"row-fluid\">\n<div class=\"row-fluid\">\n<div class=\"row-fluid\">\n<div class=\"row-fluid\">\n<div class=\"row-fluid\">\n<div class=\"row-fluid\">\n<div class=\"row-fluid\">\n<div class=\"row-fluid\">\n<div class=\"row-fluid\">\n<div class=\"row-fluid\">\n<div class=\"row-fluid\">\n<div class=\"row-fluid\">\n<div class=\"row-fluid\">\n<div class=\"row-fluid\">\n<div class=\"row-fluid\">\n<div class=\"row-fluid\">\n<div class=\"row-fluid\">\n<div class=\"row-fluid\">\n<div class=\"row-fluid\">\n<div class=\"row-fluid\">\n<div class=\"row-fluid\">\n<div class=\"row-fluid\">\n<div class=\"row-fluid\">\n<div class=\"row-fluid\">\n<div class=\"row-fluid\">\n<div class=\"row-fluid\">\n<div class=\"row-fluid\">\n<div class=\"row-fluid\">\n<div class=\"row-fluid\">\n<div class=\"row-fluid\">\n<div class=\"row-fluid\">\n<div class=\"row-fluid\">\n<div class=\"row-fluid\">\n<div class=\"row-fluid\">\n<div class=\"row-fluid\">\n<div class=\"row-fluid\">\n<div class=\"row-fluid\">\n<div class=\"row-fluid\">\n<div class=\"row-fluid\">\n<div class=\"row-fluid\">\n<div class=\"row-fluid\">\n<div class=\"row-fluid\">\n<div class=\"row-fluid\">\n<div class=\"row-fluid\">\n<div class=\"row-fluid\">\n<div class=\"row-fluid\">\n<div class=\"row-fluid\">\n<div class=\"row-fluid\">\n<div class=\"row-fluid\">\n<div class=\"row-fluid\">\n<div class=\"row-fluid\">\n<div class=\"row-fluid\">\n<div class=\"row-fluid\">\n<div class=\"row-fluid\">\n<div class=\"row-fluid\">\n<div class=\"row-fluid\">\n<div class=\"row-fluid\">\n<div class=\"row-fluid\">\n<div class=\"row-fluid\">\n<div class=\"row-fluid\">\n<div class=\"row-fluid\">\n<div class=\"row-fluid\">\n<div class=\"row-fluid\">\n<div class=\"row-fluid\">\n<div class=\"row-fluid\">\n<div class=\"row-fluid\">\n<div class=\"row-fluid\">\n<div class=\"row-fluid\">\n<div class=\"row-fluid\">\n<div class=\"row-fluid\">\n<div class=\"row-fluid\">\n<div class=\"row-fluid\">\n<div class=\"row-fluid\">\n<div class=\"row-fluid\">\n<div class=\"row-fluid\">\n<div class=\"row-fluid\">\n<div class=\"row-fluid\">\n<div class=\"row-fluid\">\n<div class=\"row-fluid\">\n<div class=\"row-fluid\">\n<div class=\"row-fluid\">\n<div class=\"row-fluid\">\n<div class=\"row-fluid\">\n<div class=\"row-fluid\">\n<div class=\"row-fluid\">\n<div class=\"row-fluid\">\n<div class=\"row-fluid\">\n<div class=\"row-fluid\">\n<div class=\"row-fluid\">\n<div class=\"row-fluid\">\n<div class=\"row-fluid\">\n<div class=\"row-fluid\">\n<div class=\"row-fluid\">\n<div class=\"row-fluid\">\n<div class=\"row-fluid\">\n<div class=\"row-fluid\">\n<div class=\"row-fluid\">\n<div class=\"row-fluid\">\n<div class=\"row-fluid\">\n<div class=\"row-fluid\">\n<div class=\"row-fluid\">\n<div class=\"row-fluid\">\n<div class=\"row-fluid\">\n<div class=\"row-fluid\">\n<div class=\"row-fluid\">\n<div class=\"row-fluid\">\n<div class=\"row-fluid\">\n<div class=\"row-fluid\">\n<div class=\"row-fluid\">\n<div class=\"row-fluid\">\n<div class=\"row-fluid\">\n<div class=\"row-fluid\">\n<div class=\"row-fluid\">\n<div class=\"row-fluid\">\n<div class=\"row-fluid\">\n<div class=\"row-fluid\">\n<div class=\"row-fluid\">\n<div class=\"row-fluid\">\n<div class=\"row-fluid\">\n<div class=\"row-fluid\">\n<div class=\"row-fluid\">\n<div class=\"row-fluid\">\n<div class=\"row-fluid\">\n<table border=\"0\" cellspacing=\"0\" cellpadding=\"0\">\n<tbody>\n<tr>\n<td class=\"xl65\" width=\"166\" height=\"20\">Type<\/td>\n<td class=\"xl66\" width=\"414\">Ventilateur \u00e0 h\u00e9lice r\u00e9tractable 42\"<\/td>\n<\/tr>\n<tr>\n<td class=\"xl65\" height=\"20\">Exigences d'ampoule<\/td>\n<td class=\"xl66\">3 x Culot E26, 40W max (vendu s\u00e9par\u00e9ment)<\/td>\n<\/tr>\n<tr>\n<td class=\"xl65\" height=\"20\">Graduelle<\/td>\n<td>Non<\/td>\n<\/tr>\n<tr>\n<td class=\"xl65\" height=\"20\">Couleur<\/td>\n<td class=\"xl66\">Black &amp; Brown<\/td>\n<\/tr>\n<tr>\n<td class=\"xl65\" height=\"20\">Dimensions<\/td>\n<td class=\"xl66\">L:107.0 cm (42.0\u201d)\u00a0 \u00a0 \u00a0H: 49.5 cm (19.5\u201d)<\/td>\n<\/tr>\n<tr>\n<td class=\"xl65\" colspan=\"2\" height=\"20\">\u2022 Moteur silencieux &lt; 45dB<br \/>\n\u2022 6 vitesses de vent ajustables<br \/>\n\u2022 R\u00e9glage du temps jusqu'\u00e0 8 heures<br \/>\n\u2022 Fonction avant et arri\u00e8re pour souffler de l'air frais ou chaud<br \/>\n(fonction hiver et \u00e9t\u00e9)<br \/>\n\u2022 Lames r\u00e9tractables<br \/>\n\u2022 T\u00e9l\u00e9commande (piles incluses)<br \/>\n\u2022 Moteur: 25W \/ 120V \/ 60Hz<br \/>\n\u2022 Taille de la pi\u00e8ce: 10x10 pi \/ 13x13 pi<br \/>\n\u2022 Flux d\u2019air: 5697 PCM \u00e0 vitesse maximale<\/td>\n<\/tr>\n<tr>\n<td class=\"xl65\" height=\"20\">Carton int\u00e9rieur<\/td>\n<td class=\"xl66\">0<\/td>\n<\/tr>\n<tr>\n<td class=\"xl65\" height=\"20\">Carton ma\u00eetre<\/td>\n<td class=\"xl66\">0<\/td>\n<\/tr>\n<tr>\n<td class=\"xl65\" height=\"20\">CUP<\/td>\n<td class=\"xl67\">621139803340<\/td>\n<\/tr>\n<tr>\n<td class=\"xl65\" height=\"20\">Certification<\/td>\n<td class=\"xl66\"><img loading=\"lazy\" class=\"alignnone wp-image-7207\" src=\"https:\/\/www.jessar.ca\/wp-content\/uploads\/ETL-LOGO-300x228.jpg\" alt=\"\" width=\"48\" height=\"37\" srcset=\"https:\/\/www.jessar.ca\/wp-content\/uploads\/ETL-LOGO-300x228.jpg 300w, https:\/\/www.jessar.ca\/wp-content\/uploads\/ETL-LOGO-768x584.jpg 768w, https:\/\/www.jessar.ca\/wp-content\/uploads\/ETL-LOGO-16x12.jpg 16w, https:\/\/www.jessar.ca\/wp-content\/uploads\/ETL-LOGO-730x547.jpg 730w, https:\/\/www.jessar.ca\/wp-content\/uploads\/ETL-LOGO-800x609.jpg 800w, https:\/\/www.jessar.ca\/wp-content\/uploads\/ETL-LOGO.jpg 878w\" sizes=\"(max-width: 48px) 100vw, 48px\" \/><\/td>\n<\/tr>\n<tr>\n<td class=\"xl65\" height=\"20\">Feuille d'instruction<\/td>\n<td class=\"xl66\"><a href=\"https:\/\/www.jessar.ca\/wp-content\/uploads\/4-80334_instruction-sheet-web-NEW.pdf\" target=\"_blank\" rel=\"noopener noreferrer\">4-80334<\/a><\/td>\n<\/tr>\n<\/tbody>\n<\/table>\n[video width=\"852\" height=\"480\" mp4=\"https:\/\/www.jessar.ca\/wp-content\/uploads\/4-80334-video-WEB.mp4\"][\/video]\n<\/div>\n<\/div>\n<\/div>\n<\/div>\n<\/div>\n<\/div>\n<\/div>\n<\/div>\n<\/div>\n<\/div>\n<\/div>\n<\/div>\n<\/div>\n<\/div>\n<\/div>\n<\/div>\n<\/div>\n<\/div>\n<\/div>\n<\/div>\n<\/div>\n<\/div>\n<\/div>\n<\/div>\n<\/div>\n<\/div>\n<\/div>\n<\/div>\n<\/div>\n<\/div>\n<\/div>\n<\/div>\n<\/div>\n<\/div>\n<\/div>\n<\/div>\n<\/div>\n<\/div>\n<\/div>\n<\/div>\n<\/div>\n<\/div>\n<\/div>\n<\/div>\n<\/div>\n<\/div>\n<\/div>\n<\/div>\n<\/div>\n<\/div>\n<\/div>\n<\/div>\n<\/div>\n<\/div>\n<\/div>\n<\/div>\n<\/div>\n<\/div>\n<\/div>\n<\/div>\n<\/div>\n<\/div>\n<\/div>\n<\/div>\n<\/div>\n<\/div>\n<\/div>\n<\/div>\n<\/div>\n<\/div>\n<\/div>\n<\/div>\n<\/div>\n<\/div>\n<\/div>\n<\/div>\n<\/div>\n<\/div>\n<\/div>\n<\/div>\n<\/div>\n<\/div>\n<\/div>\n<\/div>\n<\/div>\n<\/div>\n<\/div>\n<\/div>\n<\/div>\n<\/div>\n<\/div>\n<\/div>\n<\/div>\n<\/div>\n<\/div>\n<\/div>\n<\/div>\n<\/div>\n<\/div>\n<\/div>\n<\/div>\n<\/div>\n<\/div>\n<\/div>\n<\/div>\n<\/div>\n<\/div>\n<\/div>\n<\/div>\n<\/div>\n<\/div>\n<\/div>\n<\/div>\n<\/div>\n<\/div>\n<\/div>\n<\/div>\n<\/div>\n<\/div>\n<\/div>\n<\/div>\n<\/div>\n<\/div>\n<\/div>\n<\/div>\n<\/div>\n<\/div>\n<\/div>\n<\/div>\n<\/div>\n<\/div>\n<\/div>\n<\/div>\n<\/div>\n<\/div>\n<\/div>\n<\/div>\n<\/div>\n<\/div>\n<\/div>\n<\/div>\n<\/div>\n<\/div>\n<\/div>\n<\/div>\n<\/div>\n<\/div>\n<\/div>\n<\/div>\n<\/div>\n<\/div>\n<\/div>\n<\/div>\n<\/div>\n<\/div>\n<\/div>\n<\/div>\n<\/div>\n<\/div>\n<\/div>\n<\/div>\n<\/div>\n<\/div>\n<\/div>\n<\/div>\n<\/div>\n<\/div>\n<\/div>\n<\/div>\n<\/div>\n<\/div>\n<\/div>\n<\/div>\n<\/div>\n<\/div>\n<\/div>\n<\/div>\n<\/div>\n<\/div>\n<\/div>\n<\/div>\n<\/div>\n<\/div>\n<\/div>\n<\/div>\n<\/div>\n<\/div>\n<\/div>\n<\/div>\n<p> &hellip; <a href=\"https:\/\/www.jessar.ca\/fr\/produit\/retractable-ceiling-fan-42-black-brown-4-80334\/\" class=\"more-link\"><span class=\"more-button\">Buy Now<span class=\"screen-reader-text\">VENTILATEUR \u00c0 H\u00c9LICE R\u00c9TRACTABLE 42\" \/ NOIR ET BRUN <\/p>\n<p> #4-80334<\/span><\/span><\/a><\/p>","protected":false},"featured_media":9960,"template":"","meta":[],"_links":{"self":[{"href":"https:\/\/www.jessar.ca\/fr\/wp-json\/wp\/v2\/product\/9963"}],"collection":[{"href":"https:\/\/www.jessar.ca\/fr\/wp-json\/wp\/v2\/product"}],"about":[{"href":"https:\/\/www.jessar.ca\/fr\/wp-json\/wp\/v2\/types\/product"}],"wp:featuredmedia":[{"embeddable":true,"href":"https:\/\/www.jessar.ca\/fr\/wp-json\/wp\/v2\/media\/9960"}],"wp:attachment":[{"href":"https:\/\/www.jessar.ca\/fr\/wp-json\/wp\/v2\/media?parent=9963"}],"curies":[{"name":"wp","href":"https:\/\/api.w.org\/{rel}","templated":true}]}}