{"id":9976,"date":"2023-07-12T10:16:11","date_gmt":"2023-07-12T14:16:11","guid":{"rendered":"https:\/\/www.jessar.ca\/?post_type=product&#038;p=9976"},"modified":"2025-05-13T14:00:27","modified_gmt":"2025-05-13T18:00:27","slug":"canister-set-silver-7-99043","status":"publish","type":"product","link":"https:\/\/www.jessar.ca\/fr\/produit\/canister-set-silver-7-99043\/","title":{"rendered":"4 PI\u00c8CES CONTENANTS EN ACIER INOXYDABLE - ARGENT <br><br> #7-99043"},"content":{"rendered":"","protected":false},"excerpt":{"rendered":"<p>Code de produit: 7-99043<\/p>\n<p>Contenants en acier inoxydable avec des fen\u00eatres vitr\u00e9es<br \/>\nParfait pour mettre des p\u00e2tes, des c\u00e9r\u00e9ales, du caf\u00e9, des f\u00e8ves et plus!<\/p>\n<table width=\"580\">\n<tbody>\n<tr>\n<td class=\"xl67\" height=\"20\">Carton int\u00e9rieur<\/td>\n<td class=\"xl78\">0<\/td>\n<\/tr>\n<tr>\n<td class=\"xl67\" height=\"20\">Carton ma\u00eetre<\/td>\n<td class=\"xl78\">4<\/td>\n<\/tr>\n<tr>\n<td class=\"xl67\" height=\"20\">Dimensions<\/td>\n<td class=\"xl78\">Petit: 0.8 L (27 oz)<br \/>\n\u00d8:4.25&#8243; x H: 4.75&#8243;<br \/>\n(11cm x 12cm)Medium: 1.2 L (40.5oz)<br \/>\n\u00d8:4.25&#8243; x H:6.75&#8243;<br \/>\n(11cm x 17cm)<\/p>\n<p>Large: 1.6 L (54 oz)<br \/>\n\u00d8:4.25&#8243; x H: 8.75&#8243;<br \/>\n(11cm x 22cm)<\/p>\n<p>Extra-large: 2 L (68 oz)<br \/>\n\u00d8:4.25&#8243; x H: 10.5&#8243;<br \/>\n(11cm x 27cm)<\/td>\n<\/tr>\n<tr>\n<td class=\"xl67\" height=\"20\">CUP<\/td>\n<td class=\"xl78\">621139990439<\/td>\n<\/tr>\n<\/tbody>\n<\/table>\n<p> &hellip; <a href=\"https:\/\/www.jessar.ca\/fr\/produit\/canister-set-silver-7-99043\/\" class=\"more-link\"><span class=\"more-button\">Buy Now<span class=\"screen-reader-text\">4 PI\u00c8CES CONTENANTS EN ACIER INOXYDABLE - ARGENT <\/p>\n<p> #7-99043<\/span><\/span><\/a><\/p>","protected":false},"featured_media":9979,"template":"","meta":[],"_links":{"self":[{"href":"https:\/\/www.jessar.ca\/fr\/wp-json\/wp\/v2\/product\/9976"}],"collection":[{"href":"https:\/\/www.jessar.ca\/fr\/wp-json\/wp\/v2\/product"}],"about":[{"href":"https:\/\/www.jessar.ca\/fr\/wp-json\/wp\/v2\/types\/product"}],"wp:featuredmedia":[{"embeddable":true,"href":"https:\/\/www.jessar.ca\/fr\/wp-json\/wp\/v2\/media\/9979"}],"wp:attachment":[{"href":"https:\/\/www.jessar.ca\/fr\/wp-json\/wp\/v2\/media?parent=9976"}],"curies":[{"name":"wp","href":"https:\/\/api.w.org\/{rel}","templated":true}]}}